{"id":55349,"date":"2025-08-28T19:38:44","date_gmt":"2025-08-28T22:38:44","guid":{"rendered":"https:\/\/rms-enlinea.com.ar\/tienda\/producto\/kit-teclado-y-mouse-logitech-mk120-usb-cableado-oficina\/"},"modified":"2026-04-02T16:43:38","modified_gmt":"2026-04-02T19:43:38","slug":"kit-teclado-y-mouse-logitech-mk120-usb-cableado-oficina","status":"publish","type":"product","link":"https:\/\/rms-enlinea.com.ar\/tienda\/producto\/kit-teclado-y-mouse-logitech-mk120-usb-cableado-oficina\/","title":{"rendered":"Kit Teclado Y Mouse Logitech Mk120 Usb Cableado Oficina"},"content":{"rendered":"<p>DIMENSIONES<br \/>Teclado<\/p>\n<p>Altura: 155 mm<br \/>Ancho: 450 mm<br \/>Profundidad: 23,5 mm<br \/>Peso: 550 g<br \/>Longitud del cable: 150 cm<br \/>Mouse<\/p>\n<p>Altura: 113 mm<br \/>Ancho: 62 mm<br \/>Profundidad: 38 mm<br \/>Peso: 90 g<br \/>Longitud del cable: 180 cm<br \/>REQUISITOS DEL SISTEMA<br \/>Windows\u00ae 7, 8, 10 o posterior<\/p>\n<p>Dos puertos USB disponibles<\/p>\n<p>ESPECIFICACIONES T\u00c9CNICAS<br \/>Teclado<\/p>\n<p>Dise\u00f1o resistente a salpicaduras <br \/>Altura de teclado ajustable<br \/>Teclado num\u00e9rico con 10 teclas<br \/>Indicador luminoso de bloqueo de may\u00fasculas<br \/>Indicador luminoso de bloqueo num\u00e9rico<br \/>Hasta 10 millones de pulsaciones (excepto la tecla de bloqueo num\u00e9rico)<br \/>Tipo de teclas: Teclas c\u00f3ncavas<br \/>Mouse<\/p>\n<p>Tecnolog\u00eda de sensor: Seguimiento \u00f3ptico<br \/>N\u00famero de botones: 3 (click izquierdo\/derecho, click de bot\u00f3n central)<br \/>Desplazamiento: l\u00ednea a l\u00ednea<br \/>Rueda de desplazamiento: S\u00ed, \u00f3ptica<br \/>Sostenibilidad<\/p>\n<p>Pl\u00e1stico del mouse: 72% de material reciclado posconsumo <br \/>Pl\u00e1stico del teclado: 54% de material reciclado posconsumo<\/p>\n","protected":false},"excerpt":{"rendered":"<p>DIMENSIONESTeclado Altura: 155 mmAncho: 450 mmProfundidad: 23,5 mmPeso: 550 gLongitud del cable: 150 cmMouse Altura: 113 mmAncho: 62 mmProfundidad: 38 mmPeso: 90 gLongitud del cable: 180 cmREQUISITOS DEL SISTEMAWindows\u00ae 7, 8, 10 o posterior Dos puertos USB disponibles ESPECIFICACIONES T\u00c9CNICASTeclado Dise\u00f1o resistente a salpicaduras Altura de teclado ajustableTeclado num\u00e9rico con 10 teclasIndicador luminoso de bloqueo [&hellip;]<\/p>\n","protected":false},"featured_media":21088,"comment_status":"open","ping_status":"closed","template":"","meta":{"_uag_custom_page_level_css":""},"product_brand":[549],"product_cat":[125],"product_tag":[],"class_list":{"0":"post-55349","1":"product","2":"type-product","3":"status-publish","4":"has-post-thumbnail","6":"product_brand-logitech","7":"product_cat-teclados-y-mouses","9":"first","10":"instock","11":"sale","12":"taxable","13":"shipping-taxable","14":"purchasable","15":"product-type-simple"},"uagb_featured_image_src":{"full":["https:\/\/rms-enlinea.com.ar\/wp-content\/uploads\/2025\/06\/D_705943-MLU74244416739_012024-F.jpg",1182,414,false],"thumbnail":["https:\/\/rms-enlinea.com.ar\/wp-content\/uploads\/2025\/06\/D_705943-MLU74244416739_012024-F-150x150.jpg",150,150,true],"medium":["https:\/\/rms-enlinea.com.ar\/wp-content\/uploads\/2025\/06\/D_705943-MLU74244416739_012024-F-300x105.jpg",300,105,true],"medium_large":["https:\/\/rms-enlinea.com.ar\/wp-content\/uploads\/2025\/06\/D_705943-MLU74244416739_012024-F-768x269.jpg",768,269,true],"large":["https:\/\/rms-enlinea.com.ar\/wp-content\/uploads\/2025\/06\/D_705943-MLU74244416739_012024-F-1024x359.jpg",1024,359,true],"1536x1536":["https:\/\/rms-enlinea.com.ar\/wp-content\/uploads\/2025\/06\/D_705943-MLU74244416739_012024-F.jpg",1182,414,false],"2048x2048":["https:\/\/rms-enlinea.com.ar\/wp-content\/uploads\/2025\/06\/D_705943-MLU74244416739_012024-F.jpg",1182,414,false],"woocommerce_thumbnail":["https:\/\/rms-enlinea.com.ar\/wp-content\/uploads\/2025\/06\/D_705943-MLU74244416739_012024-F-450x414.jpg",450,414,true],"woocommerce_single":["https:\/\/rms-enlinea.com.ar\/wp-content\/uploads\/2025\/06\/D_705943-MLU74244416739_012024-F-600x210.jpg",600,210,true],"woocommerce_gallery_thumbnail":["https:\/\/rms-enlinea.com.ar\/wp-content\/uploads\/2025\/06\/D_705943-MLU74244416739_012024-F-100x100.jpg",100,100,true]},"uagb_author_info":{"display_name":"mario","author_link":"https:\/\/rms-enlinea.com.ar\/tienda\/author\/"},"uagb_comment_info":0,"uagb_excerpt":"DIMENSIONESTeclado Altura: 155 mmAncho: 450 mmProfundidad: 23,5 mmPeso: 550 gLongitud del cable: 150 cmMouse Altura: 113 mmAncho: 62 mmProfundidad: 38 mmPeso: 90 gLongitud del cable: 180 cmREQUISITOS DEL SISTEMAWindows\u00ae 7, 8, 10 o posterior Dos puertos USB disponibles ESPECIFICACIONES T\u00c9CNICASTeclado Dise\u00f1o resistente a salpicaduras Altura de teclado ajustableTeclado num\u00e9rico con 10 teclasIndicador luminoso de bloqueo&hellip;","_links":{"self":[{"href":"https:\/\/rms-enlinea.com.ar\/tienda\/wp-json\/wp\/v2\/product\/55349","targetHints":{"allow":["GET"]}}],"collection":[{"href":"https:\/\/rms-enlinea.com.ar\/tienda\/wp-json\/wp\/v2\/product"}],"about":[{"href":"https:\/\/rms-enlinea.com.ar\/tienda\/wp-json\/wp\/v2\/types\/product"}],"replies":[{"embeddable":true,"href":"https:\/\/rms-enlinea.com.ar\/tienda\/wp-json\/wp\/v2\/comments?post=55349"}],"wp:featuredmedia":[{"embeddable":true,"href":"https:\/\/rms-enlinea.com.ar\/tienda\/wp-json\/wp\/v2\/media\/21088"}],"wp:attachment":[{"href":"https:\/\/rms-enlinea.com.ar\/tienda\/wp-json\/wp\/v2\/media?parent=55349"}],"wp:term":[{"taxonomy":"product_brand","embeddable":true,"href":"https:\/\/rms-enlinea.com.ar\/tienda\/wp-json\/wp\/v2\/product_brand?post=55349"},{"taxonomy":"product_cat","embeddable":true,"href":"https:\/\/rms-enlinea.com.ar\/tienda\/wp-json\/wp\/v2\/product_cat?post=55349"},{"taxonomy":"product_tag","embeddable":true,"href":"https:\/\/rms-enlinea.com.ar\/tienda\/wp-json\/wp\/v2\/product_tag?post=55349"}],"curies":[{"name":"wp","href":"https:\/\/api.w.org\/{rel}","templated":true}]}}