{"id":55357,"date":"2025-08-28T19:43:26","date_gmt":"2025-08-28T22:43:26","guid":{"rendered":"https:\/\/rms-enlinea.com.ar\/tienda\/producto\/mouse-usb-genius-logitech-silent-blue-azul-1000dpi\/"},"modified":"2026-04-06T11:21:28","modified_gmt":"2026-04-06T14:21:28","slug":"mouse-usb-genius-logitech-silent-blue-azul-1000dpi","status":"publish","type":"product","link":"https:\/\/rms-enlinea.com.ar\/tienda\/producto\/mouse-usb-genius-logitech-silent-blue-azul-1000dpi\/","title":{"rendered":"Mouse Usb Genius Logitech Silent Blue Azul 1000dpi"},"content":{"rendered":"<p>DIMENSIONES MOUSE<br \/>Altura: 112,96 mm    <\/p>\n<p>Ancho: 61,7 mm    <\/p>\n<p>Profundidad: 38.4 mm    <\/p>\n<p>Peso (con bater\u00edas): 85 g    <\/p>\n<p>CABLE<br \/>Longitud del cable: 180 cm   <\/p>\n<p>ESPECIFICACIONES T\u00c9CNICAS    <br \/>Tecnolog\u00eda de sensor<br \/>Seguimiento \u00f3ptico    <\/p>\n<p>DPI (m\u00edn.\/m\u00e1x.): 1000\u00b1    <\/p>\n<p>BOTONES<br \/>N\u00famero de botones: 3 (click izquierdo\/derecho, click de bot\u00f3n central)<\/p>\n<p>DESPLAZAMIENTO<br \/>Desplazamiento l\u00ednea por l\u00ednea   <\/p>\n<p>Rueda de desplazamiento: S\u00ed, \u00f3ptica<\/p>\n","protected":false},"excerpt":{"rendered":"<p>DIMENSIONES MOUSEAltura: 112,96 mm Ancho: 61,7 mm Profundidad: 38.4 mm Peso (con bater\u00edas): 85 g CABLELongitud del cable: 180 cm ESPECIFICACIONES T\u00c9CNICAS Tecnolog\u00eda de sensorSeguimiento \u00f3ptico DPI (m\u00edn.\/m\u00e1x.): 1000\u00b1 BOTONESN\u00famero de botones: 3 (click izquierdo\/derecho, click de bot\u00f3n central) DESPLAZAMIENTODesplazamiento l\u00ednea por l\u00ednea Rueda de desplazamiento: S\u00ed, \u00f3ptica<\/p>\n","protected":false},"featured_media":5776,"comment_status":"open","ping_status":"closed","template":"","meta":{"_uag_custom_page_level_css":""},"product_brand":[549],"product_cat":[125],"product_tag":[],"class_list":{"0":"post-55357","1":"product","2":"type-product","3":"status-publish","4":"has-post-thumbnail","6":"product_brand-logitech","7":"product_cat-teclados-y-mouses","9":"first","10":"outofstock","11":"sale","12":"taxable","13":"shipping-taxable","14":"purchasable","15":"product-type-simple"},"uagb_featured_image_src":{"full":["https:\/\/rms-enlinea.com.ar\/wp-content\/uploads\/2025\/06\/D_869979-MLA78969279257_092024-F.jpg",646,1200,false],"thumbnail":["https:\/\/rms-enlinea.com.ar\/wp-content\/uploads\/2025\/06\/D_869979-MLA78969279257_092024-F-150x150.jpg",150,150,true],"medium":["https:\/\/rms-enlinea.com.ar\/wp-content\/uploads\/2025\/06\/D_869979-MLA78969279257_092024-F-162x300.jpg",162,300,true],"medium_large":["https:\/\/rms-enlinea.com.ar\/wp-content\/uploads\/2025\/06\/D_869979-MLA78969279257_092024-F.jpg",646,1200,false],"large":["https:\/\/rms-enlinea.com.ar\/wp-content\/uploads\/2025\/06\/D_869979-MLA78969279257_092024-F-551x1024.jpg",551,1024,true],"1536x1536":["https:\/\/rms-enlinea.com.ar\/wp-content\/uploads\/2025\/06\/D_869979-MLA78969279257_092024-F.jpg",646,1200,false],"2048x2048":["https:\/\/rms-enlinea.com.ar\/wp-content\/uploads\/2025\/06\/D_869979-MLA78969279257_092024-F.jpg",646,1200,false],"woocommerce_thumbnail":["https:\/\/rms-enlinea.com.ar\/wp-content\/uploads\/2025\/06\/D_869979-MLA78969279257_092024-F-450x450.jpg",450,450,true],"woocommerce_single":["https:\/\/rms-enlinea.com.ar\/wp-content\/uploads\/2025\/06\/D_869979-MLA78969279257_092024-F-600x1115.jpg",600,1115,true],"woocommerce_gallery_thumbnail":["https:\/\/rms-enlinea.com.ar\/wp-content\/uploads\/2025\/06\/D_869979-MLA78969279257_092024-F-100x100.jpg",100,100,true]},"uagb_author_info":{"display_name":"mario","author_link":"https:\/\/rms-enlinea.com.ar\/tienda\/author\/"},"uagb_comment_info":0,"uagb_excerpt":"DIMENSIONES MOUSEAltura: 112,96 mm Ancho: 61,7 mm Profundidad: 38.4 mm Peso (con bater\u00edas): 85 g CABLELongitud del cable: 180 cm ESPECIFICACIONES T\u00c9CNICAS Tecnolog\u00eda de sensorSeguimiento \u00f3ptico DPI (m\u00edn.\/m\u00e1x.): 1000\u00b1 BOTONESN\u00famero de botones: 3 (click izquierdo\/derecho, click de bot\u00f3n central) DESPLAZAMIENTODesplazamiento l\u00ednea por l\u00ednea Rueda de desplazamiento: S\u00ed, \u00f3ptica","_links":{"self":[{"href":"https:\/\/rms-enlinea.com.ar\/tienda\/wp-json\/wp\/v2\/product\/55357","targetHints":{"allow":["GET"]}}],"collection":[{"href":"https:\/\/rms-enlinea.com.ar\/tienda\/wp-json\/wp\/v2\/product"}],"about":[{"href":"https:\/\/rms-enlinea.com.ar\/tienda\/wp-json\/wp\/v2\/types\/product"}],"replies":[{"embeddable":true,"href":"https:\/\/rms-enlinea.com.ar\/tienda\/wp-json\/wp\/v2\/comments?post=55357"}],"wp:featuredmedia":[{"embeddable":true,"href":"https:\/\/rms-enlinea.com.ar\/tienda\/wp-json\/wp\/v2\/media\/5776"}],"wp:attachment":[{"href":"https:\/\/rms-enlinea.com.ar\/tienda\/wp-json\/wp\/v2\/media?parent=55357"}],"wp:term":[{"taxonomy":"product_brand","embeddable":true,"href":"https:\/\/rms-enlinea.com.ar\/tienda\/wp-json\/wp\/v2\/product_brand?post=55357"},{"taxonomy":"product_cat","embeddable":true,"href":"https:\/\/rms-enlinea.com.ar\/tienda\/wp-json\/wp\/v2\/product_cat?post=55357"},{"taxonomy":"product_tag","embeddable":true,"href":"https:\/\/rms-enlinea.com.ar\/tienda\/wp-json\/wp\/v2\/product_tag?post=55357"}],"curies":[{"name":"wp","href":"https:\/\/api.w.org\/{rel}","templated":true}]}}