{"id":55362,"date":"2025-08-28T19:44:19","date_gmt":"2025-08-28T22:44:19","guid":{"rendered":"https:\/\/rms-enlinea.com.ar\/tienda\/producto\/microprocesador-amd-ryzen-7-5700x-am4-sin-cooler-sin-video\/"},"modified":"2026-05-04T10:41:53","modified_gmt":"2026-05-04T13:41:53","slug":"microprocesador-amd-ryzen-7-5700x-am4-sin-cooler-sin-video","status":"publish","type":"product","link":"https:\/\/rms-enlinea.com.ar\/tienda\/producto\/microprocesador-amd-ryzen-7-5700x-am4-sin-cooler-sin-video\/","title":{"rendered":"Microprocesador Amd Ryzen 7 5700x Am4 Sin Cooler Sin Video"},"content":{"rendered":"<p>Plataforma Computadora de escritorio<\/p>\n<p>Familia de productos AMD Ryzen\u2122 Processors<\/p>\n<p>L\u00ednea de productos AMD Ryzen\u2122 7 Desktop Processors<\/p>\n<p># de n\u00facleos de CPU 8<\/p>\n<p># de hilos 16<\/p>\n<p>Reloj de aumento m\u00e1x. Hasta 4.6GHz<\/p>\n<p>Reloj base 3.4GHz<\/p>\n<p>Cach\u00e9 L1 total 512KB<\/p>\n<p>Cach\u00e9 L2 total 4MB<\/p>\n<p>Cach\u00e9 L3 total 32MB<\/p>\n<p>TDP\/TDP predeterminado 65W<\/p>\n<p>Processor Technology for CPU Cores TSMC 7nm FinFET<\/p>\n<p>Desbloqueados S\u00ed<\/p>\n<p>CPU Socket AM4<\/p>\n<p>N\u00famero de sockets 1P<\/p>\n<p>Soluci\u00f3n t\u00e9rmica (PIB) Not included<\/p>\n<p>Temp. m\u00e1x. 90\u00b0C<\/p>\n<p>Launch Date 4\/4\/2022<\/p>\n<p>*Compatible con SO<\/p>\n<p>Windows 11 &#8211; Edici\u00f3n de 64-bits<\/p>\n<p>Windows 10 edici\u00f3n de 64\u00b7bits<\/p>\n<p>RHEL x86 edici\u00f3n de 64\u00b7bits<\/p>\n<p>Ubuntu x86 edici\u00f3n de 64\u00b7bits<\/p>\n<p>*El soporte del sistema operativo (SO) variar\u00e1 seg\u00fan el fabricante.<\/p>\n<p>Versi\u00f3n de PCI Express PCIe 4.0<\/p>\n<p>Tipo de memoria DDR4<\/p>\n<p>Canales de memoria 2<\/p>\n<p>Velocidad m\u00e1xima de memoria Up to 3200MHz<\/p>\n<p>Max Memory Speed<\/p>\n<p>2x1R DDR4-3200<\/p>\n<p>2x2R DDR4-3200<\/p>\n<p>4x1R DDR4-2933<\/p>\n<p>4x2R DDR4-2667<\/p>\n","protected":false},"excerpt":{"rendered":"<p>Plataforma Computadora de escritorio Familia de productos AMD Ryzen\u2122 Processors L\u00ednea de productos AMD Ryzen\u2122 7 Desktop Processors # de n\u00facleos de CPU 8 # de hilos 16 Reloj de aumento m\u00e1x. Hasta 4.6GHz Reloj base 3.4GHz Cach\u00e9 L1 total 512KB Cach\u00e9 L2 total 4MB Cach\u00e9 L3 total 32MB TDP\/TDP predeterminado 65W Processor Technology for [&hellip;]<\/p>\n","protected":false},"featured_media":5564,"comment_status":"open","ping_status":"closed","template":"","meta":{"_uag_custom_page_level_css":""},"product_brand":[531],"product_cat":[121],"product_tag":[],"class_list":{"0":"post-55362","1":"product","2":"type-product","3":"status-publish","4":"has-post-thumbnail","6":"product_brand-amd","7":"product_cat-procesadores-computacion","9":"first","10":"outofstock","11":"sale","12":"taxable","13":"shipping-taxable","14":"purchasable","15":"product-type-simple"},"uagb_featured_image_src":{"full":["https:\/\/rms-enlinea.com.ar\/wp-content\/uploads\/2025\/06\/D_894487-MLA53145808015_012023-F.jpg",1095,1200,false],"thumbnail":["https:\/\/rms-enlinea.com.ar\/wp-content\/uploads\/2025\/06\/D_894487-MLA53145808015_012023-F-150x150.jpg",150,150,true],"medium":["https:\/\/rms-enlinea.com.ar\/wp-content\/uploads\/2025\/06\/D_894487-MLA53145808015_012023-F-274x300.jpg",274,300,true],"medium_large":["https:\/\/rms-enlinea.com.ar\/wp-content\/uploads\/2025\/06\/D_894487-MLA53145808015_012023-F-768x842.jpg",768,842,true],"large":["https:\/\/rms-enlinea.com.ar\/wp-content\/uploads\/2025\/06\/D_894487-MLA53145808015_012023-F-934x1024.jpg",934,1024,true],"1536x1536":["https:\/\/rms-enlinea.com.ar\/wp-content\/uploads\/2025\/06\/D_894487-MLA53145808015_012023-F.jpg",1095,1200,false],"2048x2048":["https:\/\/rms-enlinea.com.ar\/wp-content\/uploads\/2025\/06\/D_894487-MLA53145808015_012023-F.jpg",1095,1200,false],"woocommerce_thumbnail":["https:\/\/rms-enlinea.com.ar\/wp-content\/uploads\/2025\/06\/D_894487-MLA53145808015_012023-F-450x450.jpg",450,450,true],"woocommerce_single":["https:\/\/rms-enlinea.com.ar\/wp-content\/uploads\/2025\/06\/D_894487-MLA53145808015_012023-F-600x658.jpg",600,658,true],"woocommerce_gallery_thumbnail":["https:\/\/rms-enlinea.com.ar\/wp-content\/uploads\/2025\/06\/D_894487-MLA53145808015_012023-F-100x100.jpg",100,100,true]},"uagb_author_info":{"display_name":"mario","author_link":"https:\/\/rms-enlinea.com.ar\/tienda\/author\/"},"uagb_comment_info":0,"uagb_excerpt":"Plataforma Computadora de escritorio Familia de productos AMD Ryzen\u2122 Processors L\u00ednea de productos AMD Ryzen\u2122 7 Desktop Processors # de n\u00facleos de CPU 8 # de hilos 16 Reloj de aumento m\u00e1x. Hasta 4.6GHz Reloj base 3.4GHz Cach\u00e9 L1 total 512KB Cach\u00e9 L2 total 4MB Cach\u00e9 L3 total 32MB TDP\/TDP predeterminado 65W Processor Technology for&hellip;","_links":{"self":[{"href":"https:\/\/rms-enlinea.com.ar\/tienda\/wp-json\/wp\/v2\/product\/55362","targetHints":{"allow":["GET"]}}],"collection":[{"href":"https:\/\/rms-enlinea.com.ar\/tienda\/wp-json\/wp\/v2\/product"}],"about":[{"href":"https:\/\/rms-enlinea.com.ar\/tienda\/wp-json\/wp\/v2\/types\/product"}],"replies":[{"embeddable":true,"href":"https:\/\/rms-enlinea.com.ar\/tienda\/wp-json\/wp\/v2\/comments?post=55362"}],"wp:featuredmedia":[{"embeddable":true,"href":"https:\/\/rms-enlinea.com.ar\/tienda\/wp-json\/wp\/v2\/media\/5564"}],"wp:attachment":[{"href":"https:\/\/rms-enlinea.com.ar\/tienda\/wp-json\/wp\/v2\/media?parent=55362"}],"wp:term":[{"taxonomy":"product_brand","embeddable":true,"href":"https:\/\/rms-enlinea.com.ar\/tienda\/wp-json\/wp\/v2\/product_brand?post=55362"},{"taxonomy":"product_cat","embeddable":true,"href":"https:\/\/rms-enlinea.com.ar\/tienda\/wp-json\/wp\/v2\/product_cat?post=55362"},{"taxonomy":"product_tag","embeddable":true,"href":"https:\/\/rms-enlinea.com.ar\/tienda\/wp-json\/wp\/v2\/product_tag?post=55362"}],"curies":[{"name":"wp","href":"https:\/\/api.w.org\/{rel}","templated":true}]}}