{"id":55363,"date":"2025-08-28T19:44:34","date_gmt":"2025-08-28T22:44:34","guid":{"rendered":"https:\/\/rms-enlinea.com.ar\/tienda\/producto\/memoria-corsair-vengeance-ddr5-sodimm-8-gb-4800-mhz-1-1v\/"},"modified":"2026-04-11T04:20:26","modified_gmt":"2026-04-11T07:20:26","slug":"memoria-corsair-vengeance-ddr5-sodimm-8-gb-4800-mhz-1-1v","status":"publish","type":"product","link":"https:\/\/rms-enlinea.com.ar\/tienda\/producto\/memoria-corsair-vengeance-ddr5-sodimm-8-gb-4800-mhz-1-1v\/","title":{"rendered":"Memoria Corsair Vengeance Ddr5 Sodimm 8 Gb 4800 Mhz 1.1v"},"content":{"rendered":"<p>Con dise\u00f1os \u00fanicos y modernos, Corsair es una de las marcas m\u00e1s elegidas por los usuarios al momento de comprar una memoria ram. Cargar programas m\u00e1s r\u00e1pido, aumentar la capacidad de responder y ejecutar aplicaciones de uso intensivo son algunas de las caracter\u00edsticas y ventajas que tendr\u00e1s al momento de adquirir esta memoria. No esperes m\u00e1s para mejorar el rendimiento de tu computadora.<\/p>\n<p>Tu equipo como nuevo<br \/>\nEsta memoria de formato SODIMM es ideal para tu Notebooks. \u00a1Instalala y comenz\u00e1 a disfrutar de un \u00f3ptimo funcionamiento!<\/p>\n<p>Trabaj\u00e1 con libertad<br \/>\nYa sea que la uses para actividades dom\u00e9sticas como navegar por Internet, enviar correos o contenido multimedia, o bien para trabajar utilizando diversas funciones en simult\u00e1neo, esta memoria es para vos. Gracias a su velocidad de 4800 MHz, podr\u00e1s realizar todas tus tareas de manera r\u00e1pida y efectiva.<\/p>\n","protected":false},"excerpt":{"rendered":"<p>Con dise\u00f1os \u00fanicos y modernos, Corsair es una de las marcas m\u00e1s elegidas por los usuarios al momento de comprar una memoria ram. Cargar programas m\u00e1s r\u00e1pido, aumentar la capacidad de responder y ejecutar aplicaciones de uso intensivo son algunas de las caracter\u00edsticas y ventajas que tendr\u00e1s al momento de adquirir esta memoria. No esperes [&hellip;]<\/p>\n","protected":false},"featured_media":13597,"comment_status":"open","ping_status":"closed","template":"","meta":{"_uag_custom_page_level_css":""},"product_brand":[555],"product_cat":[112],"product_tag":[],"class_list":{"0":"post-55363","1":"product","2":"type-product","3":"status-publish","4":"has-post-thumbnail","6":"product_brand-corsair","7":"product_cat-mamorias","9":"first","10":"outofstock","11":"sale","12":"taxable","13":"shipping-taxable","14":"purchasable","15":"product-type-simple"},"uagb_featured_image_src":{"full":["https:\/\/rms-enlinea.com.ar\/wp-content\/uploads\/2025\/06\/D_697172-MLA52367929816_112022-F.jpg",1200,524,false],"thumbnail":["https:\/\/rms-enlinea.com.ar\/wp-content\/uploads\/2025\/06\/D_697172-MLA52367929816_112022-F-150x150.jpg",150,150,true],"medium":["https:\/\/rms-enlinea.com.ar\/wp-content\/uploads\/2025\/06\/D_697172-MLA52367929816_112022-F-300x131.jpg",300,131,true],"medium_large":["https:\/\/rms-enlinea.com.ar\/wp-content\/uploads\/2025\/06\/D_697172-MLA52367929816_112022-F-768x335.jpg",768,335,true],"large":["https:\/\/rms-enlinea.com.ar\/wp-content\/uploads\/2025\/06\/D_697172-MLA52367929816_112022-F-1024x447.jpg",1024,447,true],"1536x1536":["https:\/\/rms-enlinea.com.ar\/wp-content\/uploads\/2025\/06\/D_697172-MLA52367929816_112022-F.jpg",1200,524,false],"2048x2048":["https:\/\/rms-enlinea.com.ar\/wp-content\/uploads\/2025\/06\/D_697172-MLA52367929816_112022-F.jpg",1200,524,false],"woocommerce_thumbnail":["https:\/\/rms-enlinea.com.ar\/wp-content\/uploads\/2025\/06\/D_697172-MLA52367929816_112022-F-450x450.jpg",450,450,true],"woocommerce_single":["https:\/\/rms-enlinea.com.ar\/wp-content\/uploads\/2025\/06\/D_697172-MLA52367929816_112022-F-600x262.jpg",600,262,true],"woocommerce_gallery_thumbnail":["https:\/\/rms-enlinea.com.ar\/wp-content\/uploads\/2025\/06\/D_697172-MLA52367929816_112022-F-100x100.jpg",100,100,true]},"uagb_author_info":{"display_name":"mario","author_link":"https:\/\/rms-enlinea.com.ar\/tienda\/author\/"},"uagb_comment_info":0,"uagb_excerpt":"Con dise\u00f1os \u00fanicos y modernos, Corsair es una de las marcas m\u00e1s elegidas por los usuarios al momento de comprar una memoria ram. Cargar programas m\u00e1s r\u00e1pido, aumentar la capacidad de responder y ejecutar aplicaciones de uso intensivo son algunas de las caracter\u00edsticas y ventajas que tendr\u00e1s al momento de adquirir esta memoria. No esperes&hellip;","_links":{"self":[{"href":"https:\/\/rms-enlinea.com.ar\/tienda\/wp-json\/wp\/v2\/product\/55363","targetHints":{"allow":["GET"]}}],"collection":[{"href":"https:\/\/rms-enlinea.com.ar\/tienda\/wp-json\/wp\/v2\/product"}],"about":[{"href":"https:\/\/rms-enlinea.com.ar\/tienda\/wp-json\/wp\/v2\/types\/product"}],"replies":[{"embeddable":true,"href":"https:\/\/rms-enlinea.com.ar\/tienda\/wp-json\/wp\/v2\/comments?post=55363"}],"wp:featuredmedia":[{"embeddable":true,"href":"https:\/\/rms-enlinea.com.ar\/tienda\/wp-json\/wp\/v2\/media\/13597"}],"wp:attachment":[{"href":"https:\/\/rms-enlinea.com.ar\/tienda\/wp-json\/wp\/v2\/media?parent=55363"}],"wp:term":[{"taxonomy":"product_brand","embeddable":true,"href":"https:\/\/rms-enlinea.com.ar\/tienda\/wp-json\/wp\/v2\/product_brand?post=55363"},{"taxonomy":"product_cat","embeddable":true,"href":"https:\/\/rms-enlinea.com.ar\/tienda\/wp-json\/wp\/v2\/product_cat?post=55363"},{"taxonomy":"product_tag","embeddable":true,"href":"https:\/\/rms-enlinea.com.ar\/tienda\/wp-json\/wp\/v2\/product_tag?post=55363"}],"curies":[{"name":"wp","href":"https:\/\/api.w.org\/{rel}","templated":true}]}}