{"id":55365,"date":"2025-08-28T19:44:52","date_gmt":"2025-08-28T22:44:52","guid":{"rendered":"https:\/\/rms-enlinea.com.ar\/tienda\/producto\/mouse-inalambrico-logitech-m190-1000dpi-910-005904\/"},"modified":"2026-03-20T16:21:19","modified_gmt":"2026-03-20T19:21:19","slug":"mouse-inalambrico-logitech-m190-1000dpi-910-005904","status":"publish","type":"product","link":"https:\/\/rms-enlinea.com.ar\/tienda\/producto\/mouse-inalambrico-logitech-m190-1000dpi-910-005904\/","title":{"rendered":"Mouse Inalambrico Logitech M190 1000dpi 910-005904"},"content":{"rendered":"<p>DIMENSIONES<br \/>\nAltura: 115,4 mm<\/p>\n<p>Ancho: 66,1 mm<\/p>\n<p>Profundidad: 40,3 mm<\/p>\n<p>Peso (con bater\u00edas): 89,9 g<\/p>\n<p>REQUISITOS DEL SISTEMA<br \/>\nSistemas operativos compatibles<\/p>\n<p>Windows\u00ae 7,9,10 o posterior<\/p>\n<p>macOS 10.10 o posterior<\/p>\n<p>Chrome OS\u2122<\/p>\n<p>Linux\u00ae<\/p>\n<p>Interfaz USB<\/p>\n<p>ESPECIFICACIONES T\u00c9CNICAS<br \/>\nTecnolog\u00eda de sensor: Seguimiento \u00f3ptico uniforme<\/p>\n<p>Resoluci\u00f3n de sensor: 1000 dpi<\/p>\n<p>N\u00famero de botones: 3<\/p>\n<p>Rueda de desplazamiento: Precisi\u00f3n l\u00ednea a l\u00ednea<\/p>\n<p>Mouse apto para Unifying: No<\/p>\n<p>Receptor apto para Unifying: No<\/p>\n<p>Bater\u00eda: 18 meses<\/p>\n<p>Distancia de funcionamiento inal\u00e1mbrico: 10 m<\/p>\n<p>Tecnolog\u00eda inal\u00e1mbrica: Nano receptor Logitech<\/p>\n<p>CONTENIDO DE LA CAJA<br \/>\nMouse inal\u00e1mbrico<\/p>\n<p>Bater\u00eda AA (preinstalada)<\/p>\n<p>Documentaci\u00f3n del usuario<\/p>\n","protected":false},"excerpt":{"rendered":"<p>DIMENSIONES Altura: 115,4 mm Ancho: 66,1 mm Profundidad: 40,3 mm Peso (con bater\u00edas): 89,9 g REQUISITOS DEL SISTEMA Sistemas operativos compatibles Windows\u00ae 7,9,10 o posterior macOS 10.10 o posterior Chrome OS\u2122 Linux\u00ae Interfaz USB ESPECIFICACIONES T\u00c9CNICAS Tecnolog\u00eda de sensor: Seguimiento \u00f3ptico uniforme Resoluci\u00f3n de sensor: 1000 dpi N\u00famero de botones: 3 Rueda de desplazamiento: Precisi\u00f3n [&hellip;]<\/p>\n","protected":false},"featured_media":21360,"comment_status":"open","ping_status":"closed","template":"","meta":{"_uag_custom_page_level_css":""},"product_brand":[549],"product_cat":[125],"product_tag":[],"class_list":{"0":"post-55365","1":"product","2":"type-product","3":"status-publish","4":"has-post-thumbnail","6":"product_brand-logitech","7":"product_cat-teclados-y-mouses","9":"first","10":"outofstock","11":"sale","12":"taxable","13":"shipping-taxable","14":"purchasable","15":"product-type-simple"},"uagb_featured_image_src":{"full":["https:\/\/rms-enlinea.com.ar\/wp-content\/uploads\/2025\/06\/D_762420-MLA44866742133_022021-F.jpg",681,1200,false],"thumbnail":["https:\/\/rms-enlinea.com.ar\/wp-content\/uploads\/2025\/06\/D_762420-MLA44866742133_022021-F-150x150.jpg",150,150,true],"medium":["https:\/\/rms-enlinea.com.ar\/wp-content\/uploads\/2025\/06\/D_762420-MLA44866742133_022021-F-170x300.jpg",170,300,true],"medium_large":["https:\/\/rms-enlinea.com.ar\/wp-content\/uploads\/2025\/06\/D_762420-MLA44866742133_022021-F.jpg",681,1200,false],"large":["https:\/\/rms-enlinea.com.ar\/wp-content\/uploads\/2025\/06\/D_762420-MLA44866742133_022021-F-581x1024.jpg",581,1024,true],"1536x1536":["https:\/\/rms-enlinea.com.ar\/wp-content\/uploads\/2025\/06\/D_762420-MLA44866742133_022021-F.jpg",681,1200,false],"2048x2048":["https:\/\/rms-enlinea.com.ar\/wp-content\/uploads\/2025\/06\/D_762420-MLA44866742133_022021-F.jpg",681,1200,false],"woocommerce_thumbnail":["https:\/\/rms-enlinea.com.ar\/wp-content\/uploads\/2025\/06\/D_762420-MLA44866742133_022021-F-450x450.jpg",450,450,true],"woocommerce_single":["https:\/\/rms-enlinea.com.ar\/wp-content\/uploads\/2025\/06\/D_762420-MLA44866742133_022021-F-600x1057.jpg",600,1057,true],"woocommerce_gallery_thumbnail":["https:\/\/rms-enlinea.com.ar\/wp-content\/uploads\/2025\/06\/D_762420-MLA44866742133_022021-F-100x100.jpg",100,100,true]},"uagb_author_info":{"display_name":"mario","author_link":"https:\/\/rms-enlinea.com.ar\/tienda\/author\/"},"uagb_comment_info":0,"uagb_excerpt":"DIMENSIONES Altura: 115,4 mm Ancho: 66,1 mm Profundidad: 40,3 mm Peso (con bater\u00edas): 89,9 g REQUISITOS DEL SISTEMA Sistemas operativos compatibles Windows\u00ae 7,9,10 o posterior macOS 10.10 o posterior Chrome OS\u2122 Linux\u00ae Interfaz USB ESPECIFICACIONES T\u00c9CNICAS Tecnolog\u00eda de sensor: Seguimiento \u00f3ptico uniforme Resoluci\u00f3n de sensor: 1000 dpi N\u00famero de botones: 3 Rueda de desplazamiento: Precisi\u00f3n&hellip;","_links":{"self":[{"href":"https:\/\/rms-enlinea.com.ar\/tienda\/wp-json\/wp\/v2\/product\/55365","targetHints":{"allow":["GET"]}}],"collection":[{"href":"https:\/\/rms-enlinea.com.ar\/tienda\/wp-json\/wp\/v2\/product"}],"about":[{"href":"https:\/\/rms-enlinea.com.ar\/tienda\/wp-json\/wp\/v2\/types\/product"}],"replies":[{"embeddable":true,"href":"https:\/\/rms-enlinea.com.ar\/tienda\/wp-json\/wp\/v2\/comments?post=55365"}],"wp:featuredmedia":[{"embeddable":true,"href":"https:\/\/rms-enlinea.com.ar\/tienda\/wp-json\/wp\/v2\/media\/21360"}],"wp:attachment":[{"href":"https:\/\/rms-enlinea.com.ar\/tienda\/wp-json\/wp\/v2\/media?parent=55365"}],"wp:term":[{"taxonomy":"product_brand","embeddable":true,"href":"https:\/\/rms-enlinea.com.ar\/tienda\/wp-json\/wp\/v2\/product_brand?post=55365"},{"taxonomy":"product_cat","embeddable":true,"href":"https:\/\/rms-enlinea.com.ar\/tienda\/wp-json\/wp\/v2\/product_cat?post=55365"},{"taxonomy":"product_tag","embeddable":true,"href":"https:\/\/rms-enlinea.com.ar\/tienda\/wp-json\/wp\/v2\/product_tag?post=55365"}],"curies":[{"name":"wp","href":"https:\/\/api.w.org\/{rel}","templated":true}]}}