{"id":55392,"date":"2025-08-28T20:08:16","date_gmt":"2025-08-28T23:08:16","guid":{"rendered":"https:\/\/rms-enlinea.com.ar\/tienda\/producto\/soporte-de-escritorio-doble-monitor-13-32-intelaid-it-db88vs\/"},"modified":"2026-04-13T02:30:24","modified_gmt":"2026-04-13T05:30:24","slug":"soporte-de-escritorio-doble-monitor-13-32-intelaid-it-db88vs","status":"publish","type":"product","link":"https:\/\/rms-enlinea.com.ar\/tienda\/producto\/soporte-de-escritorio-doble-monitor-13-32-intelaid-it-db88vs\/","title":{"rendered":"Soporte De Escritorio Doble Monitor 13\/32 Intelaid It-db88vs"},"content":{"rendered":"<p>Marca<\/p>\n<p>Intelaid<br \/>\nTipos de pantallas soportadas<\/p>\n<p>TV \/ LED \/ LCD<br \/>\nC\u00f3digo universal de producto<\/p>\n<p>4805726470849<br \/>\nAltura<\/p>\n<p>880 mm<br \/>\nEs articulado<\/p>\n<p>No<br \/>\nEs fijo<\/p>\n<p>No<br \/>\nEs gamer<\/p>\n<p>S\u00ed<br \/>\nEs inclinable<\/p>\n<p>S\u00ed<br \/>\nEs girat\u00f3rio<\/p>\n<p>S\u00ed<br \/>\nTama\u00f1o m\u00e1ximo de la pantalla<\/p>\n<p>32 &#8221;<br \/>\nTama\u00f1o m\u00ednimo de la pantalla<\/p>\n<p>13 &#8221;<br \/>\nModelo<\/p>\n<p>IT-DB88VS<br \/>\nLugar de montaje<\/p>\n<p>Mesa<br \/>\nEst\u00e1ndares VESA<\/p>\n<p>75X75 \/ 100X100<\/p>\n","protected":false},"excerpt":{"rendered":"<p>Marca Intelaid Tipos de pantallas soportadas TV \/ LED \/ LCD C\u00f3digo universal de producto 4805726470849 Altura 880 mm Es articulado No Es fijo No Es gamer S\u00ed Es inclinable S\u00ed Es girat\u00f3rio S\u00ed Tama\u00f1o m\u00e1ximo de la pantalla 32 &#8221; Tama\u00f1o m\u00ednimo de la pantalla 13 &#8221; Modelo IT-DB88VS Lugar de montaje Mesa Est\u00e1ndares [&hellip;]<\/p>\n","protected":false},"featured_media":55393,"comment_status":"open","ping_status":"closed","template":"","meta":{"_uag_custom_page_level_css":""},"product_brand":[575],"product_cat":[15,459],"product_tag":[],"class_list":{"0":"post-55392","1":"product","2":"type-product","3":"status-publish","4":"has-post-thumbnail","6":"product_brand-intelaid","7":"product_cat-sin-categorizar","8":"product_cat-soportes-audio-profesional","10":"first","11":"outofstock","12":"sale","13":"taxable","14":"shipping-taxable","15":"purchasable","16":"product-type-simple"},"uagb_featured_image_src":{"full":["https:\/\/rms-enlinea.com.ar\/wp-content\/uploads\/2025\/08\/D_919718-MLA90544910068_082025-F.jpg",1114,1180,false],"thumbnail":["https:\/\/rms-enlinea.com.ar\/wp-content\/uploads\/2025\/08\/D_919718-MLA90544910068_082025-F-150x150.jpg",150,150,true],"medium":["https:\/\/rms-enlinea.com.ar\/wp-content\/uploads\/2025\/08\/D_919718-MLA90544910068_082025-F-283x300.jpg",283,300,true],"medium_large":["https:\/\/rms-enlinea.com.ar\/wp-content\/uploads\/2025\/08\/D_919718-MLA90544910068_082025-F-768x814.jpg",768,814,true],"large":["https:\/\/rms-enlinea.com.ar\/wp-content\/uploads\/2025\/08\/D_919718-MLA90544910068_082025-F-967x1024.jpg",967,1024,true],"1536x1536":["https:\/\/rms-enlinea.com.ar\/wp-content\/uploads\/2025\/08\/D_919718-MLA90544910068_082025-F.jpg",1114,1180,false],"2048x2048":["https:\/\/rms-enlinea.com.ar\/wp-content\/uploads\/2025\/08\/D_919718-MLA90544910068_082025-F.jpg",1114,1180,false],"woocommerce_thumbnail":["https:\/\/rms-enlinea.com.ar\/wp-content\/uploads\/2025\/08\/D_919718-MLA90544910068_082025-F-450x450.jpg",450,450,true],"woocommerce_single":["https:\/\/rms-enlinea.com.ar\/wp-content\/uploads\/2025\/08\/D_919718-MLA90544910068_082025-F-600x636.jpg",600,636,true],"woocommerce_gallery_thumbnail":["https:\/\/rms-enlinea.com.ar\/wp-content\/uploads\/2025\/08\/D_919718-MLA90544910068_082025-F-100x100.jpg",100,100,true]},"uagb_author_info":{"display_name":"mario","author_link":"https:\/\/rms-enlinea.com.ar\/tienda\/author\/"},"uagb_comment_info":0,"uagb_excerpt":"Marca Intelaid Tipos de pantallas soportadas TV \/ LED \/ LCD C\u00f3digo universal de producto 4805726470849 Altura 880 mm Es articulado No Es fijo No Es gamer S\u00ed Es inclinable S\u00ed Es girat\u00f3rio S\u00ed Tama\u00f1o m\u00e1ximo de la pantalla 32 &#8221; Tama\u00f1o m\u00ednimo de la pantalla 13 &#8221; Modelo IT-DB88VS Lugar de montaje Mesa Est\u00e1ndares&hellip;","_links":{"self":[{"href":"https:\/\/rms-enlinea.com.ar\/tienda\/wp-json\/wp\/v2\/product\/55392","targetHints":{"allow":["GET"]}}],"collection":[{"href":"https:\/\/rms-enlinea.com.ar\/tienda\/wp-json\/wp\/v2\/product"}],"about":[{"href":"https:\/\/rms-enlinea.com.ar\/tienda\/wp-json\/wp\/v2\/types\/product"}],"replies":[{"embeddable":true,"href":"https:\/\/rms-enlinea.com.ar\/tienda\/wp-json\/wp\/v2\/comments?post=55392"}],"wp:featuredmedia":[{"embeddable":true,"href":"https:\/\/rms-enlinea.com.ar\/tienda\/wp-json\/wp\/v2\/media\/55393"}],"wp:attachment":[{"href":"https:\/\/rms-enlinea.com.ar\/tienda\/wp-json\/wp\/v2\/media?parent=55392"}],"wp:term":[{"taxonomy":"product_brand","embeddable":true,"href":"https:\/\/rms-enlinea.com.ar\/tienda\/wp-json\/wp\/v2\/product_brand?post=55392"},{"taxonomy":"product_cat","embeddable":true,"href":"https:\/\/rms-enlinea.com.ar\/tienda\/wp-json\/wp\/v2\/product_cat?post=55392"},{"taxonomy":"product_tag","embeddable":true,"href":"https:\/\/rms-enlinea.com.ar\/tienda\/wp-json\/wp\/v2\/product_tag?post=55392"}],"curies":[{"name":"wp","href":"https:\/\/api.w.org\/{rel}","templated":true}]}}