{"id":55406,"date":"2025-08-28T20:27:00","date_gmt":"2025-08-28T23:27:00","guid":{"rendered":"https:\/\/rms-enlinea.com.ar\/tienda\/producto\/memoria-ddr4-8gb-netac-shadow-3200mhz-c16-ntsdd4p32sp-08\/"},"modified":"2026-05-04T11:43:39","modified_gmt":"2026-05-04T14:43:39","slug":"memoria-ddr4-8gb-netac-shadow-3200mhz-c16-ntsdd4p32sp-08","status":"publish","type":"product","link":"https:\/\/rms-enlinea.com.ar\/tienda\/producto\/memoria-ddr4-8gb-netac-shadow-3200mhz-c16-ntsdd4p32sp-08\/","title":{"rendered":"Memoria Ddr4 8gb Netac Shadow 3200mhz C16 Ntsdd4p32sp-08"},"content":{"rendered":"<p>Aplicaci\u00f3n<\/p>\n<p>Computadoras de escritorio<br \/>\nMarca<\/p>\n<p>Netac<br \/>\nL\u00ednea<\/p>\n<p>Shadow<br \/>\nFabricante<\/p>\n<p>Netac<br \/>\nFormato<\/p>\n<p>DIMM<br \/>\nM\u00f3dulos de memoria<\/p>\n<p>1<br \/>\nTecnolog\u00eda de la memoria<\/p>\n<p>DDR4<br \/>\nCantidad de pines<\/p>\n<p>288<br \/>\nVelocidad<\/p>\n<p>3200 MHz<br \/>\nVoltaje de alimentaci\u00f3n<\/p>\n<p>1.35V<br \/>\nTasa de transferencia<\/p>\n<p>25600 MB\/s<\/p>\n","protected":false},"excerpt":{"rendered":"<p>Aplicaci\u00f3n Computadoras de escritorio Marca Netac L\u00ednea Shadow Fabricante Netac Formato DIMM M\u00f3dulos de memoria 1 Tecnolog\u00eda de la memoria DDR4 Cantidad de pines 288 Velocidad 3200 MHz Voltaje de alimentaci\u00f3n 1.35V Tasa de transferencia 25600 MB\/s<\/p>\n","protected":false},"featured_media":5514,"comment_status":"open","ping_status":"closed","template":"","meta":{"_uag_custom_page_level_css":""},"product_brand":[570],"product_cat":[112],"product_tag":[],"class_list":{"0":"post-55406","1":"product","2":"type-product","3":"status-publish","4":"has-post-thumbnail","6":"product_brand-netac","7":"product_cat-mamorias","9":"first","10":"outofstock","11":"sale","12":"taxable","13":"shipping-taxable","14":"purchasable","15":"product-type-simple"},"uagb_featured_image_src":{"full":["https:\/\/rms-enlinea.com.ar\/wp-content\/uploads\/2025\/06\/D_610668-MLA81630774775_122024-F.jpg",1079,595,false],"thumbnail":["https:\/\/rms-enlinea.com.ar\/wp-content\/uploads\/2025\/06\/D_610668-MLA81630774775_122024-F-150x150.jpg",150,150,true],"medium":["https:\/\/rms-enlinea.com.ar\/wp-content\/uploads\/2025\/06\/D_610668-MLA81630774775_122024-F-300x165.jpg",300,165,true],"medium_large":["https:\/\/rms-enlinea.com.ar\/wp-content\/uploads\/2025\/06\/D_610668-MLA81630774775_122024-F-768x424.jpg",768,424,true],"large":["https:\/\/rms-enlinea.com.ar\/wp-content\/uploads\/2025\/06\/D_610668-MLA81630774775_122024-F-1024x565.jpg",1024,565,true],"1536x1536":["https:\/\/rms-enlinea.com.ar\/wp-content\/uploads\/2025\/06\/D_610668-MLA81630774775_122024-F.jpg",1079,595,false],"2048x2048":["https:\/\/rms-enlinea.com.ar\/wp-content\/uploads\/2025\/06\/D_610668-MLA81630774775_122024-F.jpg",1079,595,false],"woocommerce_thumbnail":["https:\/\/rms-enlinea.com.ar\/wp-content\/uploads\/2025\/06\/D_610668-MLA81630774775_122024-F-450x450.jpg",450,450,true],"woocommerce_single":["https:\/\/rms-enlinea.com.ar\/wp-content\/uploads\/2025\/06\/D_610668-MLA81630774775_122024-F-600x331.jpg",600,331,true],"woocommerce_gallery_thumbnail":["https:\/\/rms-enlinea.com.ar\/wp-content\/uploads\/2025\/06\/D_610668-MLA81630774775_122024-F-100x100.jpg",100,100,true]},"uagb_author_info":{"display_name":"nelson","author_link":"https:\/\/rms-enlinea.com.ar\/tienda\/author\/"},"uagb_comment_info":0,"uagb_excerpt":"Aplicaci\u00f3n Computadoras de escritorio Marca Netac L\u00ednea Shadow Fabricante Netac Formato DIMM M\u00f3dulos de memoria 1 Tecnolog\u00eda de la memoria DDR4 Cantidad de pines 288 Velocidad 3200 MHz Voltaje de alimentaci\u00f3n 1.35V Tasa de transferencia 25600 MB\/s","_links":{"self":[{"href":"https:\/\/rms-enlinea.com.ar\/tienda\/wp-json\/wp\/v2\/product\/55406","targetHints":{"allow":["GET"]}}],"collection":[{"href":"https:\/\/rms-enlinea.com.ar\/tienda\/wp-json\/wp\/v2\/product"}],"about":[{"href":"https:\/\/rms-enlinea.com.ar\/tienda\/wp-json\/wp\/v2\/types\/product"}],"replies":[{"embeddable":true,"href":"https:\/\/rms-enlinea.com.ar\/tienda\/wp-json\/wp\/v2\/comments?post=55406"}],"wp:featuredmedia":[{"embeddable":true,"href":"https:\/\/rms-enlinea.com.ar\/tienda\/wp-json\/wp\/v2\/media\/5514"}],"wp:attachment":[{"href":"https:\/\/rms-enlinea.com.ar\/tienda\/wp-json\/wp\/v2\/media?parent=55406"}],"wp:term":[{"taxonomy":"product_brand","embeddable":true,"href":"https:\/\/rms-enlinea.com.ar\/tienda\/wp-json\/wp\/v2\/product_brand?post=55406"},{"taxonomy":"product_cat","embeddable":true,"href":"https:\/\/rms-enlinea.com.ar\/tienda\/wp-json\/wp\/v2\/product_cat?post=55406"},{"taxonomy":"product_tag","embeddable":true,"href":"https:\/\/rms-enlinea.com.ar\/tienda\/wp-json\/wp\/v2\/product_tag?post=55406"}],"curies":[{"name":"wp","href":"https:\/\/api.w.org\/{rel}","templated":true}]}}