{"id":55438,"date":"2025-08-28T21:18:20","date_gmt":"2025-08-29T00:18:20","guid":{"rendered":"https:\/\/rms-enlinea.com.ar\/tienda\/producto\/mother-asus-rog-strix-x670e-a-gaming-wifi-amd-am5-ddr5\/"},"modified":"2026-02-20T21:56:12","modified_gmt":"2026-02-21T00:56:12","slug":"mother-asus-rog-strix-x670e-a-gaming-wifi-amd-am5-ddr5","status":"publish","type":"product","link":"https:\/\/rms-enlinea.com.ar\/tienda\/producto\/mother-asus-rog-strix-x670e-a-gaming-wifi-amd-am5-ddr5\/","title":{"rendered":"Mother Asus Rog Strix X670e-a Gaming Wifi Amd Am5 Ddr5"},"content":{"rendered":"<p>Condici\u00f3n del \u00edtem<\/p>\n<p>Nuevo<br \/>\nAplicaciones<\/p>\n<p>PC<br \/>\nMarca<\/p>\n<p>Asus<br \/>\nChipsets<\/p>\n<p>Amd x670<br \/>\nPlataforma<\/p>\n<p>AMD<br \/>\nCPU<\/p>\n<p>Procesadores de escritorio amd ryzen\u2122 serie 7000<br \/>\nC\u00f3digo universal de producto<\/p>\n<p>195553897327<br \/>\nCon procesador<\/p>\n<p>No<br \/>\nL\u00ednea<\/p>\n<p>ROG Strix<br \/>\nCapacidad m\u00e1xima soportada de la memoria RAM<\/p>\n<p>128 GB<br \/>\nModelo<\/p>\n<p>ROG STRIX X670E-A GAMING WIFI<br \/>\nSocket<\/p>\n<p>Am5<br \/>\nTipo de memoria RAM<\/p>\n<p>DDR5<br \/>\nVersi\u00f3n<\/p>\n<p>90MB1BM0-M0UAY0<\/p>\n","protected":false},"excerpt":{"rendered":"<p>Condici\u00f3n del \u00edtem Nuevo Aplicaciones PC Marca Asus Chipsets Amd x670 Plataforma AMD CPU Procesadores de escritorio amd ryzen\u2122 serie 7000 C\u00f3digo universal de producto 195553897327 Con procesador No L\u00ednea ROG Strix Capacidad m\u00e1xima soportada de la memoria RAM 128 GB Modelo ROG STRIX X670E-A GAMING WIFI Socket Am5 Tipo de memoria RAM DDR5 Versi\u00f3n [&hellip;]<\/p>\n","protected":false},"featured_media":55439,"comment_status":"open","ping_status":"closed","template":"","meta":{"_uag_custom_page_level_css":""},"product_brand":[586],"product_cat":[115],"product_tag":[],"class_list":{"0":"post-55438","1":"product","2":"type-product","3":"status-publish","4":"has-post-thumbnail","6":"product_brand-asus","7":"product_cat-mother","9":"first","10":"outofstock","11":"sale","12":"taxable","13":"shipping-taxable","14":"purchasable","15":"product-type-simple"},"uagb_featured_image_src":{"full":["https:\/\/rms-enlinea.com.ar\/wp-content\/uploads\/2025\/08\/D_781495-MLA89296580196_082025-F.jpg",905,1200,false],"thumbnail":["https:\/\/rms-enlinea.com.ar\/wp-content\/uploads\/2025\/08\/D_781495-MLA89296580196_082025-F-150x150.jpg",150,150,true],"medium":["https:\/\/rms-enlinea.com.ar\/wp-content\/uploads\/2025\/08\/D_781495-MLA89296580196_082025-F-226x300.jpg",226,300,true],"medium_large":["https:\/\/rms-enlinea.com.ar\/wp-content\/uploads\/2025\/08\/D_781495-MLA89296580196_082025-F-768x1018.jpg",768,1018,true],"large":["https:\/\/rms-enlinea.com.ar\/wp-content\/uploads\/2025\/08\/D_781495-MLA89296580196_082025-F-772x1024.jpg",772,1024,true],"1536x1536":["https:\/\/rms-enlinea.com.ar\/wp-content\/uploads\/2025\/08\/D_781495-MLA89296580196_082025-F.jpg",905,1200,false],"2048x2048":["https:\/\/rms-enlinea.com.ar\/wp-content\/uploads\/2025\/08\/D_781495-MLA89296580196_082025-F.jpg",905,1200,false],"woocommerce_thumbnail":["https:\/\/rms-enlinea.com.ar\/wp-content\/uploads\/2025\/08\/D_781495-MLA89296580196_082025-F-450x450.jpg",450,450,true],"woocommerce_single":["https:\/\/rms-enlinea.com.ar\/wp-content\/uploads\/2025\/08\/D_781495-MLA89296580196_082025-F-600x796.jpg",600,796,true],"woocommerce_gallery_thumbnail":["https:\/\/rms-enlinea.com.ar\/wp-content\/uploads\/2025\/08\/D_781495-MLA89296580196_082025-F-100x100.jpg",100,100,true]},"uagb_author_info":{"display_name":"nelson","author_link":"https:\/\/rms-enlinea.com.ar\/tienda\/author\/"},"uagb_comment_info":0,"uagb_excerpt":"Condici\u00f3n del \u00edtem Nuevo Aplicaciones PC Marca Asus Chipsets Amd x670 Plataforma AMD CPU Procesadores de escritorio amd ryzen\u2122 serie 7000 C\u00f3digo universal de producto 195553897327 Con procesador No L\u00ednea ROG Strix Capacidad m\u00e1xima soportada de la memoria RAM 128 GB Modelo ROG STRIX X670E-A GAMING WIFI Socket Am5 Tipo de memoria RAM DDR5 Versi\u00f3n&hellip;","_links":{"self":[{"href":"https:\/\/rms-enlinea.com.ar\/tienda\/wp-json\/wp\/v2\/product\/55438","targetHints":{"allow":["GET"]}}],"collection":[{"href":"https:\/\/rms-enlinea.com.ar\/tienda\/wp-json\/wp\/v2\/product"}],"about":[{"href":"https:\/\/rms-enlinea.com.ar\/tienda\/wp-json\/wp\/v2\/types\/product"}],"replies":[{"embeddable":true,"href":"https:\/\/rms-enlinea.com.ar\/tienda\/wp-json\/wp\/v2\/comments?post=55438"}],"wp:featuredmedia":[{"embeddable":true,"href":"https:\/\/rms-enlinea.com.ar\/tienda\/wp-json\/wp\/v2\/media\/55439"}],"wp:attachment":[{"href":"https:\/\/rms-enlinea.com.ar\/tienda\/wp-json\/wp\/v2\/media?parent=55438"}],"wp:term":[{"taxonomy":"product_brand","embeddable":true,"href":"https:\/\/rms-enlinea.com.ar\/tienda\/wp-json\/wp\/v2\/product_brand?post=55438"},{"taxonomy":"product_cat","embeddable":true,"href":"https:\/\/rms-enlinea.com.ar\/tienda\/wp-json\/wp\/v2\/product_cat?post=55438"},{"taxonomy":"product_tag","embeddable":true,"href":"https:\/\/rms-enlinea.com.ar\/tienda\/wp-json\/wp\/v2\/product_tag?post=55438"}],"curies":[{"name":"wp","href":"https:\/\/api.w.org\/{rel}","templated":true}]}}