{"id":55444,"date":"2025-08-28T21:30:32","date_gmt":"2025-08-29T00:30:32","guid":{"rendered":"https:\/\/rms-enlinea.com.ar\/tienda\/producto\/sistema-wifi-mesh-x1-tp-link-hx220-ax1800-gigabit\/"},"modified":"2026-04-21T05:53:20","modified_gmt":"2026-04-21T08:53:20","slug":"sistema-wifi-mesh-x1-tp-link-hx220-ax1800-gigabit","status":"publish","type":"product","link":"https:\/\/rms-enlinea.com.ar\/tienda\/producto\/sistema-wifi-mesh-x1-tp-link-hx220-ax1800-gigabit\/","title":{"rendered":"Sistema Wifi Mesh X1 Tp-link Hx220 Ax1800 Gigabit"},"content":{"rendered":"<p>Optimiza tu experiencia de conexi\u00f3n con el sistema WiFi Mesh X1 TP-LINK HX220 AX1800. Este innovador router proporciona una velocidad inal\u00e1mbrica de hasta 225 MB\/s, creando una red robusta y eficiente para satisfacer todas tus necesidades digitales. Con la capacidad de operar en frecuencias duales de 2.4 GHz y 5 GHz, permite una transmisi\u00f3n de datos fluida, ideal para streaming, juegos online y navegaci\u00f3n.<\/p>\n<p>Dise\u00f1ado con un estilo elegante y moderno en color blanco, el modelo HX220 no solo es funcional, sino tambi\u00e9n est\u00e9ticamente atractivo. Incorpora una antena interna que maximiza la cobertura y minimiza las zonas muertas, permitiendo que cada rinc\u00f3n de tu espacio est\u00e9 conectado. <\/p>\n<p>El router ofrece m\u00faltiples tipos de conexi\u00f3n, tanto de forma inal\u00e1mbrica como por cable, garantizando flexibilidad a la hora de conectar dispositivos. Adem\u00e1s, cuenta con un puerto WAN, un puerto WAN\/LAN y un puerto USB, lo que permite la conexi\u00f3n de impresoras y almacenamiento en red, ampliando las posibilidades de uso.<\/p>\n<p>Con la homologaci\u00f3n correspondiente, el sistema WiFi Mesh X1 TP-LINK HX220 AX1800 asegura un desempe\u00f1o \u00f3ptimo y cumplimento de est\u00e1ndares de calidad. Si buscas una soluci\u00f3n completa para tu red dom\u00e9stica o profesional, este router es la opci\u00f3n ideal para disfrutar de una conectividad confiable y \u00e1gil.<\/p>\n","protected":false},"excerpt":{"rendered":"<p>Optimiza tu experiencia de conexi\u00f3n con el sistema WiFi Mesh X1 TP-LINK HX220 AX1800. Este innovador router proporciona una velocidad inal\u00e1mbrica de hasta 225 MB\/s, creando una red robusta y eficiente para satisfacer todas tus necesidades digitales. Con la capacidad de operar en frecuencias duales de 2.4 GHz y 5 GHz, permite una transmisi\u00f3n de [&hellip;]<\/p>\n","protected":false},"featured_media":50149,"comment_status":"open","ping_status":"closed","template":"","meta":{"_uag_custom_page_level_css":""},"product_brand":[546],"product_cat":[122],"product_tag":[],"class_list":{"0":"post-55444","1":"product","2":"type-product","3":"status-publish","4":"has-post-thumbnail","6":"product_brand-tplink","7":"product_cat-redes-y-conectividad","9":"first","10":"outofstock","11":"sale","12":"taxable","13":"shipping-taxable","14":"purchasable","15":"product-type-simple"},"uagb_featured_image_src":{"full":["https:\/\/rms-enlinea.com.ar\/wp-content\/uploads\/2025\/06\/D_915427-MLU74609679931_022024-F.jpg",1198,1174,false],"thumbnail":["https:\/\/rms-enlinea.com.ar\/wp-content\/uploads\/2025\/06\/D_915427-MLU74609679931_022024-F-150x150.jpg",150,150,true],"medium":["https:\/\/rms-enlinea.com.ar\/wp-content\/uploads\/2025\/06\/D_915427-MLU74609679931_022024-F-300x294.jpg",300,294,true],"medium_large":["https:\/\/rms-enlinea.com.ar\/wp-content\/uploads\/2025\/06\/D_915427-MLU74609679931_022024-F-768x753.jpg",768,753,true],"large":["https:\/\/rms-enlinea.com.ar\/wp-content\/uploads\/2025\/06\/D_915427-MLU74609679931_022024-F-1024x1003.jpg",1024,1003,true],"1536x1536":["https:\/\/rms-enlinea.com.ar\/wp-content\/uploads\/2025\/06\/D_915427-MLU74609679931_022024-F.jpg",1198,1174,false],"2048x2048":["https:\/\/rms-enlinea.com.ar\/wp-content\/uploads\/2025\/06\/D_915427-MLU74609679931_022024-F.jpg",1198,1174,false],"woocommerce_thumbnail":["https:\/\/rms-enlinea.com.ar\/wp-content\/uploads\/2025\/06\/D_915427-MLU74609679931_022024-F-450x450.jpg",450,450,true],"woocommerce_single":["https:\/\/rms-enlinea.com.ar\/wp-content\/uploads\/2025\/06\/D_915427-MLU74609679931_022024-F-600x588.jpg",600,588,true],"woocommerce_gallery_thumbnail":["https:\/\/rms-enlinea.com.ar\/wp-content\/uploads\/2025\/06\/D_915427-MLU74609679931_022024-F-100x100.jpg",100,100,true]},"uagb_author_info":{"display_name":"nelson","author_link":"https:\/\/rms-enlinea.com.ar\/tienda\/author\/"},"uagb_comment_info":0,"uagb_excerpt":"Optimiza tu experiencia de conexi\u00f3n con el sistema WiFi Mesh X1 TP-LINK HX220 AX1800. Este innovador router proporciona una velocidad inal\u00e1mbrica de hasta 225 MB\/s, creando una red robusta y eficiente para satisfacer todas tus necesidades digitales. Con la capacidad de operar en frecuencias duales de 2.4 GHz y 5 GHz, permite una transmisi\u00f3n de&hellip;","_links":{"self":[{"href":"https:\/\/rms-enlinea.com.ar\/tienda\/wp-json\/wp\/v2\/product\/55444","targetHints":{"allow":["GET"]}}],"collection":[{"href":"https:\/\/rms-enlinea.com.ar\/tienda\/wp-json\/wp\/v2\/product"}],"about":[{"href":"https:\/\/rms-enlinea.com.ar\/tienda\/wp-json\/wp\/v2\/types\/product"}],"replies":[{"embeddable":true,"href":"https:\/\/rms-enlinea.com.ar\/tienda\/wp-json\/wp\/v2\/comments?post=55444"}],"wp:featuredmedia":[{"embeddable":true,"href":"https:\/\/rms-enlinea.com.ar\/tienda\/wp-json\/wp\/v2\/media\/50149"}],"wp:attachment":[{"href":"https:\/\/rms-enlinea.com.ar\/tienda\/wp-json\/wp\/v2\/media?parent=55444"}],"wp:term":[{"taxonomy":"product_brand","embeddable":true,"href":"https:\/\/rms-enlinea.com.ar\/tienda\/wp-json\/wp\/v2\/product_brand?post=55444"},{"taxonomy":"product_cat","embeddable":true,"href":"https:\/\/rms-enlinea.com.ar\/tienda\/wp-json\/wp\/v2\/product_cat?post=55444"},{"taxonomy":"product_tag","embeddable":true,"href":"https:\/\/rms-enlinea.com.ar\/tienda\/wp-json\/wp\/v2\/product_tag?post=55444"}],"curies":[{"name":"wp","href":"https:\/\/api.w.org\/{rel}","templated":true}]}}