{"id":55446,"date":"2025-08-28T21:31:10","date_gmt":"2025-08-29T00:31:10","guid":{"rendered":"https:\/\/rms-enlinea.com.ar\/tienda\/producto\/switch-8-puertos-gigabit-4-puertos-poe-tp-link-tl-sg108pe\/"},"modified":"2026-04-06T11:37:18","modified_gmt":"2026-04-06T14:37:18","slug":"switch-8-puertos-gigabit-4-puertos-poe-tp-link-tl-sg108pe","status":"publish","type":"product","link":"https:\/\/rms-enlinea.com.ar\/tienda\/producto\/switch-8-puertos-gigabit-4-puertos-poe-tp-link-tl-sg108pe\/","title":{"rendered":"Switch 8 Puertos Gigabit 4 Puertos Poe Tp-link Tl-sg108pe"},"content":{"rendered":"<p>8 puertos RJ45 de 10\/100\/1000Mbps<br \/>Con 4 puertos PoE que suministran un m\u00e1ximo de 15.4W por peurto, datos y alimentaci\u00f3n el\u00e9ctrica se transmiten por un \u00fanico cable<br \/>Soporte PoE m\u00e1ximo de 55W<br \/>Proporciona funciones de supervisi\u00f3n de red, priorizaci\u00f3n de tr\u00e1fico y VLAN<\/p>\n","protected":false},"excerpt":{"rendered":"<p>8 puertos RJ45 de 10\/100\/1000MbpsCon 4 puertos PoE que suministran un m\u00e1ximo de 15.4W por peurto, datos y alimentaci\u00f3n el\u00e9ctrica se transmiten por un \u00fanico cableSoporte PoE m\u00e1ximo de 55WProporciona funciones de supervisi\u00f3n de red, priorizaci\u00f3n de tr\u00e1fico y VLAN<\/p>\n","protected":false},"featured_media":28774,"comment_status":"open","ping_status":"closed","template":"","meta":{"_uag_custom_page_level_css":""},"product_brand":[546],"product_cat":[122],"product_tag":[],"class_list":{"0":"post-55446","1":"product","2":"type-product","3":"status-publish","4":"has-post-thumbnail","6":"product_brand-tplink","7":"product_cat-redes-y-conectividad","9":"first","10":"outofstock","11":"sale","12":"taxable","13":"shipping-taxable","14":"purchasable","15":"product-type-simple"},"uagb_featured_image_src":{"full":["https:\/\/rms-enlinea.com.ar\/wp-content\/uploads\/2025\/06\/D_645836-MLU75340456532_032024-F.jpg",1198,413,false],"thumbnail":["https:\/\/rms-enlinea.com.ar\/wp-content\/uploads\/2025\/06\/D_645836-MLU75340456532_032024-F-150x150.jpg",150,150,true],"medium":["https:\/\/rms-enlinea.com.ar\/wp-content\/uploads\/2025\/06\/D_645836-MLU75340456532_032024-F-300x103.jpg",300,103,true],"medium_large":["https:\/\/rms-enlinea.com.ar\/wp-content\/uploads\/2025\/06\/D_645836-MLU75340456532_032024-F-768x265.jpg",768,265,true],"large":["https:\/\/rms-enlinea.com.ar\/wp-content\/uploads\/2025\/06\/D_645836-MLU75340456532_032024-F-1024x353.jpg",1024,353,true],"1536x1536":["https:\/\/rms-enlinea.com.ar\/wp-content\/uploads\/2025\/06\/D_645836-MLU75340456532_032024-F.jpg",1198,413,false],"2048x2048":["https:\/\/rms-enlinea.com.ar\/wp-content\/uploads\/2025\/06\/D_645836-MLU75340456532_032024-F.jpg",1198,413,false],"woocommerce_thumbnail":["https:\/\/rms-enlinea.com.ar\/wp-content\/uploads\/2025\/06\/D_645836-MLU75340456532_032024-F-450x413.jpg",450,413,true],"woocommerce_single":["https:\/\/rms-enlinea.com.ar\/wp-content\/uploads\/2025\/06\/D_645836-MLU75340456532_032024-F-600x207.jpg",600,207,true],"woocommerce_gallery_thumbnail":["https:\/\/rms-enlinea.com.ar\/wp-content\/uploads\/2025\/06\/D_645836-MLU75340456532_032024-F-100x100.jpg",100,100,true]},"uagb_author_info":{"display_name":"nelson","author_link":"https:\/\/rms-enlinea.com.ar\/tienda\/author\/"},"uagb_comment_info":0,"uagb_excerpt":"8 puertos RJ45 de 10\/100\/1000MbpsCon 4 puertos PoE que suministran un m\u00e1ximo de 15.4W por peurto, datos y alimentaci\u00f3n el\u00e9ctrica se transmiten por un \u00fanico cableSoporte PoE m\u00e1ximo de 55WProporciona funciones de supervisi\u00f3n de red, priorizaci\u00f3n de tr\u00e1fico y VLAN","_links":{"self":[{"href":"https:\/\/rms-enlinea.com.ar\/tienda\/wp-json\/wp\/v2\/product\/55446","targetHints":{"allow":["GET"]}}],"collection":[{"href":"https:\/\/rms-enlinea.com.ar\/tienda\/wp-json\/wp\/v2\/product"}],"about":[{"href":"https:\/\/rms-enlinea.com.ar\/tienda\/wp-json\/wp\/v2\/types\/product"}],"replies":[{"embeddable":true,"href":"https:\/\/rms-enlinea.com.ar\/tienda\/wp-json\/wp\/v2\/comments?post=55446"}],"wp:featuredmedia":[{"embeddable":true,"href":"https:\/\/rms-enlinea.com.ar\/tienda\/wp-json\/wp\/v2\/media\/28774"}],"wp:attachment":[{"href":"https:\/\/rms-enlinea.com.ar\/tienda\/wp-json\/wp\/v2\/media?parent=55446"}],"wp:term":[{"taxonomy":"product_brand","embeddable":true,"href":"https:\/\/rms-enlinea.com.ar\/tienda\/wp-json\/wp\/v2\/product_brand?post=55446"},{"taxonomy":"product_cat","embeddable":true,"href":"https:\/\/rms-enlinea.com.ar\/tienda\/wp-json\/wp\/v2\/product_cat?post=55446"},{"taxonomy":"product_tag","embeddable":true,"href":"https:\/\/rms-enlinea.com.ar\/tienda\/wp-json\/wp\/v2\/product_tag?post=55446"}],"curies":[{"name":"wp","href":"https:\/\/api.w.org\/{rel}","templated":true}]}}