{"id":55456,"date":"2025-08-28T23:10:34","date_gmt":"2025-08-29T02:10:34","guid":{"rendered":"https:\/\/rms-enlinea.com.ar\/tienda\/producto\/switch-16-bocas-puertos-10-100-mbps-tp-link-tl-sf1016d\/"},"modified":"2026-04-21T03:24:49","modified_gmt":"2026-04-21T06:24:49","slug":"switch-16-bocas-puertos-10-100-mbps-tp-link-tl-sf1016d","status":"publish","type":"product","link":"https:\/\/rms-enlinea.com.ar\/tienda\/producto\/switch-16-bocas-puertos-10-100-mbps-tp-link-tl-sf1016d\/","title":{"rendered":"Switch 16 Bocas Puertos 10\/100 Mbps Tp-link Tl-sf1016d"},"content":{"rendered":"<p>Con m\u00e1s de 30 a\u00f1os de experiencia en el mercado tecnol\u00f3gico, TP-Link es l\u00edder a nivel mundial en el negocio de las soluciones de redes. Esta marca posibilita mejorar las comunicaciones entre consumidores y empresas, es por eso que estos conmutadores son muy f\u00e1ciles de configurar y no requieren de mucho tiempo.<\/p>\n<p>Puertos RJ-45<br \/>El conector RJ-45 termina en el cable par trenzado sin blindaje. Es utilizado en redes Ethernet que se conoce com\u00fanmente como el cable Ethernet. A su vez, este cable contiene ocho alambres, lo que hace que los ocho pines del conector RJ-45 sean adecuados para su uso con este tipo de cables.<\/p>\n<p>Hecho a tu medida<br \/>Su tecnolog\u00eda permite guardar los datos en buffer antes de enviarlos al puerto de salida. Esto garantiza un correcto funcionamiento.<\/p>\n<p>Escalabilidad y funcionalidad a tu alcance<br \/>Este switch cuenta con una capacidad de conmutaci\u00f3n de 3.2 Gbps. Este permite transferir datos entre los diferentes dispositivos que forman la LAN, o red local, de una manera eficiente y as\u00ed mejora el ritmo del servidor de red y sus conexiones troncales.<\/p>\n","protected":false},"excerpt":{"rendered":"<p>Con m\u00e1s de 30 a\u00f1os de experiencia en el mercado tecnol\u00f3gico, TP-Link es l\u00edder a nivel mundial en el negocio de las soluciones de redes. Esta marca posibilita mejorar las comunicaciones entre consumidores y empresas, es por eso que estos conmutadores son muy f\u00e1ciles de configurar y no requieren de mucho tiempo. Puertos RJ-45El conector [&hellip;]<\/p>\n","protected":false},"featured_media":21355,"comment_status":"open","ping_status":"closed","template":"","meta":{"_uag_custom_page_level_css":""},"product_brand":[546],"product_cat":[122],"product_tag":[],"class_list":{"0":"post-55456","1":"product","2":"type-product","3":"status-publish","4":"has-post-thumbnail","6":"product_brand-tplink","7":"product_cat-redes-y-conectividad","9":"first","10":"outofstock","11":"sale","12":"taxable","13":"shipping-taxable","14":"purchasable","15":"product-type-simple"},"uagb_featured_image_src":{"full":["https:\/\/rms-enlinea.com.ar\/wp-content\/uploads\/2025\/06\/D_845638-MLA74650696424_022024-F.jpg",1200,485,false],"thumbnail":["https:\/\/rms-enlinea.com.ar\/wp-content\/uploads\/2025\/06\/D_845638-MLA74650696424_022024-F-150x150.jpg",150,150,true],"medium":["https:\/\/rms-enlinea.com.ar\/wp-content\/uploads\/2025\/06\/D_845638-MLA74650696424_022024-F-300x121.jpg",300,121,true],"medium_large":["https:\/\/rms-enlinea.com.ar\/wp-content\/uploads\/2025\/06\/D_845638-MLA74650696424_022024-F-768x310.jpg",768,310,true],"large":["https:\/\/rms-enlinea.com.ar\/wp-content\/uploads\/2025\/06\/D_845638-MLA74650696424_022024-F-1024x414.jpg",1024,414,true],"1536x1536":["https:\/\/rms-enlinea.com.ar\/wp-content\/uploads\/2025\/06\/D_845638-MLA74650696424_022024-F.jpg",1200,485,false],"2048x2048":["https:\/\/rms-enlinea.com.ar\/wp-content\/uploads\/2025\/06\/D_845638-MLA74650696424_022024-F.jpg",1200,485,false],"woocommerce_thumbnail":["https:\/\/rms-enlinea.com.ar\/wp-content\/uploads\/2025\/06\/D_845638-MLA74650696424_022024-F-450x450.jpg",450,450,true],"woocommerce_single":["https:\/\/rms-enlinea.com.ar\/wp-content\/uploads\/2025\/06\/D_845638-MLA74650696424_022024-F-600x243.jpg",600,243,true],"woocommerce_gallery_thumbnail":["https:\/\/rms-enlinea.com.ar\/wp-content\/uploads\/2025\/06\/D_845638-MLA74650696424_022024-F-100x100.jpg",100,100,true]},"uagb_author_info":{"display_name":"nelson","author_link":"https:\/\/rms-enlinea.com.ar\/tienda\/author\/"},"uagb_comment_info":0,"uagb_excerpt":"Con m\u00e1s de 30 a\u00f1os de experiencia en el mercado tecnol\u00f3gico, TP-Link es l\u00edder a nivel mundial en el negocio de las soluciones de redes. Esta marca posibilita mejorar las comunicaciones entre consumidores y empresas, es por eso que estos conmutadores son muy f\u00e1ciles de configurar y no requieren de mucho tiempo. Puertos RJ-45El conector&hellip;","_links":{"self":[{"href":"https:\/\/rms-enlinea.com.ar\/tienda\/wp-json\/wp\/v2\/product\/55456","targetHints":{"allow":["GET"]}}],"collection":[{"href":"https:\/\/rms-enlinea.com.ar\/tienda\/wp-json\/wp\/v2\/product"}],"about":[{"href":"https:\/\/rms-enlinea.com.ar\/tienda\/wp-json\/wp\/v2\/types\/product"}],"replies":[{"embeddable":true,"href":"https:\/\/rms-enlinea.com.ar\/tienda\/wp-json\/wp\/v2\/comments?post=55456"}],"wp:featuredmedia":[{"embeddable":true,"href":"https:\/\/rms-enlinea.com.ar\/tienda\/wp-json\/wp\/v2\/media\/21355"}],"wp:attachment":[{"href":"https:\/\/rms-enlinea.com.ar\/tienda\/wp-json\/wp\/v2\/media?parent=55456"}],"wp:term":[{"taxonomy":"product_brand","embeddable":true,"href":"https:\/\/rms-enlinea.com.ar\/tienda\/wp-json\/wp\/v2\/product_brand?post=55456"},{"taxonomy":"product_cat","embeddable":true,"href":"https:\/\/rms-enlinea.com.ar\/tienda\/wp-json\/wp\/v2\/product_cat?post=55456"},{"taxonomy":"product_tag","embeddable":true,"href":"https:\/\/rms-enlinea.com.ar\/tienda\/wp-json\/wp\/v2\/product_tag?post=55456"}],"curies":[{"name":"wp","href":"https:\/\/api.w.org\/{rel}","templated":true}]}}