{"id":55489,"date":"2025-08-29T17:40:07","date_gmt":"2025-08-29T20:40:07","guid":{"rendered":"https:\/\/rms-enlinea.com.ar\/tienda\/producto\/microfono-inalambrico-raptor-vox-para-streaming\/"},"modified":"2026-04-21T03:36:06","modified_gmt":"2026-04-21T06:36:06","slug":"microfono-inalambrico-raptor-vox-para-streaming","status":"publish","type":"product","link":"https:\/\/rms-enlinea.com.ar\/tienda\/producto\/microfono-inalambrico-raptor-vox-para-streaming\/","title":{"rendered":"Microfono Inalambrico Raptor Vox Para Streaming"},"content":{"rendered":"<p>Distancia de transimisi\u00f3n 10m-30m<br \/>\nUno arrestra dos Si<br \/>\nMonitoreo de auriculares Si<br \/>\nReducci\u00f3n de ruido Reducci\u00f3n de ruido autom\u00e1tica<br \/>\nReverberaci\u00f3n Si<br \/>\nRespuesta de frecuencia 20 Hz-20 kHz<br \/>\nDuraci\u00f3n de la bater\u00eda 6 horas<br \/>\nBater\u00eda del estuche de carga 600mA\/H<br \/>\nVoltaje de entrada del contenedor de carga 5 V-20 V<br \/>\nAdaptador 5 V\/1 A<\/p>\n","protected":false},"excerpt":{"rendered":"<p>Distancia de transimisi\u00f3n 10m-30m Uno arrestra dos Si Monitoreo de auriculares Si Reducci\u00f3n de ruido Reducci\u00f3n de ruido autom\u00e1tica Reverberaci\u00f3n Si Respuesta de frecuencia 20 Hz-20 kHz Duraci\u00f3n de la bater\u00eda 6 horas Bater\u00eda del estuche de carga 600mA\/H Voltaje de entrada del contenedor de carga 5 V-20 V Adaptador 5 V\/1 A<\/p>\n","protected":false},"featured_media":55490,"comment_status":"open","ping_status":"closed","template":"","meta":{"_uag_custom_page_level_css":""},"product_brand":[572],"product_cat":[113],"product_tag":[],"class_list":{"0":"post-55489","1":"product","2":"type-product","3":"status-publish","4":"has-post-thumbnail","6":"product_brand-raptor-gaming","7":"product_cat-microfonos-computacion","9":"first","10":"outofstock","11":"sale","12":"taxable","13":"shipping-taxable","14":"purchasable","15":"product-type-simple"},"uagb_featured_image_src":{"full":["https:\/\/rms-enlinea.com.ar\/wp-content\/uploads\/2025\/08\/D_655658-MLA90900027918_082025-F.jpg",688,919,false],"thumbnail":["https:\/\/rms-enlinea.com.ar\/wp-content\/uploads\/2025\/08\/D_655658-MLA90900027918_082025-F-150x150.jpg",150,150,true],"medium":["https:\/\/rms-enlinea.com.ar\/wp-content\/uploads\/2025\/08\/D_655658-MLA90900027918_082025-F-225x300.jpg",225,300,true],"medium_large":["https:\/\/rms-enlinea.com.ar\/wp-content\/uploads\/2025\/08\/D_655658-MLA90900027918_082025-F.jpg",688,919,false],"large":["https:\/\/rms-enlinea.com.ar\/wp-content\/uploads\/2025\/08\/D_655658-MLA90900027918_082025-F.jpg",688,919,false],"1536x1536":["https:\/\/rms-enlinea.com.ar\/wp-content\/uploads\/2025\/08\/D_655658-MLA90900027918_082025-F.jpg",688,919,false],"2048x2048":["https:\/\/rms-enlinea.com.ar\/wp-content\/uploads\/2025\/08\/D_655658-MLA90900027918_082025-F.jpg",688,919,false],"woocommerce_thumbnail":["https:\/\/rms-enlinea.com.ar\/wp-content\/uploads\/2025\/08\/D_655658-MLA90900027918_082025-F-450x450.jpg",450,450,true],"woocommerce_single":["https:\/\/rms-enlinea.com.ar\/wp-content\/uploads\/2025\/08\/D_655658-MLA90900027918_082025-F-600x801.jpg",600,801,true],"woocommerce_gallery_thumbnail":["https:\/\/rms-enlinea.com.ar\/wp-content\/uploads\/2025\/08\/D_655658-MLA90900027918_082025-F-100x100.jpg",100,100,true]},"uagb_author_info":{"display_name":"nelson","author_link":"https:\/\/rms-enlinea.com.ar\/tienda\/author\/"},"uagb_comment_info":0,"uagb_excerpt":"Distancia de transimisi\u00f3n 10m-30m Uno arrestra dos Si Monitoreo de auriculares Si Reducci\u00f3n de ruido Reducci\u00f3n de ruido autom\u00e1tica Reverberaci\u00f3n Si Respuesta de frecuencia 20 Hz-20 kHz Duraci\u00f3n de la bater\u00eda 6 horas Bater\u00eda del estuche de carga 600mA\/H Voltaje de entrada del contenedor de carga 5 V-20 V Adaptador 5 V\/1 A","_links":{"self":[{"href":"https:\/\/rms-enlinea.com.ar\/tienda\/wp-json\/wp\/v2\/product\/55489","targetHints":{"allow":["GET"]}}],"collection":[{"href":"https:\/\/rms-enlinea.com.ar\/tienda\/wp-json\/wp\/v2\/product"}],"about":[{"href":"https:\/\/rms-enlinea.com.ar\/tienda\/wp-json\/wp\/v2\/types\/product"}],"replies":[{"embeddable":true,"href":"https:\/\/rms-enlinea.com.ar\/tienda\/wp-json\/wp\/v2\/comments?post=55489"}],"wp:featuredmedia":[{"embeddable":true,"href":"https:\/\/rms-enlinea.com.ar\/tienda\/wp-json\/wp\/v2\/media\/55490"}],"wp:attachment":[{"href":"https:\/\/rms-enlinea.com.ar\/tienda\/wp-json\/wp\/v2\/media?parent=55489"}],"wp:term":[{"taxonomy":"product_brand","embeddable":true,"href":"https:\/\/rms-enlinea.com.ar\/tienda\/wp-json\/wp\/v2\/product_brand?post=55489"},{"taxonomy":"product_cat","embeddable":true,"href":"https:\/\/rms-enlinea.com.ar\/tienda\/wp-json\/wp\/v2\/product_cat?post=55489"},{"taxonomy":"product_tag","embeddable":true,"href":"https:\/\/rms-enlinea.com.ar\/tienda\/wp-json\/wp\/v2\/product_tag?post=55489"}],"curies":[{"name":"wp","href":"https:\/\/api.w.org\/{rel}","templated":true}]}}