{"id":55499,"date":"2025-08-30T10:20:15","date_gmt":"2025-08-30T13:20:15","guid":{"rendered":"https:\/\/rms-enlinea.com.ar\/tienda\/producto\/sistema-wi-fi-mesh-d-link-covr-1102-ac1200-dual-band-ap\/"},"modified":"2026-04-21T06:36:07","modified_gmt":"2026-04-21T09:36:07","slug":"sistema-wi-fi-mesh-d-link-covr-1102-ac1200-dual-band-ap","status":"publish","type":"product","link":"https:\/\/rms-enlinea.com.ar\/tienda\/producto\/sistema-wi-fi-mesh-d-link-covr-1102-ac1200-dual-band-ap\/","title":{"rendered":"Sistema Wi-fi Mesh D-link Covr-1102 Ac1200 Dual Band Ap"},"content":{"rendered":"<p>Cantidad total de puertos<\/p>\n<p>2<br \/>\nUnidades por paquete<\/p>\n<p>2<br \/>\nVoltaje<\/p>\n<p>100V\/240V<br \/>\nMarca<\/p>\n<p>D-Link<br \/>\nTipo de conexi\u00f3n<\/p>\n<p>Inal\u00e1mbrica<br \/>\nProfundidad<\/p>\n<p>92 mm<br \/>\nN\u00famero de certificado de seguridad el\u00e9ctrica<\/p>\n<p>DC-E-M247-005.1-E796<br \/>\nFrecuencias<\/p>\n<p>2.4 GHz,5 GHz<br \/>\nTipo de frecuencia<\/p>\n<p>Banda doble<br \/>\nAltura<\/p>\n<p>92 mm<br \/>\nCantidad de antenas internas<\/p>\n<p>2<br \/>\nAncho<\/p>\n<p>92 mm<br \/>\nCantidad de puertos WAN<\/p>\n<p>1<br \/>\nPeso<\/p>\n<p>197 g<br \/>\nFunciones<\/p>\n<p>Sistema Wi-Fi mesh<br \/>\nCondici\u00f3n del \u00edtem<\/p>\n<p>Nuevo<br \/>\nCantidad de puertos LAN<\/p>\n<p>1<br \/>\nModelo<\/p>\n<p>COVR-1102<br \/>\nOrganismo de certificaci\u00f3n (OCP)<\/p>\n<p>IRAM Instituto Argentino de Normalizaci\u00f3n y Certificaci\u00f3n<br \/>\nProtocolos de seguridad<\/p>\n<p>WPA,WPA2,WPA3<br \/>\nVelocidad inal\u00e1mbrica<\/p>\n<p>1166 Mbps<br \/>\nEst\u00e1ndares inal\u00e1mbricos<\/p>\n<p>IEEE 802.3i,IEEE 802.3u,IEEE 802.3ab,IEEE 802.11ac,IEEE 802.11n,IEEE 802.11g,IEEE 802.11a<\/p>\n","protected":false},"excerpt":{"rendered":"<p>Cantidad total de puertos 2 Unidades por paquete 2 Voltaje 100V\/240V Marca D-Link Tipo de conexi\u00f3n Inal\u00e1mbrica Profundidad 92 mm N\u00famero de certificado de seguridad el\u00e9ctrica DC-E-M247-005.1-E796 Frecuencias 2.4 GHz,5 GHz Tipo de frecuencia Banda doble Altura 92 mm Cantidad de antenas internas 2 Ancho 92 mm Cantidad de puertos WAN 1 Peso 197 g [&hellip;]<\/p>\n","protected":false},"featured_media":18476,"comment_status":"open","ping_status":"closed","template":"","meta":{"_uag_custom_page_level_css":""},"product_brand":[547],"product_cat":[122],"product_tag":[],"class_list":{"0":"post-55499","1":"product","2":"type-product","3":"status-publish","4":"has-post-thumbnail","6":"product_brand-dlink","7":"product_cat-redes-y-conectividad","9":"first","10":"outofstock","11":"sale","12":"taxable","13":"shipping-taxable","14":"purchasable","15":"product-type-simple"},"uagb_featured_image_src":{"full":["https:\/\/rms-enlinea.com.ar\/wp-content\/uploads\/2025\/06\/D_693923-MLA44816067733_022021-F.jpg",985,1123,false],"thumbnail":["https:\/\/rms-enlinea.com.ar\/wp-content\/uploads\/2025\/06\/D_693923-MLA44816067733_022021-F-150x150.jpg",150,150,true],"medium":["https:\/\/rms-enlinea.com.ar\/wp-content\/uploads\/2025\/06\/D_693923-MLA44816067733_022021-F-263x300.jpg",263,300,true],"medium_large":["https:\/\/rms-enlinea.com.ar\/wp-content\/uploads\/2025\/06\/D_693923-MLA44816067733_022021-F-768x876.jpg",768,876,true],"large":["https:\/\/rms-enlinea.com.ar\/wp-content\/uploads\/2025\/06\/D_693923-MLA44816067733_022021-F-898x1024.jpg",898,1024,true],"1536x1536":["https:\/\/rms-enlinea.com.ar\/wp-content\/uploads\/2025\/06\/D_693923-MLA44816067733_022021-F.jpg",985,1123,false],"2048x2048":["https:\/\/rms-enlinea.com.ar\/wp-content\/uploads\/2025\/06\/D_693923-MLA44816067733_022021-F.jpg",985,1123,false],"woocommerce_thumbnail":["https:\/\/rms-enlinea.com.ar\/wp-content\/uploads\/2025\/06\/D_693923-MLA44816067733_022021-F-450x450.jpg",450,450,true],"woocommerce_single":["https:\/\/rms-enlinea.com.ar\/wp-content\/uploads\/2025\/06\/D_693923-MLA44816067733_022021-F-600x684.jpg",600,684,true],"woocommerce_gallery_thumbnail":["https:\/\/rms-enlinea.com.ar\/wp-content\/uploads\/2025\/06\/D_693923-MLA44816067733_022021-F-100x100.jpg",100,100,true]},"uagb_author_info":{"display_name":"nelson","author_link":"https:\/\/rms-enlinea.com.ar\/tienda\/author\/"},"uagb_comment_info":2,"uagb_excerpt":"Cantidad total de puertos 2 Unidades por paquete 2 Voltaje 100V\/240V Marca D-Link Tipo de conexi\u00f3n Inal\u00e1mbrica Profundidad 92 mm N\u00famero de certificado de seguridad el\u00e9ctrica DC-E-M247-005.1-E796 Frecuencias 2.4 GHz,5 GHz Tipo de frecuencia Banda doble Altura 92 mm Cantidad de antenas internas 2 Ancho 92 mm Cantidad de puertos WAN 1 Peso 197 g&hellip;","_links":{"self":[{"href":"https:\/\/rms-enlinea.com.ar\/tienda\/wp-json\/wp\/v2\/product\/55499","targetHints":{"allow":["GET"]}}],"collection":[{"href":"https:\/\/rms-enlinea.com.ar\/tienda\/wp-json\/wp\/v2\/product"}],"about":[{"href":"https:\/\/rms-enlinea.com.ar\/tienda\/wp-json\/wp\/v2\/types\/product"}],"replies":[{"embeddable":true,"href":"https:\/\/rms-enlinea.com.ar\/tienda\/wp-json\/wp\/v2\/comments?post=55499"}],"wp:featuredmedia":[{"embeddable":true,"href":"https:\/\/rms-enlinea.com.ar\/tienda\/wp-json\/wp\/v2\/media\/18476"}],"wp:attachment":[{"href":"https:\/\/rms-enlinea.com.ar\/tienda\/wp-json\/wp\/v2\/media?parent=55499"}],"wp:term":[{"taxonomy":"product_brand","embeddable":true,"href":"https:\/\/rms-enlinea.com.ar\/tienda\/wp-json\/wp\/v2\/product_brand?post=55499"},{"taxonomy":"product_cat","embeddable":true,"href":"https:\/\/rms-enlinea.com.ar\/tienda\/wp-json\/wp\/v2\/product_cat?post=55499"},{"taxonomy":"product_tag","embeddable":true,"href":"https:\/\/rms-enlinea.com.ar\/tienda\/wp-json\/wp\/v2\/product_tag?post=55499"}],"curies":[{"name":"wp","href":"https:\/\/api.w.org\/{rel}","templated":true}]}}