{"id":55503,"date":"2025-08-30T17:02:16","date_gmt":"2025-08-30T20:02:16","guid":{"rendered":"https:\/\/rms-enlinea.com.ar\/tienda\/producto\/adaptador-nano-usb-bluetooth-5-3-ma530-mercusys\/"},"modified":"2026-05-04T12:10:53","modified_gmt":"2026-05-04T15:10:53","slug":"adaptador-nano-usb-bluetooth-5-3-ma530-mercusys","status":"publish","type":"product","link":"https:\/\/rms-enlinea.com.ar\/tienda\/producto\/adaptador-nano-usb-bluetooth-5-3-ma530-mercusys\/","title":{"rendered":"Adaptador Nano Usb Bluetooth 5.3 Ma530 Mercusys"},"content":{"rendered":"<p>Hardware<br \/>\nDimensiones (An x Pr x Al) 19.15\u00d714.94\u00d77.19 mm<br \/>\nInterfaces USB 2.0<br \/>\nEst\u00e1ndares y protocolos Bluetooth 5.3<br \/>\nRequerimientos de sistema Los sistemas operativos compatibles son Win 11\/10\/8.1\/7<\/p>\n","protected":false},"excerpt":{"rendered":"<p>Hardware Dimensiones (An x Pr x Al) 19.15\u00d714.94\u00d77.19 mm Interfaces USB 2.0 Est\u00e1ndares y protocolos Bluetooth 5.3 Requerimientos de sistema Los sistemas operativos compatibles son Win 11\/10\/8.1\/7<\/p>\n","protected":false},"featured_media":50563,"comment_status":"open","ping_status":"closed","template":"","meta":{"_uag_custom_page_level_css":""},"product_brand":[605],"product_cat":[122],"product_tag":[],"class_list":{"0":"post-55503","1":"product","2":"type-product","3":"status-publish","4":"has-post-thumbnail","6":"product_brand-mercusys","7":"product_cat-redes-y-conectividad","9":"first","10":"outofstock","11":"sale","12":"taxable","13":"shipping-taxable","14":"purchasable","15":"product-type-simple"},"uagb_featured_image_src":{"full":["https:\/\/rms-enlinea.com.ar\/wp-content\/uploads\/2025\/07\/D_631011-MLA81514366885_122024-F.jpg",777,1026,false],"thumbnail":["https:\/\/rms-enlinea.com.ar\/wp-content\/uploads\/2025\/07\/D_631011-MLA81514366885_122024-F-150x150.jpg",150,150,true],"medium":["https:\/\/rms-enlinea.com.ar\/wp-content\/uploads\/2025\/07\/D_631011-MLA81514366885_122024-F-227x300.jpg",227,300,true],"medium_large":["https:\/\/rms-enlinea.com.ar\/wp-content\/uploads\/2025\/07\/D_631011-MLA81514366885_122024-F-768x1014.jpg",768,1014,true],"large":["https:\/\/rms-enlinea.com.ar\/wp-content\/uploads\/2025\/07\/D_631011-MLA81514366885_122024-F-775x1024.jpg",775,1024,true],"1536x1536":["https:\/\/rms-enlinea.com.ar\/wp-content\/uploads\/2025\/07\/D_631011-MLA81514366885_122024-F.jpg",777,1026,false],"2048x2048":["https:\/\/rms-enlinea.com.ar\/wp-content\/uploads\/2025\/07\/D_631011-MLA81514366885_122024-F.jpg",777,1026,false],"woocommerce_thumbnail":["https:\/\/rms-enlinea.com.ar\/wp-content\/uploads\/2025\/07\/D_631011-MLA81514366885_122024-F-450x450.jpg",450,450,true],"woocommerce_single":["https:\/\/rms-enlinea.com.ar\/wp-content\/uploads\/2025\/07\/D_631011-MLA81514366885_122024-F-600x792.jpg",600,792,true],"woocommerce_gallery_thumbnail":["https:\/\/rms-enlinea.com.ar\/wp-content\/uploads\/2025\/07\/D_631011-MLA81514366885_122024-F-100x100.jpg",100,100,true]},"uagb_author_info":{"display_name":"nelson","author_link":"https:\/\/rms-enlinea.com.ar\/tienda\/author\/"},"uagb_comment_info":0,"uagb_excerpt":"Hardware Dimensiones (An x Pr x Al) 19.15\u00d714.94\u00d77.19 mm Interfaces USB 2.0 Est\u00e1ndares y protocolos Bluetooth 5.3 Requerimientos de sistema Los sistemas operativos compatibles son Win 11\/10\/8.1\/7","_links":{"self":[{"href":"https:\/\/rms-enlinea.com.ar\/tienda\/wp-json\/wp\/v2\/product\/55503","targetHints":{"allow":["GET"]}}],"collection":[{"href":"https:\/\/rms-enlinea.com.ar\/tienda\/wp-json\/wp\/v2\/product"}],"about":[{"href":"https:\/\/rms-enlinea.com.ar\/tienda\/wp-json\/wp\/v2\/types\/product"}],"replies":[{"embeddable":true,"href":"https:\/\/rms-enlinea.com.ar\/tienda\/wp-json\/wp\/v2\/comments?post=55503"}],"wp:featuredmedia":[{"embeddable":true,"href":"https:\/\/rms-enlinea.com.ar\/tienda\/wp-json\/wp\/v2\/media\/50563"}],"wp:attachment":[{"href":"https:\/\/rms-enlinea.com.ar\/tienda\/wp-json\/wp\/v2\/media?parent=55503"}],"wp:term":[{"taxonomy":"product_brand","embeddable":true,"href":"https:\/\/rms-enlinea.com.ar\/tienda\/wp-json\/wp\/v2\/product_brand?post=55503"},{"taxonomy":"product_cat","embeddable":true,"href":"https:\/\/rms-enlinea.com.ar\/tienda\/wp-json\/wp\/v2\/product_cat?post=55503"},{"taxonomy":"product_tag","embeddable":true,"href":"https:\/\/rms-enlinea.com.ar\/tienda\/wp-json\/wp\/v2\/product_tag?post=55503"}],"curies":[{"name":"wp","href":"https:\/\/api.w.org\/{rel}","templated":true}]}}