{"id":55505,"date":"2025-08-30T17:20:17","date_gmt":"2025-08-30T20:20:17","guid":{"rendered":"https:\/\/rms-enlinea.com.ar\/tienda\/producto\/sistema-mesh-x-2-tp-link-deco-be65-be11000-wifi-7-tribanda\/"},"modified":"2026-04-15T00:00:18","modified_gmt":"2026-04-15T03:00:18","slug":"sistema-mesh-x-2-tp-link-deco-be65-be11000-wifi-7-tribanda","status":"publish","type":"product","link":"https:\/\/rms-enlinea.com.ar\/tienda\/producto\/sistema-mesh-x-2-tp-link-deco-be65-be11000-wifi-7-tribanda\/","title":{"rendered":"Sistema Mesh X 2 Tp-link Deco Be65 Be11000 Wifi 7 Tribanda"},"content":{"rendered":"<p>Inal\u00e1mbricos<br \/>Est\u00e1ndares\tWi-Fi 7<br \/> \tIEEE 802.11be\/ax 6 GHz<br \/> \tIEEE 802.11be\/ax\/ac\/n\/a 5 GHz<br \/> \tIEEE 802.11be\/ax\/n\/b\/g 2.4 GHz<br \/>Velocidades Wi-Fi\tBE9300<br \/> \t6 GHz: 5765 Mbps (802.11be)<br \/> \t5 GHz: 2882 Mbps (802.11be)<br \/> \t2.4 GHz: 688 Mbps (802.11be)<br \/>Rango WiFi\tCobertura m\u00e1s amplia en todo el hogar<br \/> \tTecnolog\u00eda Mesh TP-Link<br \/> \tEl backhaul Ethernet opcional trabaja conjuntamente para<br \/> enlazar las unidades Deco y proporcionar una cobertura sin fisuras<br \/> \tMalla basada en IA<br \/> \tAprende de forma inteligente el entorno de red para proporcionar una Wi-Fi ideal y exclusiva para su hogar<br \/> \t4\u00d7 Antenas de alto rendimiento (internas)<br \/> \tVarias antenas forman una matriz de se\u00f1al de refuerzo para cubrir m\u00e1s direcciones y grandes \u00e1reas<br \/> \tTri-banda<br \/> \tUna banda de 6 GHz reci\u00e9n inaugurada aporta m\u00e1s ancho de banda y velocidades m\u00e1s r\u00e1pidas<br \/>Capacidad Wi-Fi\tMuy alta<br \/> \tTri-banda<br \/> \tDistribuye los dispositivos en diferentes bandas para un rendimiento \u00f3ptimo<br \/> \t2\u00d72 MU-MIMO<br \/> \tSe comunica simult\u00e1neamente con varios clientes MU-MIMO<br \/> \tOFDMA<br \/> \tSe comunica simult\u00e1neamente con m\u00faltiples clientes WiFi 7<br \/> \t6 streams<br \/> \tAncho de banda m\u00e1s que suficiente para los dispositivos conectados<br \/>Modos de trabajo\tModo Router<br \/> \tModo punto de acceso<br \/>Advanced Features\t\u2022 Funcionamiento multienlace (MLO)<br \/> \t\u2022 Canal de 320 MHz<br \/> \t\u2022 4K-QAM<br \/> \t\u2022 Multi-RUs<br \/> \t\u2022 Funciona con el asistente de Google<\/p>\n","protected":false},"excerpt":{"rendered":"<p>Inal\u00e1mbricosEst\u00e1ndares Wi-Fi 7 IEEE 802.11be\/ax 6 GHz IEEE 802.11be\/ax\/ac\/n\/a 5 GHz IEEE 802.11be\/ax\/n\/b\/g 2.4 GHzVelocidades Wi-Fi BE9300 6 GHz: 5765 Mbps (802.11be) 5 GHz: 2882 Mbps (802.11be) 2.4 GHz: 688 Mbps (802.11be)Rango WiFi Cobertura m\u00e1s amplia en todo el hogar Tecnolog\u00eda Mesh TP-Link El backhaul Ethernet opcional trabaja conjuntamente para enlazar las unidades Deco y [&hellip;]<\/p>\n","protected":false},"featured_media":55506,"comment_status":"open","ping_status":"closed","template":"","meta":{"_uag_custom_page_level_css":""},"product_brand":[546],"product_cat":[122],"product_tag":[],"class_list":{"0":"post-55505","1":"product","2":"type-product","3":"status-publish","4":"has-post-thumbnail","6":"product_brand-tplink","7":"product_cat-redes-y-conectividad","9":"first","10":"instock","11":"sale","12":"taxable","13":"shipping-taxable","14":"purchasable","15":"product-type-simple"},"uagb_featured_image_src":{"full":["https:\/\/rms-enlinea.com.ar\/wp-content\/uploads\/2025\/08\/D_614280-MLA91341073965_082025-F.jpg",1200,1026,false],"thumbnail":["https:\/\/rms-enlinea.com.ar\/wp-content\/uploads\/2025\/08\/D_614280-MLA91341073965_082025-F-150x150.jpg",150,150,true],"medium":["https:\/\/rms-enlinea.com.ar\/wp-content\/uploads\/2025\/08\/D_614280-MLA91341073965_082025-F-300x257.jpg",300,257,true],"medium_large":["https:\/\/rms-enlinea.com.ar\/wp-content\/uploads\/2025\/08\/D_614280-MLA91341073965_082025-F-768x657.jpg",768,657,true],"large":["https:\/\/rms-enlinea.com.ar\/wp-content\/uploads\/2025\/08\/D_614280-MLA91341073965_082025-F-1024x876.jpg",1024,876,true],"1536x1536":["https:\/\/rms-enlinea.com.ar\/wp-content\/uploads\/2025\/08\/D_614280-MLA91341073965_082025-F.jpg",1200,1026,false],"2048x2048":["https:\/\/rms-enlinea.com.ar\/wp-content\/uploads\/2025\/08\/D_614280-MLA91341073965_082025-F.jpg",1200,1026,false],"woocommerce_thumbnail":["https:\/\/rms-enlinea.com.ar\/wp-content\/uploads\/2025\/08\/D_614280-MLA91341073965_082025-F-450x450.jpg",450,450,true],"woocommerce_single":["https:\/\/rms-enlinea.com.ar\/wp-content\/uploads\/2025\/08\/D_614280-MLA91341073965_082025-F-600x513.jpg",600,513,true],"woocommerce_gallery_thumbnail":["https:\/\/rms-enlinea.com.ar\/wp-content\/uploads\/2025\/08\/D_614280-MLA91341073965_082025-F-100x100.jpg",100,100,true]},"uagb_author_info":{"display_name":"nelson","author_link":"https:\/\/rms-enlinea.com.ar\/tienda\/author\/"},"uagb_comment_info":0,"uagb_excerpt":"Inal\u00e1mbricosEst\u00e1ndares Wi-Fi 7 IEEE 802.11be\/ax 6 GHz IEEE 802.11be\/ax\/ac\/n\/a 5 GHz IEEE 802.11be\/ax\/n\/b\/g 2.4 GHzVelocidades Wi-Fi BE9300 6 GHz: 5765 Mbps (802.11be) 5 GHz: 2882 Mbps (802.11be) 2.4 GHz: 688 Mbps (802.11be)Rango WiFi Cobertura m\u00e1s amplia en todo el hogar Tecnolog\u00eda Mesh TP-Link El backhaul Ethernet opcional trabaja conjuntamente para enlazar las unidades Deco y&hellip;","_links":{"self":[{"href":"https:\/\/rms-enlinea.com.ar\/tienda\/wp-json\/wp\/v2\/product\/55505","targetHints":{"allow":["GET"]}}],"collection":[{"href":"https:\/\/rms-enlinea.com.ar\/tienda\/wp-json\/wp\/v2\/product"}],"about":[{"href":"https:\/\/rms-enlinea.com.ar\/tienda\/wp-json\/wp\/v2\/types\/product"}],"replies":[{"embeddable":true,"href":"https:\/\/rms-enlinea.com.ar\/tienda\/wp-json\/wp\/v2\/comments?post=55505"}],"wp:featuredmedia":[{"embeddable":true,"href":"https:\/\/rms-enlinea.com.ar\/tienda\/wp-json\/wp\/v2\/media\/55506"}],"wp:attachment":[{"href":"https:\/\/rms-enlinea.com.ar\/tienda\/wp-json\/wp\/v2\/media?parent=55505"}],"wp:term":[{"taxonomy":"product_brand","embeddable":true,"href":"https:\/\/rms-enlinea.com.ar\/tienda\/wp-json\/wp\/v2\/product_brand?post=55505"},{"taxonomy":"product_cat","embeddable":true,"href":"https:\/\/rms-enlinea.com.ar\/tienda\/wp-json\/wp\/v2\/product_cat?post=55505"},{"taxonomy":"product_tag","embeddable":true,"href":"https:\/\/rms-enlinea.com.ar\/tienda\/wp-json\/wp\/v2\/product_tag?post=55505"}],"curies":[{"name":"wp","href":"https:\/\/api.w.org\/{rel}","templated":true}]}}