{"id":55511,"date":"2025-08-30T19:00:19","date_gmt":"2025-08-30T22:00:19","guid":{"rendered":"https:\/\/rms-enlinea.com.ar\/tienda\/producto\/tp-link-ue306-adaptador-red-usb-a-rhj45-ethernet-nintendo-pc\/"},"modified":"2026-04-02T17:10:44","modified_gmt":"2026-04-02T20:10:44","slug":"tp-link-ue306-adaptador-red-usb-a-rhj45-ethernet-nintendo-pc","status":"publish","type":"product","link":"https:\/\/rms-enlinea.com.ar\/tienda\/producto\/tp-link-ue306-adaptador-red-usb-a-rhj45-ethernet-nintendo-pc\/","title":{"rendered":"Tp-link Ue306 Adaptador Red Usb A Rhj45 Ethernet Nintendo Pc"},"content":{"rendered":"<p>Adaptador de red USB 3.0 a Gigabit Ethernet<\/p>\n<p>\u2022 Descripci\u00f3n del producto:<\/p>\n<p>La soluci\u00f3n USB 3.0 y Gigabit m\u00e1s r\u00e1pida asegura una alta tasa de transferencia<\/p>\n<p>Plug and Play en Nintendo Switch, Windows 10\/8.1 y sistemas operativos Linux<\/p>\n<p>El dise\u00f1o plegable y port\u00e1til es ideal para Ultrabooks<\/p>\n<p>Compatible con Nintendo Switch: conecta el adaptador a la base de la consola para una conexi\u00f3n Ethernet Gigabit m\u00e1s estable<\/p>\n<p>\u2022 Caracter\u00edsticas T\u00e9cnicas:<\/p>\n<p>&#8211; Dimensiones: 2.8 x 1.0 x 0.6 in. (71 x 26 x 16.2mm)<br \/>&#8211; Interfaz de Entrada: 1 puerto Ethernet RJ45 de 10\/100\/1000 Mbps<br \/>&#8211; Interfaz de Salida: 1 puerto USB 3.0<br \/>&#8211; Chipset: AX88179<\/p>\n<p>&#8211; Sistemas Compatibles:<br \/>Nintendo Switch<br \/>Windows 10\/8.1\/8\/7<br \/>Linux OS<\/p>\n<p>&#8211; Contenido del Paquete:<br \/>Adaptador de red USB 3.0 a Gigabit Ethernet<br \/>Gu\u00eda de Instalaci\u00f3n R\u00e1pida<\/p>\n","protected":false},"excerpt":{"rendered":"<p>Adaptador de red USB 3.0 a Gigabit Ethernet \u2022 Descripci\u00f3n del producto: La soluci\u00f3n USB 3.0 y Gigabit m\u00e1s r\u00e1pida asegura una alta tasa de transferencia Plug and Play en Nintendo Switch, Windows 10\/8.1 y sistemas operativos Linux El dise\u00f1o plegable y port\u00e1til es ideal para Ultrabooks Compatible con Nintendo Switch: conecta el adaptador a [&hellip;]<\/p>\n","protected":false},"featured_media":23994,"comment_status":"open","ping_status":"closed","template":"","meta":{"_uag_custom_page_level_css":""},"product_brand":[546],"product_cat":[122],"product_tag":[],"class_list":{"0":"post-55511","1":"product","2":"type-product","3":"status-publish","4":"has-post-thumbnail","6":"product_brand-tplink","7":"product_cat-redes-y-conectividad","9":"first","10":"outofstock","11":"sale","12":"taxable","13":"shipping-taxable","14":"purchasable","15":"product-type-simple"},"uagb_featured_image_src":{"full":["https:\/\/rms-enlinea.com.ar\/wp-content\/uploads\/2025\/06\/D_699276-MLM52996429102_122022-F.jpg",1200,1200,false],"thumbnail":["https:\/\/rms-enlinea.com.ar\/wp-content\/uploads\/2025\/06\/D_699276-MLM52996429102_122022-F-150x150.jpg",150,150,true],"medium":["https:\/\/rms-enlinea.com.ar\/wp-content\/uploads\/2025\/06\/D_699276-MLM52996429102_122022-F-300x300.jpg",300,300,true],"medium_large":["https:\/\/rms-enlinea.com.ar\/wp-content\/uploads\/2025\/06\/D_699276-MLM52996429102_122022-F-768x768.jpg",768,768,true],"large":["https:\/\/rms-enlinea.com.ar\/wp-content\/uploads\/2025\/06\/D_699276-MLM52996429102_122022-F-1024x1024.jpg",1024,1024,true],"1536x1536":["https:\/\/rms-enlinea.com.ar\/wp-content\/uploads\/2025\/06\/D_699276-MLM52996429102_122022-F.jpg",1200,1200,false],"2048x2048":["https:\/\/rms-enlinea.com.ar\/wp-content\/uploads\/2025\/06\/D_699276-MLM52996429102_122022-F.jpg",1200,1200,false],"woocommerce_thumbnail":["https:\/\/rms-enlinea.com.ar\/wp-content\/uploads\/2025\/06\/D_699276-MLM52996429102_122022-F-450x450.jpg",450,450,true],"woocommerce_single":["https:\/\/rms-enlinea.com.ar\/wp-content\/uploads\/2025\/06\/D_699276-MLM52996429102_122022-F-600x600.jpg",600,600,true],"woocommerce_gallery_thumbnail":["https:\/\/rms-enlinea.com.ar\/wp-content\/uploads\/2025\/06\/D_699276-MLM52996429102_122022-F-100x100.jpg",100,100,true]},"uagb_author_info":{"display_name":"nelson","author_link":"https:\/\/rms-enlinea.com.ar\/tienda\/author\/"},"uagb_comment_info":0,"uagb_excerpt":"Adaptador de red USB 3.0 a Gigabit Ethernet \u2022 Descripci\u00f3n del producto: La soluci\u00f3n USB 3.0 y Gigabit m\u00e1s r\u00e1pida asegura una alta tasa de transferencia Plug and Play en Nintendo Switch, Windows 10\/8.1 y sistemas operativos Linux El dise\u00f1o plegable y port\u00e1til es ideal para Ultrabooks Compatible con Nintendo Switch: conecta el adaptador a&hellip;","_links":{"self":[{"href":"https:\/\/rms-enlinea.com.ar\/tienda\/wp-json\/wp\/v2\/product\/55511","targetHints":{"allow":["GET"]}}],"collection":[{"href":"https:\/\/rms-enlinea.com.ar\/tienda\/wp-json\/wp\/v2\/product"}],"about":[{"href":"https:\/\/rms-enlinea.com.ar\/tienda\/wp-json\/wp\/v2\/types\/product"}],"replies":[{"embeddable":true,"href":"https:\/\/rms-enlinea.com.ar\/tienda\/wp-json\/wp\/v2\/comments?post=55511"}],"wp:featuredmedia":[{"embeddable":true,"href":"https:\/\/rms-enlinea.com.ar\/tienda\/wp-json\/wp\/v2\/media\/23994"}],"wp:attachment":[{"href":"https:\/\/rms-enlinea.com.ar\/tienda\/wp-json\/wp\/v2\/media?parent=55511"}],"wp:term":[{"taxonomy":"product_brand","embeddable":true,"href":"https:\/\/rms-enlinea.com.ar\/tienda\/wp-json\/wp\/v2\/product_brand?post=55511"},{"taxonomy":"product_cat","embeddable":true,"href":"https:\/\/rms-enlinea.com.ar\/tienda\/wp-json\/wp\/v2\/product_cat?post=55511"},{"taxonomy":"product_tag","embeddable":true,"href":"https:\/\/rms-enlinea.com.ar\/tienda\/wp-json\/wp\/v2\/product_tag?post=55511"}],"curies":[{"name":"wp","href":"https:\/\/api.w.org\/{rel}","templated":true}]}}