{"id":55619,"date":"2025-09-02T18:42:44","date_gmt":"2025-09-02T21:42:44","guid":{"rendered":"https:\/\/rms-enlinea.com.ar\/tienda\/producto\/gabinete-tt-view-270-plus-argb-tg-x2-fan-argb-x3-black\/"},"modified":"2026-04-21T05:51:50","modified_gmt":"2026-04-21T08:51:50","slug":"gabinete-tt-view-270-plus-argb-tg-x2-fan-argb-x3-black","status":"publish","type":"product","link":"https:\/\/rms-enlinea.com.ar\/tienda\/producto\/gabinete-tt-view-270-plus-argb-tg-x2-fan-argb-x3-black\/","title":{"rendered":"Gabinete Tt View 270 Plus Argb Tg X2 Fan Argb X3 Black"},"content":{"rendered":"<p>El Gabinete Tt View 270 Plus ARGB de Thermaltake es la elecci\u00f3n perfecta para los entusiastas del gaming que buscan un dise\u00f1o elegante y funcional. Con su estructura Mid Tower y un acabado en negro, este gabinete no solo destaca por su est\u00e9tica, sino tambi\u00e9n por su robustez, fabricado en acero de alta calidad. Su panel lateral de vidrio templado permite exhibir el interior de tu equipo, creando una experiencia visual impresionante.<\/p>\n<p>Este modelo es ideal para quienes desean personalizar su sistema de refrigeraci\u00f3n, ya que es apto para refrigeraci\u00f3n l\u00edquida. Adem\u00e1s, cuenta con tres ventiladores ARGB que no solo mejoran la circulaci\u00f3n del aire, sino que tambi\u00e9n a\u00f1aden un toque de iluminaci\u00f3n din\u00e1mica a tu configuraci\u00f3n. La combinaci\u00f3n de funcionalidad y estilo hace que el Tt View 270 Plus sea una opci\u00f3n atractiva para cualquier gamer que busque un gabinete que complemente su equipo.<\/p>\n<p>Con un dise\u00f1o pensado para optimizar el flujo de aire y mantener tus componentes frescos, este gabinete es perfecto para largas sesiones de juego. Su capacidad para albergar m\u00faltiples configuraciones de hardware lo convierte en una opci\u00f3n vers\u00e1til para cualquier tipo de usuario, desde el jugador casual hasta el entusiasta de alto rendimiento. El Tt View 270 Plus es m\u00e1s que un simple gabinete; es una declaraci\u00f3n de intenciones para aquellos que buscan lo mejor en su experiencia de juego.<\/p>\n","protected":false},"excerpt":{"rendered":"<p>El Gabinete Tt View 270 Plus ARGB de Thermaltake es la elecci\u00f3n perfecta para los entusiastas del gaming que buscan un dise\u00f1o elegante y funcional. Con su estructura Mid Tower y un acabado en negro, este gabinete no solo destaca por su est\u00e9tica, sino tambi\u00e9n por su robustez, fabricado en acero de alta calidad. Su [&hellip;]<\/p>\n","protected":false},"featured_media":39104,"comment_status":"open","ping_status":"closed","template":"","meta":{"_uag_custom_page_level_css":""},"product_brand":[561],"product_cat":[109],"product_tag":[],"class_list":{"0":"post-55619","1":"product","2":"type-product","3":"status-publish","4":"has-post-thumbnail","6":"product_brand-thermaltake","7":"product_cat-gabinetes","9":"first","10":"outofstock","11":"sale","12":"taxable","13":"shipping-taxable","14":"purchasable","15":"product-type-simple"},"uagb_featured_image_src":{"full":["https:\/\/rms-enlinea.com.ar\/wp-content\/uploads\/2025\/06\/D_991311-MLU78040438656_082024-F.jpg",1080,1200,false],"thumbnail":["https:\/\/rms-enlinea.com.ar\/wp-content\/uploads\/2025\/06\/D_991311-MLU78040438656_082024-F-150x150.jpg",150,150,true],"medium":["https:\/\/rms-enlinea.com.ar\/wp-content\/uploads\/2025\/06\/D_991311-MLU78040438656_082024-F-270x300.jpg",270,300,true],"medium_large":["https:\/\/rms-enlinea.com.ar\/wp-content\/uploads\/2025\/06\/D_991311-MLU78040438656_082024-F-768x853.jpg",768,853,true],"large":["https:\/\/rms-enlinea.com.ar\/wp-content\/uploads\/2025\/06\/D_991311-MLU78040438656_082024-F-922x1024.jpg",922,1024,true],"1536x1536":["https:\/\/rms-enlinea.com.ar\/wp-content\/uploads\/2025\/06\/D_991311-MLU78040438656_082024-F.jpg",1080,1200,false],"2048x2048":["https:\/\/rms-enlinea.com.ar\/wp-content\/uploads\/2025\/06\/D_991311-MLU78040438656_082024-F.jpg",1080,1200,false],"woocommerce_thumbnail":["https:\/\/rms-enlinea.com.ar\/wp-content\/uploads\/2025\/06\/D_991311-MLU78040438656_082024-F-450x450.jpg",450,450,true],"woocommerce_single":["https:\/\/rms-enlinea.com.ar\/wp-content\/uploads\/2025\/06\/D_991311-MLU78040438656_082024-F-600x667.jpg",600,667,true],"woocommerce_gallery_thumbnail":["https:\/\/rms-enlinea.com.ar\/wp-content\/uploads\/2025\/06\/D_991311-MLU78040438656_082024-F-100x100.jpg",100,100,true]},"uagb_author_info":{"display_name":"nelson","author_link":"https:\/\/rms-enlinea.com.ar\/tienda\/author\/"},"uagb_comment_info":0,"uagb_excerpt":"El Gabinete Tt View 270 Plus ARGB de Thermaltake es la elecci\u00f3n perfecta para los entusiastas del gaming que buscan un dise\u00f1o elegante y funcional. Con su estructura Mid Tower y un acabado en negro, este gabinete no solo destaca por su est\u00e9tica, sino tambi\u00e9n por su robustez, fabricado en acero de alta calidad. Su&hellip;","_links":{"self":[{"href":"https:\/\/rms-enlinea.com.ar\/tienda\/wp-json\/wp\/v2\/product\/55619","targetHints":{"allow":["GET"]}}],"collection":[{"href":"https:\/\/rms-enlinea.com.ar\/tienda\/wp-json\/wp\/v2\/product"}],"about":[{"href":"https:\/\/rms-enlinea.com.ar\/tienda\/wp-json\/wp\/v2\/types\/product"}],"replies":[{"embeddable":true,"href":"https:\/\/rms-enlinea.com.ar\/tienda\/wp-json\/wp\/v2\/comments?post=55619"}],"wp:featuredmedia":[{"embeddable":true,"href":"https:\/\/rms-enlinea.com.ar\/tienda\/wp-json\/wp\/v2\/media\/39104"}],"wp:attachment":[{"href":"https:\/\/rms-enlinea.com.ar\/tienda\/wp-json\/wp\/v2\/media?parent=55619"}],"wp:term":[{"taxonomy":"product_brand","embeddable":true,"href":"https:\/\/rms-enlinea.com.ar\/tienda\/wp-json\/wp\/v2\/product_brand?post=55619"},{"taxonomy":"product_cat","embeddable":true,"href":"https:\/\/rms-enlinea.com.ar\/tienda\/wp-json\/wp\/v2\/product_cat?post=55619"},{"taxonomy":"product_tag","embeddable":true,"href":"https:\/\/rms-enlinea.com.ar\/tienda\/wp-json\/wp\/v2\/product_tag?post=55619"}],"curies":[{"name":"wp","href":"https:\/\/api.w.org\/{rel}","templated":true}]}}