{"id":55630,"date":"2025-09-02T18:50:21","date_gmt":"2025-09-02T21:50:21","guid":{"rendered":"https:\/\/rms-enlinea.com.ar\/tienda\/producto\/memoria-notebook-ddr5-16gb-4800mhz-hiksemi-hiker-sodimm\/"},"modified":"2026-04-21T05:50:16","modified_gmt":"2026-04-21T08:50:16","slug":"memoria-notebook-ddr5-16gb-4800mhz-hiksemi-hiker-sodimm","status":"publish","type":"product","link":"https:\/\/rms-enlinea.com.ar\/tienda\/producto\/memoria-notebook-ddr5-16gb-4800mhz-hiksemi-hiker-sodimm\/","title":{"rendered":"Memoria Notebook Ddr5 16gb 4800mhz Hiksemi Hiker Sodimm"},"content":{"rendered":"<p>Modelo<br \/>\nHS-Sodimm-HIKER<br \/>\nCapacidad<br \/>\n16 GB<br \/>\nInterfaz<br \/>\nDDR5<br \/>\nFrecuencia<br \/>\n4800 MHz<br \/>\nPin<br \/>\n260 pines<br \/>\nTama\u00f1o (L \u00d7 An \u00d7 Al mm)<br \/>\n70*30*1,3<br \/>\nTemperatura de funcionamiento<br \/>\n0 \u00b0C a 85 \u00b0C (32 \u00b0F a 185 \u00b0F)<br \/>\nPeso<br \/>\n8 gramos<\/p>\n","protected":false},"excerpt":{"rendered":"<p>Modelo HS-Sodimm-HIKER Capacidad 16 GB Interfaz DDR5 Frecuencia 4800 MHz Pin 260 pines Tama\u00f1o (L \u00d7 An \u00d7 Al mm) 70*30*1,3 Temperatura de funcionamiento 0 \u00b0C a 85 \u00b0C (32 \u00b0F a 185 \u00b0F) Peso 8 gramos<\/p>\n","protected":false},"featured_media":525,"comment_status":"open","ping_status":"closed","template":"","meta":{"_uag_custom_page_level_css":""},"product_brand":[560],"product_cat":[112],"product_tag":[],"class_list":{"0":"post-55630","1":"product","2":"type-product","3":"status-publish","4":"has-post-thumbnail","6":"product_brand-hiksemi","7":"product_cat-mamorias","9":"first","10":"outofstock","11":"sale","12":"taxable","13":"shipping-taxable","14":"purchasable","15":"product-type-simple"},"uagb_featured_image_src":{"full":["https:\/\/rms-enlinea.com.ar\/wp-content\/uploads\/2025\/06\/D_852136-MLA84205942435_042025-F.jpg",513,222,false],"thumbnail":["https:\/\/rms-enlinea.com.ar\/wp-content\/uploads\/2025\/06\/D_852136-MLA84205942435_042025-F-150x150.jpg",150,150,true],"medium":["https:\/\/rms-enlinea.com.ar\/wp-content\/uploads\/2025\/06\/D_852136-MLA84205942435_042025-F-300x130.jpg",300,130,true],"medium_large":["https:\/\/rms-enlinea.com.ar\/wp-content\/uploads\/2025\/06\/D_852136-MLA84205942435_042025-F.jpg",513,222,false],"large":["https:\/\/rms-enlinea.com.ar\/wp-content\/uploads\/2025\/06\/D_852136-MLA84205942435_042025-F.jpg",513,222,false],"1536x1536":["https:\/\/rms-enlinea.com.ar\/wp-content\/uploads\/2025\/06\/D_852136-MLA84205942435_042025-F.jpg",513,222,false],"2048x2048":["https:\/\/rms-enlinea.com.ar\/wp-content\/uploads\/2025\/06\/D_852136-MLA84205942435_042025-F.jpg",513,222,false],"woocommerce_thumbnail":["https:\/\/rms-enlinea.com.ar\/wp-content\/uploads\/2025\/06\/D_852136-MLA84205942435_042025-F-450x222.jpg",450,222,true],"woocommerce_single":["https:\/\/rms-enlinea.com.ar\/wp-content\/uploads\/2025\/06\/D_852136-MLA84205942435_042025-F.jpg",513,222,false],"woocommerce_gallery_thumbnail":["https:\/\/rms-enlinea.com.ar\/wp-content\/uploads\/2025\/06\/D_852136-MLA84205942435_042025-F-100x100.jpg",100,100,true]},"uagb_author_info":{"display_name":"nelson","author_link":"https:\/\/rms-enlinea.com.ar\/tienda\/author\/"},"uagb_comment_info":0,"uagb_excerpt":"Modelo HS-Sodimm-HIKER Capacidad 16 GB Interfaz DDR5 Frecuencia 4800 MHz Pin 260 pines Tama\u00f1o (L \u00d7 An \u00d7 Al mm) 70*30*1,3 Temperatura de funcionamiento 0 \u00b0C a 85 \u00b0C (32 \u00b0F a 185 \u00b0F) Peso 8 gramos","_links":{"self":[{"href":"https:\/\/rms-enlinea.com.ar\/tienda\/wp-json\/wp\/v2\/product\/55630","targetHints":{"allow":["GET"]}}],"collection":[{"href":"https:\/\/rms-enlinea.com.ar\/tienda\/wp-json\/wp\/v2\/product"}],"about":[{"href":"https:\/\/rms-enlinea.com.ar\/tienda\/wp-json\/wp\/v2\/types\/product"}],"replies":[{"embeddable":true,"href":"https:\/\/rms-enlinea.com.ar\/tienda\/wp-json\/wp\/v2\/comments?post=55630"}],"wp:featuredmedia":[{"embeddable":true,"href":"https:\/\/rms-enlinea.com.ar\/tienda\/wp-json\/wp\/v2\/media\/525"}],"wp:attachment":[{"href":"https:\/\/rms-enlinea.com.ar\/tienda\/wp-json\/wp\/v2\/media?parent=55630"}],"wp:term":[{"taxonomy":"product_brand","embeddable":true,"href":"https:\/\/rms-enlinea.com.ar\/tienda\/wp-json\/wp\/v2\/product_brand?post=55630"},{"taxonomy":"product_cat","embeddable":true,"href":"https:\/\/rms-enlinea.com.ar\/tienda\/wp-json\/wp\/v2\/product_cat?post=55630"},{"taxonomy":"product_tag","embeddable":true,"href":"https:\/\/rms-enlinea.com.ar\/tienda\/wp-json\/wp\/v2\/product_tag?post=55630"}],"curies":[{"name":"wp","href":"https:\/\/api.w.org\/{rel}","templated":true}]}}