{"id":55698,"date":"2025-09-03T12:30:38","date_gmt":"2025-09-03T15:30:38","guid":{"rendered":"https:\/\/rms-enlinea.com.ar\/tienda\/producto\/gabinete-tt-view-390-air-mid-tg-curvo-fan-x2-argb-black-2\/"},"modified":"2026-02-16T13:23:19","modified_gmt":"2026-02-16T16:23:19","slug":"gabinete-tt-view-390-air-mid-tg-curvo-fan-x2-argb-black-2","status":"publish","type":"product","link":"https:\/\/rms-enlinea.com.ar\/tienda\/producto\/gabinete-tt-view-390-air-mid-tg-curvo-fan-x2-argb-black-2\/","title":{"rendered":"Gabinete Tt View 390 Air Mid- Tg Curvo Fan X2 Argb Black"},"content":{"rendered":"<p>N.\u00ba de pieza CA-11F-00M6WN-00<\/p>\n<p>Serie Vista<\/p>\n<p>Tipo de caso Torre media<\/p>\n<p>Dimensiones (alto x ancho x profundidad) 503 x 287 x 485 mm (19,80 x 11,30 x 19,1 pulgadas)<\/p>\n<p>Panel Vidrio templado de 4 mm x 1<\/p>\n<p>Color Negro<\/p>\n<p>Material SPCC<\/p>\n<p>Sistema de refrigeraci\u00f3n Trasero (escape): 2 x Ventilador CT120 de 120 x 120 x 25 mm (500~2000 rpm, 25,8 dBA)<\/p>\n<p>Bah\u00edas de unidad 2 x 3,5\u201d, 1 x 2,5\u201d o 3 x 2,5\u201d<\/p>\n<p>Ranuras de expansi\u00f3n 7 (Dise\u00f1o patentado giratorio)<\/p>\n<p>Placas base compatibles Mini ITX (6,7\u201d x 6,7\u201d), Micro ATX (9,6\u201d x 9,6\u201d), ATX (12\u201d x 9,6\u201d)<\/p>\n<p>Placa base con conector oculto Micro ATX (9,6\u201d x 9,6\u201d), ATX (12\u201d x 9,6\u201d)<\/p>\n<p>Puerto de E\/S 1 x USB 3.2 Gen 2 Tipo-C, 2 x USB 3.0, 1 x Audio HD<\/p>\n<p>Fuente de alimentaci\u00f3n Fuente de alimentaci\u00f3n PS2 est\u00e1ndar (opcional)<\/p>\n","protected":false},"excerpt":{"rendered":"<p>N.\u00ba de pieza CA-11F-00M6WN-00 Serie Vista Tipo de caso Torre media Dimensiones (alto x ancho x profundidad) 503 x 287 x 485 mm (19,80 x 11,30 x 19,1 pulgadas) Panel Vidrio templado de 4 mm x 1 Color Negro Material SPCC Sistema de refrigeraci\u00f3n Trasero (escape): 2 x Ventilador CT120 de 120 x 120 x [&hellip;]<\/p>\n","protected":false},"featured_media":55699,"comment_status":"open","ping_status":"closed","template":"","meta":{"_uag_custom_page_level_css":""},"product_brand":[561],"product_cat":[109],"product_tag":[],"class_list":{"0":"post-55698","1":"product","2":"type-product","3":"status-publish","4":"has-post-thumbnail","6":"product_brand-thermaltake","7":"product_cat-gabinetes","9":"first","10":"instock","11":"sale","12":"taxable","13":"shipping-taxable","14":"purchasable","15":"product-type-simple"},"uagb_featured_image_src":{"full":["https:\/\/rms-enlinea.com.ar\/wp-content\/uploads\/2025\/09\/D_727311-MLA91193011776_092025-F.jpg",619,705,false],"thumbnail":["https:\/\/rms-enlinea.com.ar\/wp-content\/uploads\/2025\/09\/D_727311-MLA91193011776_092025-F-150x150.jpg",150,150,true],"medium":["https:\/\/rms-enlinea.com.ar\/wp-content\/uploads\/2025\/09\/D_727311-MLA91193011776_092025-F-263x300.jpg",263,300,true],"medium_large":["https:\/\/rms-enlinea.com.ar\/wp-content\/uploads\/2025\/09\/D_727311-MLA91193011776_092025-F.jpg",619,705,false],"large":["https:\/\/rms-enlinea.com.ar\/wp-content\/uploads\/2025\/09\/D_727311-MLA91193011776_092025-F.jpg",619,705,false],"1536x1536":["https:\/\/rms-enlinea.com.ar\/wp-content\/uploads\/2025\/09\/D_727311-MLA91193011776_092025-F.jpg",619,705,false],"2048x2048":["https:\/\/rms-enlinea.com.ar\/wp-content\/uploads\/2025\/09\/D_727311-MLA91193011776_092025-F.jpg",619,705,false],"woocommerce_thumbnail":["https:\/\/rms-enlinea.com.ar\/wp-content\/uploads\/2025\/09\/D_727311-MLA91193011776_092025-F-450x450.jpg",450,450,true],"woocommerce_single":["https:\/\/rms-enlinea.com.ar\/wp-content\/uploads\/2025\/09\/D_727311-MLA91193011776_092025-F-600x683.jpg",600,683,true],"woocommerce_gallery_thumbnail":["https:\/\/rms-enlinea.com.ar\/wp-content\/uploads\/2025\/09\/D_727311-MLA91193011776_092025-F-100x100.jpg",100,100,true]},"uagb_author_info":{"display_name":"nelson","author_link":"https:\/\/rms-enlinea.com.ar\/tienda\/author\/"},"uagb_comment_info":0,"uagb_excerpt":"N.\u00ba de pieza CA-11F-00M6WN-00 Serie Vista Tipo de caso Torre media Dimensiones (alto x ancho x profundidad) 503 x 287 x 485 mm (19,80 x 11,30 x 19,1 pulgadas) Panel Vidrio templado de 4 mm x 1 Color Negro Material SPCC Sistema de refrigeraci\u00f3n Trasero (escape): 2 x Ventilador CT120 de 120 x 120 x&hellip;","_links":{"self":[{"href":"https:\/\/rms-enlinea.com.ar\/tienda\/wp-json\/wp\/v2\/product\/55698","targetHints":{"allow":["GET"]}}],"collection":[{"href":"https:\/\/rms-enlinea.com.ar\/tienda\/wp-json\/wp\/v2\/product"}],"about":[{"href":"https:\/\/rms-enlinea.com.ar\/tienda\/wp-json\/wp\/v2\/types\/product"}],"replies":[{"embeddable":true,"href":"https:\/\/rms-enlinea.com.ar\/tienda\/wp-json\/wp\/v2\/comments?post=55698"}],"wp:featuredmedia":[{"embeddable":true,"href":"https:\/\/rms-enlinea.com.ar\/tienda\/wp-json\/wp\/v2\/media\/55699"}],"wp:attachment":[{"href":"https:\/\/rms-enlinea.com.ar\/tienda\/wp-json\/wp\/v2\/media?parent=55698"}],"wp:term":[{"taxonomy":"product_brand","embeddable":true,"href":"https:\/\/rms-enlinea.com.ar\/tienda\/wp-json\/wp\/v2\/product_brand?post=55698"},{"taxonomy":"product_cat","embeddable":true,"href":"https:\/\/rms-enlinea.com.ar\/tienda\/wp-json\/wp\/v2\/product_cat?post=55698"},{"taxonomy":"product_tag","embeddable":true,"href":"https:\/\/rms-enlinea.com.ar\/tienda\/wp-json\/wp\/v2\/product_tag?post=55698"}],"curies":[{"name":"wp","href":"https:\/\/api.w.org\/{rel}","templated":true}]}}