{"id":55705,"date":"2025-09-03T12:50:19","date_gmt":"2025-09-03T15:50:19","guid":{"rendered":"https:\/\/rms-enlinea.com.ar\/tienda\/producto\/joystick-razer-wolverine-v3-tournament-edition-blanco\/"},"modified":"2026-03-23T02:00:10","modified_gmt":"2026-03-23T05:00:10","slug":"joystick-razer-wolverine-v3-tournament-edition-blanco","status":"publish","type":"product","link":"https:\/\/rms-enlinea.com.ar\/tienda\/producto\/joystick-razer-wolverine-v3-tournament-edition-blanco\/","title":{"rendered":"Joystick Razer Wolverine V3 Tournament Edition Blanco"},"content":{"rendered":"<p>Conectividad<br \/>\nConexi\u00f3n por cable<br \/>\n3 m \/ 10 pies USB C a USB A<br \/>\nRequisitos del sistema<br \/>\nXbox o PC (Windows\u00ae 11 de 64 bits o superior)<br \/>\nConexi\u00f3n a Internet para la aplicaci\u00f3n Razer Controller<br \/>\nIluminaci\u00f3n Razer Chroma<br \/>\nNinguno<br \/>\nBotones de acci\u00f3n mec\u00e1nica<br \/>\nBotones de acci\u00f3n t\u00e1ctil Razer Mecha<br \/>\nBotones multifunci\u00f3n<br \/>\n4 botones de retroceso con clic del mouse<br \/>\n2 parachoques con agarre de garra<br \/>\nPanel de control r\u00e1pido<br \/>\nNinguno<br \/>\nDpad intercambiable<br \/>\nNinguno<br \/>\nJoysticks intercambiables<br \/>\nJoysticks anal\u00f3gicos de efecto Hall antideriva<br \/>\nTopes de gatillo<br \/>\n2 disparadores anal\u00f3gicos de efecto Hall con topes de disparo con clic de rat\u00f3n<br \/>\nEntrada de micr\u00f3fono<br \/>\nS\u00ed<br \/>\nSalida de audio<br \/>\nS\u00ed<br \/>\nDuraci\u00f3n de la bater\u00eda<br \/>\nNinguno<br \/>\nAplicaci\u00f3n de configuraci\u00f3n<br \/>\nS\u00ed<br \/>\nPersonalizaci\u00f3n de obras de arte<br \/>\nNinguno<br \/>\nEstuche de transporte<br \/>\nNinguno<br \/>\nDimensiones (aproximadas)<br \/>\nLongitud: 156,7 mm \/ 6,16 pulgadas<br \/>\nAncho: 105,7 mm \/ 4,16 pulgadas<br \/>\nAltura: 65 mm \/ 2,55 pulgadas<br \/>\nPeso aproximado<br \/>\n252 g \/ 0,55 libras<\/p>\n","protected":false},"excerpt":{"rendered":"<p>Conectividad Conexi\u00f3n por cable 3 m \/ 10 pies USB C a USB A Requisitos del sistema Xbox o PC (Windows\u00ae 11 de 64 bits o superior) Conexi\u00f3n a Internet para la aplicaci\u00f3n Razer Controller Iluminaci\u00f3n Razer Chroma Ninguno Botones de acci\u00f3n mec\u00e1nica Botones de acci\u00f3n t\u00e1ctil Razer Mecha Botones multifunci\u00f3n 4 botones de retroceso [&hellip;]<\/p>\n","protected":false},"featured_media":55706,"comment_status":"open","ping_status":"closed","template":"","meta":{"_uag_custom_page_level_css":""},"product_brand":[559],"product_cat":[111],"product_tag":[],"class_list":{"0":"post-55705","1":"product","2":"type-product","3":"status-publish","4":"has-post-thumbnail","6":"product_brand-razer","7":"product_cat-joystick","9":"first","10":"outofstock","11":"sale","12":"taxable","13":"shipping-taxable","14":"purchasable","15":"product-type-simple"},"uagb_featured_image_src":{"full":["https:\/\/rms-enlinea.com.ar\/wp-content\/uploads\/2025\/09\/D_820301-MLA91193012762_092025-F.jpg",1200,1146,false],"thumbnail":["https:\/\/rms-enlinea.com.ar\/wp-content\/uploads\/2025\/09\/D_820301-MLA91193012762_092025-F-150x150.jpg",150,150,true],"medium":["https:\/\/rms-enlinea.com.ar\/wp-content\/uploads\/2025\/09\/D_820301-MLA91193012762_092025-F-300x287.jpg",300,287,true],"medium_large":["https:\/\/rms-enlinea.com.ar\/wp-content\/uploads\/2025\/09\/D_820301-MLA91193012762_092025-F-768x733.jpg",768,733,true],"large":["https:\/\/rms-enlinea.com.ar\/wp-content\/uploads\/2025\/09\/D_820301-MLA91193012762_092025-F-1024x978.jpg",1024,978,true],"1536x1536":["https:\/\/rms-enlinea.com.ar\/wp-content\/uploads\/2025\/09\/D_820301-MLA91193012762_092025-F.jpg",1200,1146,false],"2048x2048":["https:\/\/rms-enlinea.com.ar\/wp-content\/uploads\/2025\/09\/D_820301-MLA91193012762_092025-F.jpg",1200,1146,false],"woocommerce_thumbnail":["https:\/\/rms-enlinea.com.ar\/wp-content\/uploads\/2025\/09\/D_820301-MLA91193012762_092025-F-450x450.jpg",450,450,true],"woocommerce_single":["https:\/\/rms-enlinea.com.ar\/wp-content\/uploads\/2025\/09\/D_820301-MLA91193012762_092025-F-600x573.jpg",600,573,true],"woocommerce_gallery_thumbnail":["https:\/\/rms-enlinea.com.ar\/wp-content\/uploads\/2025\/09\/D_820301-MLA91193012762_092025-F-100x100.jpg",100,100,true]},"uagb_author_info":{"display_name":"nelson","author_link":"https:\/\/rms-enlinea.com.ar\/tienda\/author\/"},"uagb_comment_info":0,"uagb_excerpt":"Conectividad Conexi\u00f3n por cable 3 m \/ 10 pies USB C a USB A Requisitos del sistema Xbox o PC (Windows\u00ae 11 de 64 bits o superior) Conexi\u00f3n a Internet para la aplicaci\u00f3n Razer Controller Iluminaci\u00f3n Razer Chroma Ninguno Botones de acci\u00f3n mec\u00e1nica Botones de acci\u00f3n t\u00e1ctil Razer Mecha Botones multifunci\u00f3n 4 botones de retroceso&hellip;","_links":{"self":[{"href":"https:\/\/rms-enlinea.com.ar\/tienda\/wp-json\/wp\/v2\/product\/55705","targetHints":{"allow":["GET"]}}],"collection":[{"href":"https:\/\/rms-enlinea.com.ar\/tienda\/wp-json\/wp\/v2\/product"}],"about":[{"href":"https:\/\/rms-enlinea.com.ar\/tienda\/wp-json\/wp\/v2\/types\/product"}],"replies":[{"embeddable":true,"href":"https:\/\/rms-enlinea.com.ar\/tienda\/wp-json\/wp\/v2\/comments?post=55705"}],"wp:featuredmedia":[{"embeddable":true,"href":"https:\/\/rms-enlinea.com.ar\/tienda\/wp-json\/wp\/v2\/media\/55706"}],"wp:attachment":[{"href":"https:\/\/rms-enlinea.com.ar\/tienda\/wp-json\/wp\/v2\/media?parent=55705"}],"wp:term":[{"taxonomy":"product_brand","embeddable":true,"href":"https:\/\/rms-enlinea.com.ar\/tienda\/wp-json\/wp\/v2\/product_brand?post=55705"},{"taxonomy":"product_cat","embeddable":true,"href":"https:\/\/rms-enlinea.com.ar\/tienda\/wp-json\/wp\/v2\/product_cat?post=55705"},{"taxonomy":"product_tag","embeddable":true,"href":"https:\/\/rms-enlinea.com.ar\/tienda\/wp-json\/wp\/v2\/product_tag?post=55705"}],"curies":[{"name":"wp","href":"https:\/\/api.w.org\/{rel}","templated":true}]}}