{"id":55733,"date":"2025-09-04T23:30:45","date_gmt":"2025-09-05T02:30:45","guid":{"rendered":"https:\/\/rms-enlinea.com.ar\/tienda\/producto\/ventilador-pie-18-liliana-vvpc18m-parrilla-metalica-75w-3vel\/"},"modified":"2026-04-06T14:40:31","modified_gmt":"2026-04-06T17:40:31","slug":"ventilador-pie-18-liliana-vvpc18m-parrilla-metalica-75w-3vel","status":"publish","type":"product","link":"https:\/\/rms-enlinea.com.ar\/tienda\/producto\/ventilador-pie-18-liliana-vvpc18m-parrilla-metalica-75w-3vel\/","title":{"rendered":"Ventilador Pie 18 Liliana Vvpc18m Parrilla Metalica 75w 3vel"},"content":{"rendered":"<p>Parrilla<\/p>\n<p>cromada<br \/>\nPotencia<\/p>\n<p>75 watts.<br \/>\nCabezal<\/p>\n<p>oscilante y reclinable<br \/>\nBarral<\/p>\n<p>telesc\u00f3pico met\u00e1lico de 1,70 m.<br \/>\nBase<\/p>\n<p>redonda<br \/>\nvelocidades.<\/p>\n<p>3<br \/>\nDi\u00e1metro<\/p>\n<p>18?<br \/>\nMedidas<\/p>\n<p>52,4x16x75,6 cm.<\/p>\n","protected":false},"excerpt":{"rendered":"<p>Parrilla cromada Potencia 75 watts. Cabezal oscilante y reclinable Barral telesc\u00f3pico met\u00e1lico de 1,70 m. Base redonda velocidades. 3 Di\u00e1metro 18? Medidas 52,4x16x75,6 cm.<\/p>\n","protected":false},"featured_media":55734,"comment_status":"open","ping_status":"closed","template":"","meta":{"_uag_custom_page_level_css":""},"product_brand":[533],"product_cat":[31],"product_tag":[],"class_list":{"0":"post-55733","1":"product","2":"type-product","3":"status-publish","4":"has-post-thumbnail","6":"product_brand-liliana","7":"product_cat-electrodomesticos","9":"first","10":"instock","11":"sale","12":"taxable","13":"shipping-taxable","14":"purchasable","15":"product-type-simple"},"uagb_featured_image_src":{"full":["https:\/\/rms-enlinea.com.ar\/wp-content\/uploads\/2025\/09\/D_766806-MLA91669232987_092025-F.jpg",368,1200,false],"thumbnail":["https:\/\/rms-enlinea.com.ar\/wp-content\/uploads\/2025\/09\/D_766806-MLA91669232987_092025-F-150x150.jpg",150,150,true],"medium":["https:\/\/rms-enlinea.com.ar\/wp-content\/uploads\/2025\/09\/D_766806-MLA91669232987_092025-F-92x300.jpg",92,300,true],"medium_large":["https:\/\/rms-enlinea.com.ar\/wp-content\/uploads\/2025\/09\/D_766806-MLA91669232987_092025-F.jpg",368,1200,false],"large":["https:\/\/rms-enlinea.com.ar\/wp-content\/uploads\/2025\/09\/D_766806-MLA91669232987_092025-F-314x1024.jpg",314,1024,true],"1536x1536":["https:\/\/rms-enlinea.com.ar\/wp-content\/uploads\/2025\/09\/D_766806-MLA91669232987_092025-F.jpg",368,1200,false],"2048x2048":["https:\/\/rms-enlinea.com.ar\/wp-content\/uploads\/2025\/09\/D_766806-MLA91669232987_092025-F.jpg",368,1200,false],"woocommerce_thumbnail":["https:\/\/rms-enlinea.com.ar\/wp-content\/uploads\/2025\/09\/D_766806-MLA91669232987_092025-F-368x450.jpg",368,450,true],"woocommerce_single":["https:\/\/rms-enlinea.com.ar\/wp-content\/uploads\/2025\/09\/D_766806-MLA91669232987_092025-F.jpg",368,1200,false],"woocommerce_gallery_thumbnail":["https:\/\/rms-enlinea.com.ar\/wp-content\/uploads\/2025\/09\/D_766806-MLA91669232987_092025-F-100x100.jpg",100,100,true]},"uagb_author_info":{"display_name":"nelson","author_link":"https:\/\/rms-enlinea.com.ar\/tienda\/author\/"},"uagb_comment_info":0,"uagb_excerpt":"Parrilla cromada Potencia 75 watts. Cabezal oscilante y reclinable Barral telesc\u00f3pico met\u00e1lico de 1,70 m. Base redonda velocidades. 3 Di\u00e1metro 18? Medidas 52,4x16x75,6 cm.","_links":{"self":[{"href":"https:\/\/rms-enlinea.com.ar\/tienda\/wp-json\/wp\/v2\/product\/55733","targetHints":{"allow":["GET"]}}],"collection":[{"href":"https:\/\/rms-enlinea.com.ar\/tienda\/wp-json\/wp\/v2\/product"}],"about":[{"href":"https:\/\/rms-enlinea.com.ar\/tienda\/wp-json\/wp\/v2\/types\/product"}],"replies":[{"embeddable":true,"href":"https:\/\/rms-enlinea.com.ar\/tienda\/wp-json\/wp\/v2\/comments?post=55733"}],"wp:featuredmedia":[{"embeddable":true,"href":"https:\/\/rms-enlinea.com.ar\/tienda\/wp-json\/wp\/v2\/media\/55734"}],"wp:attachment":[{"href":"https:\/\/rms-enlinea.com.ar\/tienda\/wp-json\/wp\/v2\/media?parent=55733"}],"wp:term":[{"taxonomy":"product_brand","embeddable":true,"href":"https:\/\/rms-enlinea.com.ar\/tienda\/wp-json\/wp\/v2\/product_brand?post=55733"},{"taxonomy":"product_cat","embeddable":true,"href":"https:\/\/rms-enlinea.com.ar\/tienda\/wp-json\/wp\/v2\/product_cat?post=55733"},{"taxonomy":"product_tag","embeddable":true,"href":"https:\/\/rms-enlinea.com.ar\/tienda\/wp-json\/wp\/v2\/product_tag?post=55733"}],"curies":[{"name":"wp","href":"https:\/\/api.w.org\/{rel}","templated":true}]}}