{"id":55781,"date":"2025-09-05T19:10:55","date_gmt":"2025-09-05T22:10:55","guid":{"rendered":"https:\/\/rms-enlinea.com.ar\/tienda\/producto\/mouse-inalambrico-m650-signature-logitech-mediano\/"},"modified":"2026-03-25T20:50:22","modified_gmt":"2026-03-25T23:50:22","slug":"mouse-inalambrico-m650-signature-logitech-mediano","status":"publish","type":"product","link":"https:\/\/rms-enlinea.com.ar\/tienda\/producto\/mouse-inalambrico-m650-signature-logitech-mediano\/","title":{"rendered":"Mouse Inal\u00e1mbrico M650 Signature Logitech Mediano"},"content":{"rendered":"<p>Dimensiones<br \/>Altura: 107,19 mm<\/p>\n<p>Ancho: 61,80 mm<\/p>\n<p>Profundidad: 37,8 mm<\/p>\n<p>Peso: 101,2 g<\/p>\n<p>Tecnolog\u00eda de sensor<br \/>Tecnolog\u00eda de sensor: Seguimiento \u00f3ptico avanzado de Logitech<\/p>\n<p>Valor nominal: 400 dpi<\/p>\n<p>Valor m\u00e1ximo: Up to 4000<\/p>\n<p>Botones<br \/>N\u00famero de botones: 5 (click izquierdo\/derecho, retroceso\/avance, bot\u00f3n rueda con click de bot\u00f3n central)<\/p>\n<p>Bater\u00eda<br \/>Tipo de bater\u00edas: 1 bater\u00eda AA (incluida)<\/p>\n<p>Duraci\u00f3n de la bater\u00eda con receptor USB Logi Bolt: Hasta 24 meses Depende del uso y del equipo.<\/p>\n<p>Duraci\u00f3n de la bater\u00eda con Bluetooth: hasta 20 meses Depende del uso y del equipo.<\/p>\n<p>Tipo de conexi\u00f3n<br \/>Tipo de conexi\u00f3n: Receptor USB Logi Bolt<\/p>\n<p>Tecnolog\u00eda Bluetooth: Bajo consumo<\/p>\n<p>Radio de acci\u00f3n inal\u00e1mbrico: Radio de acci\u00f3n inal\u00e1mbrico de 10 m El radio de acci\u00f3n inal\u00e1mbrico depende del entorno operativo y de la configuraci\u00f3n de dispositivos<\/p>\n","protected":false},"excerpt":{"rendered":"<p>DimensionesAltura: 107,19 mm Ancho: 61,80 mm Profundidad: 37,8 mm Peso: 101,2 g Tecnolog\u00eda de sensorTecnolog\u00eda de sensor: Seguimiento \u00f3ptico avanzado de Logitech Valor nominal: 400 dpi Valor m\u00e1ximo: Up to 4000 BotonesN\u00famero de botones: 5 (click izquierdo\/derecho, retroceso\/avance, bot\u00f3n rueda con click de bot\u00f3n central) Bater\u00edaTipo de bater\u00edas: 1 bater\u00eda AA (incluida) Duraci\u00f3n de la [&hellip;]<\/p>\n","protected":false},"featured_media":10484,"comment_status":"open","ping_status":"closed","template":"","meta":{"_uag_custom_page_level_css":""},"product_brand":[549],"product_cat":[125],"product_tag":[],"class_list":{"0":"post-55781","1":"product","2":"type-product","3":"status-publish","4":"has-post-thumbnail","6":"product_brand-logitech","7":"product_cat-teclados-y-mouses","9":"first","10":"outofstock","11":"sale","12":"taxable","13":"shipping-taxable","14":"purchasable","15":"product-type-simple"},"uagb_featured_image_src":{"full":["https:\/\/rms-enlinea.com.ar\/wp-content\/uploads\/2025\/06\/D_731836-MLA84845932229_052025-F.jpg",535,932,false],"thumbnail":["https:\/\/rms-enlinea.com.ar\/wp-content\/uploads\/2025\/06\/D_731836-MLA84845932229_052025-F-150x150.jpg",150,150,true],"medium":["https:\/\/rms-enlinea.com.ar\/wp-content\/uploads\/2025\/06\/D_731836-MLA84845932229_052025-F-172x300.jpg",172,300,true],"medium_large":["https:\/\/rms-enlinea.com.ar\/wp-content\/uploads\/2025\/06\/D_731836-MLA84845932229_052025-F.jpg",535,932,false],"large":["https:\/\/rms-enlinea.com.ar\/wp-content\/uploads\/2025\/06\/D_731836-MLA84845932229_052025-F.jpg",535,932,false],"1536x1536":["https:\/\/rms-enlinea.com.ar\/wp-content\/uploads\/2025\/06\/D_731836-MLA84845932229_052025-F.jpg",535,932,false],"2048x2048":["https:\/\/rms-enlinea.com.ar\/wp-content\/uploads\/2025\/06\/D_731836-MLA84845932229_052025-F.jpg",535,932,false],"woocommerce_thumbnail":["https:\/\/rms-enlinea.com.ar\/wp-content\/uploads\/2025\/06\/D_731836-MLA84845932229_052025-F-450x450.jpg",450,450,true],"woocommerce_single":["https:\/\/rms-enlinea.com.ar\/wp-content\/uploads\/2025\/06\/D_731836-MLA84845932229_052025-F.jpg",535,932,false],"woocommerce_gallery_thumbnail":["https:\/\/rms-enlinea.com.ar\/wp-content\/uploads\/2025\/06\/D_731836-MLA84845932229_052025-F-100x100.jpg",100,100,true]},"uagb_author_info":{"display_name":"nelson","author_link":"https:\/\/rms-enlinea.com.ar\/tienda\/author\/"},"uagb_comment_info":0,"uagb_excerpt":"DimensionesAltura: 107,19 mm Ancho: 61,80 mm Profundidad: 37,8 mm Peso: 101,2 g Tecnolog\u00eda de sensorTecnolog\u00eda de sensor: Seguimiento \u00f3ptico avanzado de Logitech Valor nominal: 400 dpi Valor m\u00e1ximo: Up to 4000 BotonesN\u00famero de botones: 5 (click izquierdo\/derecho, retroceso\/avance, bot\u00f3n rueda con click de bot\u00f3n central) Bater\u00edaTipo de bater\u00edas: 1 bater\u00eda AA (incluida) Duraci\u00f3n de la&hellip;","_links":{"self":[{"href":"https:\/\/rms-enlinea.com.ar\/tienda\/wp-json\/wp\/v2\/product\/55781","targetHints":{"allow":["GET"]}}],"collection":[{"href":"https:\/\/rms-enlinea.com.ar\/tienda\/wp-json\/wp\/v2\/product"}],"about":[{"href":"https:\/\/rms-enlinea.com.ar\/tienda\/wp-json\/wp\/v2\/types\/product"}],"replies":[{"embeddable":true,"href":"https:\/\/rms-enlinea.com.ar\/tienda\/wp-json\/wp\/v2\/comments?post=55781"}],"wp:featuredmedia":[{"embeddable":true,"href":"https:\/\/rms-enlinea.com.ar\/tienda\/wp-json\/wp\/v2\/media\/10484"}],"wp:attachment":[{"href":"https:\/\/rms-enlinea.com.ar\/tienda\/wp-json\/wp\/v2\/media?parent=55781"}],"wp:term":[{"taxonomy":"product_brand","embeddable":true,"href":"https:\/\/rms-enlinea.com.ar\/tienda\/wp-json\/wp\/v2\/product_brand?post=55781"},{"taxonomy":"product_cat","embeddable":true,"href":"https:\/\/rms-enlinea.com.ar\/tienda\/wp-json\/wp\/v2\/product_cat?post=55781"},{"taxonomy":"product_tag","embeddable":true,"href":"https:\/\/rms-enlinea.com.ar\/tienda\/wp-json\/wp\/v2\/product_tag?post=55781"}],"curies":[{"name":"wp","href":"https:\/\/api.w.org\/{rel}","templated":true}]}}