{"id":55790,"date":"2025-09-05T23:40:32","date_gmt":"2025-09-06T02:40:32","guid":{"rendered":"https:\/\/rms-enlinea.com.ar\/tienda\/producto\/kit-teclado-y-mouse-logitech-mk220-inalambrico\/"},"modified":"2026-04-21T06:59:33","modified_gmt":"2026-04-21T09:59:33","slug":"kit-teclado-y-mouse-logitech-mk220-inalambrico","status":"publish","type":"product","link":"https:\/\/rms-enlinea.com.ar\/tienda\/producto\/kit-teclado-y-mouse-logitech-mk220-inalambrico\/","title":{"rendered":"Kit Teclado Y Mouse Logitech Mk220 Inalambrico"},"content":{"rendered":"<p>DIMENSIONES<br \/>Teclado<\/p>\n<p>Longitud: 381 mm<br \/>Ancho: 112 mm<br \/>Altura: 17,78 mm<br \/>Peso: 320 g<br \/>Mouse<\/p>\n<p>Longitud: 107 mm<br \/>Ancho: 60 mm<br \/>Altura: 40 mm<br \/>Peso: 112 g<br \/>REQUISITOS DEL SISTEMA<br \/>Windows\u00ae 7,8,10 o posterior<\/p>\n<p>Chrome OS\u2122<\/p>\n<p>Un puerto USB disponible<\/p>\n<p>ESPECIFICACIONES T\u00c9CNICAS<br \/>Radio de acci\u00f3n inal\u00e1mbrico: 10 m <\/p>\n<p>Teclado<\/p>\n<p>Teclado num\u00e9rico con 10 teclas<br \/>Controles de m\u00fasica<br \/>Hasta 5 millones de pulsaciones (excluida la tecla de bloque num\u00e9rico)<br \/>Tipo de teclas: Teclas c\u00f3ncavas<br \/>Resistente a salpicaduras<br \/>2 bater\u00edas AAA (alcalinas)<br \/>Mouse<\/p>\n<p>Tecnolog\u00eda de sensor: Seguimiento \u00f3ptico uniforme<br \/>N\u00famero de botones: 3 (click izquierdo\/derecho, click de bot\u00f3n central)<br \/>Desplazamiento: l\u00ednea a l\u00ednea<br \/>Rueda de desplazamiento: S\u00ed, \u00f3ptica<br \/>2 bater\u00edas AA (alcalinas)<br \/>Sostenibilidad<\/p>\n<p>Pl\u00e1stico del mouse: 66% de material reciclado posconsumo<br \/>Pl\u00e1stico del teclado: 44% de material reciclado posconsumo<br \/>Pl\u00e1stico del receptor: 75% de material reciclado posconsumo<\/p>\n","protected":false},"excerpt":{"rendered":"<p>DIMENSIONESTeclado Longitud: 381 mmAncho: 112 mmAltura: 17,78 mmPeso: 320 gMouse Longitud: 107 mmAncho: 60 mmAltura: 40 mmPeso: 112 gREQUISITOS DEL SISTEMAWindows\u00ae 7,8,10 o posterior Chrome OS\u2122 Un puerto USB disponible ESPECIFICACIONES T\u00c9CNICASRadio de acci\u00f3n inal\u00e1mbrico: 10 m Teclado Teclado num\u00e9rico con 10 teclasControles de m\u00fasicaHasta 5 millones de pulsaciones (excluida la tecla de bloque num\u00e9rico)Tipo [&hellip;]<\/p>\n","protected":false},"featured_media":55791,"comment_status":"open","ping_status":"closed","template":"","meta":{"_uag_custom_page_level_css":""},"product_brand":[549],"product_cat":[125],"product_tag":[],"class_list":{"0":"post-55790","1":"product","2":"type-product","3":"status-publish","4":"has-post-thumbnail","6":"product_brand-logitech","7":"product_cat-teclados-y-mouses","9":"first","10":"outofstock","11":"sale","12":"taxable","13":"shipping-taxable","14":"purchasable","15":"product-type-simple"},"uagb_featured_image_src":{"full":["https:\/\/rms-enlinea.com.ar\/wp-content\/uploads\/2025\/09\/D_899671-MLA91361593976_092025-F.jpg",1200,287,false],"thumbnail":["https:\/\/rms-enlinea.com.ar\/wp-content\/uploads\/2025\/09\/D_899671-MLA91361593976_092025-F-150x150.jpg",150,150,true],"medium":["https:\/\/rms-enlinea.com.ar\/wp-content\/uploads\/2025\/09\/D_899671-MLA91361593976_092025-F-300x72.jpg",300,72,true],"medium_large":["https:\/\/rms-enlinea.com.ar\/wp-content\/uploads\/2025\/09\/D_899671-MLA91361593976_092025-F-768x184.jpg",768,184,true],"large":["https:\/\/rms-enlinea.com.ar\/wp-content\/uploads\/2025\/09\/D_899671-MLA91361593976_092025-F-1024x245.jpg",1024,245,true],"1536x1536":["https:\/\/rms-enlinea.com.ar\/wp-content\/uploads\/2025\/09\/D_899671-MLA91361593976_092025-F.jpg",1200,287,false],"2048x2048":["https:\/\/rms-enlinea.com.ar\/wp-content\/uploads\/2025\/09\/D_899671-MLA91361593976_092025-F.jpg",1200,287,false],"woocommerce_thumbnail":["https:\/\/rms-enlinea.com.ar\/wp-content\/uploads\/2025\/09\/D_899671-MLA91361593976_092025-F-450x287.jpg",450,287,true],"woocommerce_single":["https:\/\/rms-enlinea.com.ar\/wp-content\/uploads\/2025\/09\/D_899671-MLA91361593976_092025-F-600x144.jpg",600,144,true],"woocommerce_gallery_thumbnail":["https:\/\/rms-enlinea.com.ar\/wp-content\/uploads\/2025\/09\/D_899671-MLA91361593976_092025-F-100x100.jpg",100,100,true]},"uagb_author_info":{"display_name":"nelson","author_link":"https:\/\/rms-enlinea.com.ar\/tienda\/author\/"},"uagb_comment_info":0,"uagb_excerpt":"DIMENSIONESTeclado Longitud: 381 mmAncho: 112 mmAltura: 17,78 mmPeso: 320 gMouse Longitud: 107 mmAncho: 60 mmAltura: 40 mmPeso: 112 gREQUISITOS DEL SISTEMAWindows\u00ae 7,8,10 o posterior Chrome OS\u2122 Un puerto USB disponible ESPECIFICACIONES T\u00c9CNICASRadio de acci\u00f3n inal\u00e1mbrico: 10 m Teclado Teclado num\u00e9rico con 10 teclasControles de m\u00fasicaHasta 5 millones de pulsaciones (excluida la tecla de bloque num\u00e9rico)Tipo&hellip;","_links":{"self":[{"href":"https:\/\/rms-enlinea.com.ar\/tienda\/wp-json\/wp\/v2\/product\/55790","targetHints":{"allow":["GET"]}}],"collection":[{"href":"https:\/\/rms-enlinea.com.ar\/tienda\/wp-json\/wp\/v2\/product"}],"about":[{"href":"https:\/\/rms-enlinea.com.ar\/tienda\/wp-json\/wp\/v2\/types\/product"}],"replies":[{"embeddable":true,"href":"https:\/\/rms-enlinea.com.ar\/tienda\/wp-json\/wp\/v2\/comments?post=55790"}],"wp:featuredmedia":[{"embeddable":true,"href":"https:\/\/rms-enlinea.com.ar\/tienda\/wp-json\/wp\/v2\/media\/55791"}],"wp:attachment":[{"href":"https:\/\/rms-enlinea.com.ar\/tienda\/wp-json\/wp\/v2\/media?parent=55790"}],"wp:term":[{"taxonomy":"product_brand","embeddable":true,"href":"https:\/\/rms-enlinea.com.ar\/tienda\/wp-json\/wp\/v2\/product_brand?post=55790"},{"taxonomy":"product_cat","embeddable":true,"href":"https:\/\/rms-enlinea.com.ar\/tienda\/wp-json\/wp\/v2\/product_cat?post=55790"},{"taxonomy":"product_tag","embeddable":true,"href":"https:\/\/rms-enlinea.com.ar\/tienda\/wp-json\/wp\/v2\/product_tag?post=55790"}],"curies":[{"name":"wp","href":"https:\/\/api.w.org\/{rel}","templated":true}]}}