{"id":55793,"date":"2025-09-06T00:00:23","date_gmt":"2025-09-06T03:00:23","guid":{"rendered":"https:\/\/rms-enlinea.com.ar\/tienda\/producto\/teclado-bluetooth-logitech-pebble-keys-2-k380s-rose-esp\/"},"modified":"2026-04-21T05:38:43","modified_gmt":"2026-04-21T08:38:43","slug":"teclado-bluetooth-logitech-pebble-keys-2-k380s-rose-esp","status":"publish","type":"product","link":"https:\/\/rms-enlinea.com.ar\/tienda\/producto\/teclado-bluetooth-logitech-pebble-keys-2-k380s-rose-esp\/","title":{"rendered":"Teclado Bluetooth Logitech Pebble Keys 2 K380s Rose Esp"},"content":{"rendered":"<p>Altura: 124 mm<\/p>\n<p>Ancho: 279 mm<\/p>\n<p>Profundidad: 16 mm<\/p>\n<p>Peso: 415 g<\/p>\n<p>Bater\u00eda: Pilas<\/p>\n<p>Pl\u00e1sticos de grafito tonal: 64% de material reciclado posconsumo.<\/p>\n<p>Pl\u00e1sticos Tonal White y Tonal Rose: 49% de material reciclado posconsumo.<\/p>\n<p>Empacado de papel: Con certificaci\u00f3n FSC<\/p>\n<p>Tipo de conexi\u00f3n: Tecnolog\u00eda Bluetooth de bajo consumo<\/p>\n<p>Compatibilidad con tipo de conexi\u00f3n: Compatible con receptor USB Logi Bolt (no incluido)<\/p>\n<p>Radio de acci\u00f3n inal\u00e1mbrico: 10 m 5El radio de acci\u00f3n inal\u00e1mbrico depende de las condiciones del entorno y de los dispositivos.<\/p>\n","protected":false},"excerpt":{"rendered":"<p>Altura: 124 mm Ancho: 279 mm Profundidad: 16 mm Peso: 415 g Bater\u00eda: Pilas Pl\u00e1sticos de grafito tonal: 64% de material reciclado posconsumo. Pl\u00e1sticos Tonal White y Tonal Rose: 49% de material reciclado posconsumo. Empacado de papel: Con certificaci\u00f3n FSC Tipo de conexi\u00f3n: Tecnolog\u00eda Bluetooth de bajo consumo Compatibilidad con tipo de conexi\u00f3n: Compatible con [&hellip;]<\/p>\n","protected":false},"featured_media":55794,"comment_status":"open","ping_status":"closed","template":"","meta":{"_uag_custom_page_level_css":""},"product_brand":[549],"product_cat":[125],"product_tag":[],"class_list":{"0":"post-55793","1":"product","2":"type-product","3":"status-publish","4":"has-post-thumbnail","6":"product_brand-logitech","7":"product_cat-teclados-y-mouses","9":"first","10":"outofstock","11":"sale","12":"taxable","13":"shipping-taxable","14":"purchasable","15":"product-type-simple"},"uagb_featured_image_src":{"full":["https:\/\/rms-enlinea.com.ar\/wp-content\/uploads\/2025\/09\/D_910622-MLA91363647138_092025-F.jpg",1199,582,false],"thumbnail":["https:\/\/rms-enlinea.com.ar\/wp-content\/uploads\/2025\/09\/D_910622-MLA91363647138_092025-F-150x150.jpg",150,150,true],"medium":["https:\/\/rms-enlinea.com.ar\/wp-content\/uploads\/2025\/09\/D_910622-MLA91363647138_092025-F-300x146.jpg",300,146,true],"medium_large":["https:\/\/rms-enlinea.com.ar\/wp-content\/uploads\/2025\/09\/D_910622-MLA91363647138_092025-F-768x373.jpg",768,373,true],"large":["https:\/\/rms-enlinea.com.ar\/wp-content\/uploads\/2025\/09\/D_910622-MLA91363647138_092025-F-1024x497.jpg",1024,497,true],"1536x1536":["https:\/\/rms-enlinea.com.ar\/wp-content\/uploads\/2025\/09\/D_910622-MLA91363647138_092025-F.jpg",1199,582,false],"2048x2048":["https:\/\/rms-enlinea.com.ar\/wp-content\/uploads\/2025\/09\/D_910622-MLA91363647138_092025-F.jpg",1199,582,false],"woocommerce_thumbnail":["https:\/\/rms-enlinea.com.ar\/wp-content\/uploads\/2025\/09\/D_910622-MLA91363647138_092025-F-450x450.jpg",450,450,true],"woocommerce_single":["https:\/\/rms-enlinea.com.ar\/wp-content\/uploads\/2025\/09\/D_910622-MLA91363647138_092025-F-600x291.jpg",600,291,true],"woocommerce_gallery_thumbnail":["https:\/\/rms-enlinea.com.ar\/wp-content\/uploads\/2025\/09\/D_910622-MLA91363647138_092025-F-100x100.jpg",100,100,true]},"uagb_author_info":{"display_name":"nelson","author_link":"https:\/\/rms-enlinea.com.ar\/tienda\/author\/"},"uagb_comment_info":0,"uagb_excerpt":"Altura: 124 mm Ancho: 279 mm Profundidad: 16 mm Peso: 415 g Bater\u00eda: Pilas Pl\u00e1sticos de grafito tonal: 64% de material reciclado posconsumo. Pl\u00e1sticos Tonal White y Tonal Rose: 49% de material reciclado posconsumo. Empacado de papel: Con certificaci\u00f3n FSC Tipo de conexi\u00f3n: Tecnolog\u00eda Bluetooth de bajo consumo Compatibilidad con tipo de conexi\u00f3n: Compatible con&hellip;","_links":{"self":[{"href":"https:\/\/rms-enlinea.com.ar\/tienda\/wp-json\/wp\/v2\/product\/55793","targetHints":{"allow":["GET"]}}],"collection":[{"href":"https:\/\/rms-enlinea.com.ar\/tienda\/wp-json\/wp\/v2\/product"}],"about":[{"href":"https:\/\/rms-enlinea.com.ar\/tienda\/wp-json\/wp\/v2\/types\/product"}],"replies":[{"embeddable":true,"href":"https:\/\/rms-enlinea.com.ar\/tienda\/wp-json\/wp\/v2\/comments?post=55793"}],"wp:featuredmedia":[{"embeddable":true,"href":"https:\/\/rms-enlinea.com.ar\/tienda\/wp-json\/wp\/v2\/media\/55794"}],"wp:attachment":[{"href":"https:\/\/rms-enlinea.com.ar\/tienda\/wp-json\/wp\/v2\/media?parent=55793"}],"wp:term":[{"taxonomy":"product_brand","embeddable":true,"href":"https:\/\/rms-enlinea.com.ar\/tienda\/wp-json\/wp\/v2\/product_brand?post=55793"},{"taxonomy":"product_cat","embeddable":true,"href":"https:\/\/rms-enlinea.com.ar\/tienda\/wp-json\/wp\/v2\/product_cat?post=55793"},{"taxonomy":"product_tag","embeddable":true,"href":"https:\/\/rms-enlinea.com.ar\/tienda\/wp-json\/wp\/v2\/product_tag?post=55793"}],"curies":[{"name":"wp","href":"https:\/\/api.w.org\/{rel}","templated":true}]}}