{"id":55796,"date":"2025-09-06T00:00:39","date_gmt":"2025-09-06T03:00:39","guid":{"rendered":"https:\/\/rms-enlinea.com.ar\/tienda\/producto\/teclado-bluetooth-logitech-k380s-pebble-graphite\/"},"modified":"2026-04-02T17:17:20","modified_gmt":"2026-04-02T20:17:20","slug":"teclado-bluetooth-logitech-k380s-pebble-graphite","status":"publish","type":"product","link":"https:\/\/rms-enlinea.com.ar\/tienda\/producto\/teclado-bluetooth-logitech-k380s-pebble-graphite\/","title":{"rendered":"Teclado Bluetooth Logitech K380s Pebble Graphite"},"content":{"rendered":"<p>Dimensiones<br \/>Pebble Keys 2 K380s<br \/>Altura: 124 mm<br \/>Ancho: 279 mm<br \/>Profundidad: 16 mm<br \/>Peso (con bater\u00edas): 415 g<br \/>Especificaciones t\u00e9cnicas<br \/>Dise\u00f1o delgado, liviano y minimalista hecho con pl\u00e1stico reciclado. Contenido de pl\u00e1stico de Pebble Keys 2 K380s: m\u00ednimo 49% de pl\u00e1stico reciclado, excluido el pl\u00e1stico en el conjunto de cableado impreso (PWA) y el embalaje<br \/>Emparejamiento multidispositivo (hasta 3 dispositivos)<br \/>Teclas de acceso directo Fn personalizables con Logi Options +. Disponible en Windows y macOS en logi.com\/optionsplus<br \/>Escritura confortable y discreta, como en una laptop, con teclas redondeadas de perfil bajo<br \/>Teclas especiales del teclado<br \/>Mostrar escritorio, b\u00fasqueda, retroceso, dictado de voz, men\u00fa de emojis, captura de pantalla<br \/>Teclas personalizables con la aplicaci\u00f3n Logi Options +<br \/>Teclas F4-F12 de accesos directos y aumento de volumen 3Disponible en Windows y macOS en logi.com\/optionsplus<br \/>Conectividad<br \/>Tipo de conexi\u00f3n: Tecnolog\u00eda Bluetooth de bajo consumo<br \/>Compatibilidad con tipo de conexi\u00f3n: Compatible con receptor USB Logi Bolt (no incluido)<br \/>Radio de acci\u00f3n inal\u00e1mbrico: 10 m. El radio de acci\u00f3n inal\u00e1mbrico depende de las condiciones del entorno y de los dispositivos.<br \/>Bater\u00eda<br \/>2 x AAA (bater\u00edas alcalinas); bot\u00f3n de encendido\/apagado<br \/>Duraci\u00f3n de bater\u00edas: 36 meses. La duraci\u00f3n de las bater\u00edas depende del uso y de los dispositivos.<br \/>Conexi\u00f3n \/ Encendido: conmutador de encendido\/apagado<br \/>Indicador luminoso<br \/>LED de carga y 3 canales Bluetooth Easy-Switch<br \/>Sostenibilidad<br \/>Pl\u00e1sticos de grafito tonal: 64% de material reciclado posconsumo. No incluye pl\u00e1stico en conjunto de cableado impreso (PWA) y embalaje.<br \/>Pl\u00e1sticos Tonal White y Tonal Rose: 49% de material reciclado posconsumo. No incluye pl\u00e1stico en conjunto de cableado impreso (PWA) y embalaje.<br \/>Empacado de papel: Con certificaci\u00f3n FSC\u2122<br \/>Con certificaci\u00f3n Carbon Neutral<\/p>\n","protected":false},"excerpt":{"rendered":"<p>DimensionesPebble Keys 2 K380sAltura: 124 mmAncho: 279 mmProfundidad: 16 mmPeso (con bater\u00edas): 415 gEspecificaciones t\u00e9cnicasDise\u00f1o delgado, liviano y minimalista hecho con pl\u00e1stico reciclado. Contenido de pl\u00e1stico de Pebble Keys 2 K380s: m\u00ednimo 49% de pl\u00e1stico reciclado, excluido el pl\u00e1stico en el conjunto de cableado impreso (PWA) y el embalajeEmparejamiento multidispositivo (hasta 3 dispositivos)Teclas de acceso [&hellip;]<\/p>\n","protected":false},"featured_media":55797,"comment_status":"open","ping_status":"closed","template":"","meta":{"_uag_custom_page_level_css":""},"product_brand":[549],"product_cat":[125],"product_tag":[],"class_list":{"0":"post-55796","1":"product","2":"type-product","3":"status-publish","4":"has-post-thumbnail","6":"product_brand-logitech","7":"product_cat-teclados-y-mouses","9":"first","10":"outofstock","11":"sale","12":"taxable","13":"shipping-taxable","14":"purchasable","15":"product-type-simple"},"uagb_featured_image_src":{"full":["https:\/\/rms-enlinea.com.ar\/wp-content\/uploads\/2025\/09\/D_686612-MLA91760728143_092025-F.jpg",1200,584,false],"thumbnail":["https:\/\/rms-enlinea.com.ar\/wp-content\/uploads\/2025\/09\/D_686612-MLA91760728143_092025-F-150x150.jpg",150,150,true],"medium":["https:\/\/rms-enlinea.com.ar\/wp-content\/uploads\/2025\/09\/D_686612-MLA91760728143_092025-F-300x146.jpg",300,146,true],"medium_large":["https:\/\/rms-enlinea.com.ar\/wp-content\/uploads\/2025\/09\/D_686612-MLA91760728143_092025-F-768x374.jpg",768,374,true],"large":["https:\/\/rms-enlinea.com.ar\/wp-content\/uploads\/2025\/09\/D_686612-MLA91760728143_092025-F-1024x498.jpg",1024,498,true],"1536x1536":["https:\/\/rms-enlinea.com.ar\/wp-content\/uploads\/2025\/09\/D_686612-MLA91760728143_092025-F.jpg",1200,584,false],"2048x2048":["https:\/\/rms-enlinea.com.ar\/wp-content\/uploads\/2025\/09\/D_686612-MLA91760728143_092025-F.jpg",1200,584,false],"woocommerce_thumbnail":["https:\/\/rms-enlinea.com.ar\/wp-content\/uploads\/2025\/09\/D_686612-MLA91760728143_092025-F-450x450.jpg",450,450,true],"woocommerce_single":["https:\/\/rms-enlinea.com.ar\/wp-content\/uploads\/2025\/09\/D_686612-MLA91760728143_092025-F-600x292.jpg",600,292,true],"woocommerce_gallery_thumbnail":["https:\/\/rms-enlinea.com.ar\/wp-content\/uploads\/2025\/09\/D_686612-MLA91760728143_092025-F-100x100.jpg",100,100,true]},"uagb_author_info":{"display_name":"nelson","author_link":"https:\/\/rms-enlinea.com.ar\/tienda\/author\/"},"uagb_comment_info":0,"uagb_excerpt":"DimensionesPebble Keys 2 K380sAltura: 124 mmAncho: 279 mmProfundidad: 16 mmPeso (con bater\u00edas): 415 gEspecificaciones t\u00e9cnicasDise\u00f1o delgado, liviano y minimalista hecho con pl\u00e1stico reciclado. Contenido de pl\u00e1stico de Pebble Keys 2 K380s: m\u00ednimo 49% de pl\u00e1stico reciclado, excluido el pl\u00e1stico en el conjunto de cableado impreso (PWA) y el embalajeEmparejamiento multidispositivo (hasta 3 dispositivos)Teclas de acceso&hellip;","_links":{"self":[{"href":"https:\/\/rms-enlinea.com.ar\/tienda\/wp-json\/wp\/v2\/product\/55796","targetHints":{"allow":["GET"]}}],"collection":[{"href":"https:\/\/rms-enlinea.com.ar\/tienda\/wp-json\/wp\/v2\/product"}],"about":[{"href":"https:\/\/rms-enlinea.com.ar\/tienda\/wp-json\/wp\/v2\/types\/product"}],"replies":[{"embeddable":true,"href":"https:\/\/rms-enlinea.com.ar\/tienda\/wp-json\/wp\/v2\/comments?post=55796"}],"wp:featuredmedia":[{"embeddable":true,"href":"https:\/\/rms-enlinea.com.ar\/tienda\/wp-json\/wp\/v2\/media\/55797"}],"wp:attachment":[{"href":"https:\/\/rms-enlinea.com.ar\/tienda\/wp-json\/wp\/v2\/media?parent=55796"}],"wp:term":[{"taxonomy":"product_brand","embeddable":true,"href":"https:\/\/rms-enlinea.com.ar\/tienda\/wp-json\/wp\/v2\/product_brand?post=55796"},{"taxonomy":"product_cat","embeddable":true,"href":"https:\/\/rms-enlinea.com.ar\/tienda\/wp-json\/wp\/v2\/product_cat?post=55796"},{"taxonomy":"product_tag","embeddable":true,"href":"https:\/\/rms-enlinea.com.ar\/tienda\/wp-json\/wp\/v2\/product_tag?post=55796"}],"curies":[{"name":"wp","href":"https:\/\/api.w.org\/{rel}","templated":true}]}}