{"id":55802,"date":"2025-09-06T00:01:15","date_gmt":"2025-09-06T03:01:15","guid":{"rendered":"https:\/\/rms-enlinea.com.ar\/tienda\/producto\/teclado-logitech-signature-slim-k950-qwerty-blanco\/"},"modified":"2026-04-06T11:57:50","modified_gmt":"2026-04-06T14:57:50","slug":"teclado-logitech-signature-slim-k950-qwerty-blanco","status":"publish","type":"product","link":"https:\/\/rms-enlinea.com.ar\/tienda\/producto\/teclado-logitech-signature-slim-k950-qwerty-blanco\/","title":{"rendered":"Teclado Logitech Signature Slim K950 Qwerty Blanco"},"content":{"rendered":"<p>Teclado<\/p>\n<p>Altura: 134,8 mm<br \/>Ancho: 433,8 mm<br \/>Profundidad: 23,1 mm<br \/>Peso (con bater\u00eda): 685 g \/(sin pilas, sin receptor): 662,6 g<br \/>Especificaciones t\u00e9cnicas<br \/>Teclado con bater\u00edas<br \/>Tipo de bater\u00eda: No recargables, alcalinas<br \/>N\u00famero de pilas\/bater\u00edas: 2 AAA (incluidas)<br \/>Duraci\u00f3n de bater\u00edas: 36 meses 1La duraci\u00f3n de las bater\u00edas depende del uso y de los dispositivos.<br \/>Teclado (especificaciones adicionales)<\/p>\n<p>Especificaciones adicionales<br \/>Tama\u00f1o normal con teclado num\u00e9rico<br \/>Patas inclinables (para un \u00e1ngulo de escritura de 8 grados)<br \/>Bot\u00f3n de encendido\/apagado<br \/>Indicadores luminosos de bloqueo de may\u00fasculas, bater\u00edas y teclas Easy-Switch<br \/>Dise\u00f1o impreso multisistema operativo (Windows\/Mac\/Chrome)<br \/>Teclas Easy-Switch (se pueden conectar 3 dispositivos multisistema operativo)<br \/>Compatible con mouse dotado de tecnolog\u00eda Logitech Flow 2Logi Options+ debe estar instalado y todos los ordenadores conectados a la misma red. Personalice el dispositivo instalando la aplicaci\u00f3n Logi Options+ disponible para versiones recientes de Windows y macOS en logi.com\/optionsplus Actualmente, la aplicaci\u00f3n Logi Options+ no es compatible con Chrome OS, Linux, ipadOS, iOS y Android. Las funciones b\u00e1sicas del dispositivo funcionar\u00e1n sin ella. Rat\u00f3n no compatible con iOS<\/p>\n","protected":false},"excerpt":{"rendered":"<p>Teclado Altura: 134,8 mmAncho: 433,8 mmProfundidad: 23,1 mmPeso (con bater\u00eda): 685 g \/(sin pilas, sin receptor): 662,6 gEspecificaciones t\u00e9cnicasTeclado con bater\u00edasTipo de bater\u00eda: No recargables, alcalinasN\u00famero de pilas\/bater\u00edas: 2 AAA (incluidas)Duraci\u00f3n de bater\u00edas: 36 meses 1La duraci\u00f3n de las bater\u00edas depende del uso y de los dispositivos.Teclado (especificaciones adicionales) Especificaciones adicionalesTama\u00f1o normal con teclado num\u00e9ricoPatas [&hellip;]<\/p>\n","protected":false},"featured_media":55803,"comment_status":"open","ping_status":"closed","template":"","meta":{"_uag_custom_page_level_css":""},"product_brand":[549],"product_cat":[125],"product_tag":[],"class_list":{"0":"post-55802","1":"product","2":"type-product","3":"status-publish","4":"has-post-thumbnail","6":"product_brand-logitech","7":"product_cat-teclados-y-mouses","9":"first","10":"outofstock","11":"sale","12":"taxable","13":"shipping-taxable","14":"purchasable","15":"product-type-simple"},"uagb_featured_image_src":{"full":["https:\/\/rms-enlinea.com.ar\/wp-content\/uploads\/2025\/09\/D_993642-MLA91363628218_092025-F.jpg",1200,521,false],"thumbnail":["https:\/\/rms-enlinea.com.ar\/wp-content\/uploads\/2025\/09\/D_993642-MLA91363628218_092025-F-150x150.jpg",150,150,true],"medium":["https:\/\/rms-enlinea.com.ar\/wp-content\/uploads\/2025\/09\/D_993642-MLA91363628218_092025-F-300x130.jpg",300,130,true],"medium_large":["https:\/\/rms-enlinea.com.ar\/wp-content\/uploads\/2025\/09\/D_993642-MLA91363628218_092025-F-768x333.jpg",768,333,true],"large":["https:\/\/rms-enlinea.com.ar\/wp-content\/uploads\/2025\/09\/D_993642-MLA91363628218_092025-F-1024x445.jpg",1024,445,true],"1536x1536":["https:\/\/rms-enlinea.com.ar\/wp-content\/uploads\/2025\/09\/D_993642-MLA91363628218_092025-F.jpg",1200,521,false],"2048x2048":["https:\/\/rms-enlinea.com.ar\/wp-content\/uploads\/2025\/09\/D_993642-MLA91363628218_092025-F.jpg",1200,521,false],"woocommerce_thumbnail":["https:\/\/rms-enlinea.com.ar\/wp-content\/uploads\/2025\/09\/D_993642-MLA91363628218_092025-F-450x450.jpg",450,450,true],"woocommerce_single":["https:\/\/rms-enlinea.com.ar\/wp-content\/uploads\/2025\/09\/D_993642-MLA91363628218_092025-F-600x261.jpg",600,261,true],"woocommerce_gallery_thumbnail":["https:\/\/rms-enlinea.com.ar\/wp-content\/uploads\/2025\/09\/D_993642-MLA91363628218_092025-F-100x100.jpg",100,100,true]},"uagb_author_info":{"display_name":"nelson","author_link":"https:\/\/rms-enlinea.com.ar\/tienda\/author\/"},"uagb_comment_info":0,"uagb_excerpt":"Teclado Altura: 134,8 mmAncho: 433,8 mmProfundidad: 23,1 mmPeso (con bater\u00eda): 685 g \/(sin pilas, sin receptor): 662,6 gEspecificaciones t\u00e9cnicasTeclado con bater\u00edasTipo de bater\u00eda: No recargables, alcalinasN\u00famero de pilas\/bater\u00edas: 2 AAA (incluidas)Duraci\u00f3n de bater\u00edas: 36 meses 1La duraci\u00f3n de las bater\u00edas depende del uso y de los dispositivos.Teclado (especificaciones adicionales) Especificaciones adicionalesTama\u00f1o normal con teclado num\u00e9ricoPatas&hellip;","_links":{"self":[{"href":"https:\/\/rms-enlinea.com.ar\/tienda\/wp-json\/wp\/v2\/product\/55802","targetHints":{"allow":["GET"]}}],"collection":[{"href":"https:\/\/rms-enlinea.com.ar\/tienda\/wp-json\/wp\/v2\/product"}],"about":[{"href":"https:\/\/rms-enlinea.com.ar\/tienda\/wp-json\/wp\/v2\/types\/product"}],"replies":[{"embeddable":true,"href":"https:\/\/rms-enlinea.com.ar\/tienda\/wp-json\/wp\/v2\/comments?post=55802"}],"wp:featuredmedia":[{"embeddable":true,"href":"https:\/\/rms-enlinea.com.ar\/tienda\/wp-json\/wp\/v2\/media\/55803"}],"wp:attachment":[{"href":"https:\/\/rms-enlinea.com.ar\/tienda\/wp-json\/wp\/v2\/media?parent=55802"}],"wp:term":[{"taxonomy":"product_brand","embeddable":true,"href":"https:\/\/rms-enlinea.com.ar\/tienda\/wp-json\/wp\/v2\/product_brand?post=55802"},{"taxonomy":"product_cat","embeddable":true,"href":"https:\/\/rms-enlinea.com.ar\/tienda\/wp-json\/wp\/v2\/product_cat?post=55802"},{"taxonomy":"product_tag","embeddable":true,"href":"https:\/\/rms-enlinea.com.ar\/tienda\/wp-json\/wp\/v2\/product_tag?post=55802"}],"curies":[{"name":"wp","href":"https:\/\/api.w.org\/{rel}","templated":true}]}}