{"id":55805,"date":"2025-09-06T00:01:28","date_gmt":"2025-09-06T03:01:28","guid":{"rendered":"https:\/\/rms-enlinea.com.ar\/tienda\/producto\/teclado-inalambrico-logitech-k950-slim-bluetooth-graphite\/"},"modified":"2026-04-21T07:08:57","modified_gmt":"2026-04-21T10:08:57","slug":"teclado-inalambrico-logitech-k950-slim-bluetooth-graphite","status":"publish","type":"product","link":"https:\/\/rms-enlinea.com.ar\/tienda\/producto\/teclado-inalambrico-logitech-k950-slim-bluetooth-graphite\/","title":{"rendered":"Teclado Inalambrico Logitech K950 Slim Bluetooth Graphite"},"content":{"rendered":"<p>Teclado con bater\u00edas<\/p>\n<p>Tipo de bater\u00eda: No recargables, alcalinas<br \/>N\u00famero de pilas\/bater\u00edas: 2 AAA (incluidas)<br \/>Duraci\u00f3n de bater\u00edas: 36 meses 1La duraci\u00f3n de las bater\u00edas depende del uso y de los dispositivos.<br \/>Especificaciones adicionales<\/p>\n<p>Tama\u00f1o normal con teclado num\u00e9rico<br \/>Patas inclinables (para un \u00e1ngulo de escritura de 8 grados)<br \/>Bot\u00f3n de encendido\/apagado<br \/>Indicadores luminosos de bloqueo de may\u00fasculas, bater\u00edas y teclas Easy-Switch<br \/>Dise\u00f1o impreso multisistema operativo (Windows\/Mac\/Chrome)<br \/>Teclas Easy-Switch (se pueden conectar 3 dispositivos multisistema operativo)<\/p>\n","protected":false},"excerpt":{"rendered":"<p>Teclado con bater\u00edas Tipo de bater\u00eda: No recargables, alcalinasN\u00famero de pilas\/bater\u00edas: 2 AAA (incluidas)Duraci\u00f3n de bater\u00edas: 36 meses 1La duraci\u00f3n de las bater\u00edas depende del uso y de los dispositivos.Especificaciones adicionales Tama\u00f1o normal con teclado num\u00e9ricoPatas inclinables (para un \u00e1ngulo de escritura de 8 grados)Bot\u00f3n de encendido\/apagadoIndicadores luminosos de bloqueo de may\u00fasculas, bater\u00edas y teclas [&hellip;]<\/p>\n","protected":false},"featured_media":55806,"comment_status":"open","ping_status":"closed","template":"","meta":{"_uag_custom_page_level_css":""},"product_brand":[549],"product_cat":[125],"product_tag":[],"class_list":{"0":"post-55805","1":"product","2":"type-product","3":"status-publish","4":"has-post-thumbnail","6":"product_brand-logitech","7":"product_cat-teclados-y-mouses","9":"first","10":"outofstock","11":"sale","12":"taxable","13":"shipping-taxable","14":"purchasable","15":"product-type-simple"},"uagb_featured_image_src":{"full":["https:\/\/rms-enlinea.com.ar\/wp-content\/uploads\/2025\/09\/D_656001-MLA91363649450_092025-F.jpg",1199,255,false],"thumbnail":["https:\/\/rms-enlinea.com.ar\/wp-content\/uploads\/2025\/09\/D_656001-MLA91363649450_092025-F-150x150.jpg",150,150,true],"medium":["https:\/\/rms-enlinea.com.ar\/wp-content\/uploads\/2025\/09\/D_656001-MLA91363649450_092025-F-300x64.jpg",300,64,true],"medium_large":["https:\/\/rms-enlinea.com.ar\/wp-content\/uploads\/2025\/09\/D_656001-MLA91363649450_092025-F-768x163.jpg",768,163,true],"large":["https:\/\/rms-enlinea.com.ar\/wp-content\/uploads\/2025\/09\/D_656001-MLA91363649450_092025-F-1024x218.jpg",1024,218,true],"1536x1536":["https:\/\/rms-enlinea.com.ar\/wp-content\/uploads\/2025\/09\/D_656001-MLA91363649450_092025-F.jpg",1199,255,false],"2048x2048":["https:\/\/rms-enlinea.com.ar\/wp-content\/uploads\/2025\/09\/D_656001-MLA91363649450_092025-F.jpg",1199,255,false],"woocommerce_thumbnail":["https:\/\/rms-enlinea.com.ar\/wp-content\/uploads\/2025\/09\/D_656001-MLA91363649450_092025-F-450x255.jpg",450,255,true],"woocommerce_single":["https:\/\/rms-enlinea.com.ar\/wp-content\/uploads\/2025\/09\/D_656001-MLA91363649450_092025-F-600x128.jpg",600,128,true],"woocommerce_gallery_thumbnail":["https:\/\/rms-enlinea.com.ar\/wp-content\/uploads\/2025\/09\/D_656001-MLA91363649450_092025-F-100x100.jpg",100,100,true]},"uagb_author_info":{"display_name":"nelson","author_link":"https:\/\/rms-enlinea.com.ar\/tienda\/author\/"},"uagb_comment_info":0,"uagb_excerpt":"Teclado con bater\u00edas Tipo de bater\u00eda: No recargables, alcalinasN\u00famero de pilas\/bater\u00edas: 2 AAA (incluidas)Duraci\u00f3n de bater\u00edas: 36 meses 1La duraci\u00f3n de las bater\u00edas depende del uso y de los dispositivos.Especificaciones adicionales Tama\u00f1o normal con teclado num\u00e9ricoPatas inclinables (para un \u00e1ngulo de escritura de 8 grados)Bot\u00f3n de encendido\/apagadoIndicadores luminosos de bloqueo de may\u00fasculas, bater\u00edas y teclas&hellip;","_links":{"self":[{"href":"https:\/\/rms-enlinea.com.ar\/tienda\/wp-json\/wp\/v2\/product\/55805","targetHints":{"allow":["GET"]}}],"collection":[{"href":"https:\/\/rms-enlinea.com.ar\/tienda\/wp-json\/wp\/v2\/product"}],"about":[{"href":"https:\/\/rms-enlinea.com.ar\/tienda\/wp-json\/wp\/v2\/types\/product"}],"replies":[{"embeddable":true,"href":"https:\/\/rms-enlinea.com.ar\/tienda\/wp-json\/wp\/v2\/comments?post=55805"}],"wp:featuredmedia":[{"embeddable":true,"href":"https:\/\/rms-enlinea.com.ar\/tienda\/wp-json\/wp\/v2\/media\/55806"}],"wp:attachment":[{"href":"https:\/\/rms-enlinea.com.ar\/tienda\/wp-json\/wp\/v2\/media?parent=55805"}],"wp:term":[{"taxonomy":"product_brand","embeddable":true,"href":"https:\/\/rms-enlinea.com.ar\/tienda\/wp-json\/wp\/v2\/product_brand?post=55805"},{"taxonomy":"product_cat","embeddable":true,"href":"https:\/\/rms-enlinea.com.ar\/tienda\/wp-json\/wp\/v2\/product_cat?post=55805"},{"taxonomy":"product_tag","embeddable":true,"href":"https:\/\/rms-enlinea.com.ar\/tienda\/wp-json\/wp\/v2\/product_tag?post=55805"}],"curies":[{"name":"wp","href":"https:\/\/api.w.org\/{rel}","templated":true}]}}