{"id":55855,"date":"2025-09-06T13:30:24","date_gmt":"2025-09-06T16:30:24","guid":{"rendered":"https:\/\/rms-enlinea.com.ar\/tienda\/producto\/blinder-4-x-50w-led-mini-brut-tecshow-blinder-lite-ampro\/"},"modified":"2026-03-14T22:33:29","modified_gmt":"2026-03-15T01:33:29","slug":"blinder-4-x-50w-led-mini-brut-tecshow-blinder-lite-ampro","status":"publish","type":"product","link":"https:\/\/rms-enlinea.com.ar\/tienda\/producto\/blinder-4-x-50w-led-mini-brut-tecshow-blinder-lite-ampro\/","title":{"rendered":"Blinder 4 X 50w Led Mini Brut Tecshow Blinder Lite Ampro"},"content":{"rendered":"<p>BLINDER DE ALTO DESEMPE\u00d1O CON 4 LEDS BLANCOS CALIDOS<br \/>\nBLINDER LITE ES UN BLINDER LED DE GRAN DESEMPE\u00d1O QUE TIENE 4 LEDS BLANCOS C\u00c1LIDOS LOS CUALES TRABAJAN CON UNA TEMPERATURA COLOR DE 3000K. BLINDER LITE CUENTA CON UN \u00c1NGULO DE HAZ 30\u00ba, 10 PROGRAMAS INTEGRADOS Y FUNCI\u00d3N DE REGULACI\u00d3N PARA LA VELOCIDAD DEL ESTROBO.<br \/>\nFICHA<br \/>\nTECNICA<br \/>\nFUENTE &amp; \u00d3PTICAS<br \/>\n4 x 50w led<br \/>\nVIDA \u00daTIL PROMEDIO: 50.000 HORAS<br \/>\n\u00c1NGULO DE HAZ: 30\u00ba<\/p>\n<p>DATOS FOTOM\u00c9TRICOS<br \/>\nTEMPERATURA COLOR: 3000K<\/p>\n<p>EFECTOS Y FUNCIONES<br \/>\nDIMMER: 0-100% CON 4 CURVAS DE DIMMEO<br \/>\nEFECTO ESTROBO: 50-60HZ<br \/>\n10 PROGRAMAS INTEGRADOS<br \/>\nCONSTRUCCI\u00d3N S\u00d3LIDA<\/p>\n<p>CONTROL<br \/>\nCANALES DMX: 8<br \/>\nMODOS DE OPERACI\u00d3N: DMX, MASTER\/SLAVE, AUTO-RUN, FADE DE COLOR, CAMBIO DE COLOR &amp; EST\u00c1TICO<\/p>\n<p>F\u00cdSICO<br \/>\nCONECTORES DMX: 2 CONECTORES XLR (XLR-3 ENTRADA Y SALIDA)<br \/>\nCONECTORES DE ALIMENTACI\u00d3N<br \/>\nDIMENSIONES: 290X290X150 MM. \/ 11.4X11.4X5.9 PULG.<br \/>\nPESO: 3.5 KG. \/ 7.5 LBS.<\/p>\n","protected":false},"excerpt":{"rendered":"<p>BLINDER DE ALTO DESEMPE\u00d1O CON 4 LEDS BLANCOS CALIDOS BLINDER LITE ES UN BLINDER LED DE GRAN DESEMPE\u00d1O QUE TIENE 4 LEDS BLANCOS C\u00c1LIDOS LOS CUALES TRABAJAN CON UNA TEMPERATURA COLOR DE 3000K. BLINDER LITE CUENTA CON UN \u00c1NGULO DE HAZ 30\u00ba, 10 PROGRAMAS INTEGRADOS Y FUNCI\u00d3N DE REGULACI\u00d3N PARA LA VELOCIDAD DEL ESTROBO. FICHA [&hellip;]<\/p>\n","protected":false},"featured_media":30032,"comment_status":"open","ping_status":"closed","template":"","meta":{"_uag_custom_page_level_css":""},"product_brand":[477],"product_cat":[91,15],"product_tag":[],"class_list":{"0":"post-55855","1":"product","2":"type-product","3":"status-publish","4":"has-post-thumbnail","6":"product_brand-ampro","7":"product_cat-estrobo-y-blinder","8":"product_cat-sin-categorizar","10":"first","11":"outofstock","12":"sale","13":"taxable","14":"shipping-taxable","15":"purchasable","16":"product-type-simple"},"uagb_featured_image_src":{"full":["https:\/\/rms-enlinea.com.ar\/wp-content\/uploads\/2025\/06\/D_885464-MLA70225490168_072023-F.jpg",500,500,false],"thumbnail":["https:\/\/rms-enlinea.com.ar\/wp-content\/uploads\/2025\/06\/D_885464-MLA70225490168_072023-F-150x150.jpg",150,150,true],"medium":["https:\/\/rms-enlinea.com.ar\/wp-content\/uploads\/2025\/06\/D_885464-MLA70225490168_072023-F-300x300.jpg",300,300,true],"medium_large":["https:\/\/rms-enlinea.com.ar\/wp-content\/uploads\/2025\/06\/D_885464-MLA70225490168_072023-F.jpg",500,500,false],"large":["https:\/\/rms-enlinea.com.ar\/wp-content\/uploads\/2025\/06\/D_885464-MLA70225490168_072023-F.jpg",500,500,false],"1536x1536":["https:\/\/rms-enlinea.com.ar\/wp-content\/uploads\/2025\/06\/D_885464-MLA70225490168_072023-F.jpg",500,500,false],"2048x2048":["https:\/\/rms-enlinea.com.ar\/wp-content\/uploads\/2025\/06\/D_885464-MLA70225490168_072023-F.jpg",500,500,false],"woocommerce_thumbnail":["https:\/\/rms-enlinea.com.ar\/wp-content\/uploads\/2025\/06\/D_885464-MLA70225490168_072023-F-450x450.jpg",450,450,true],"woocommerce_single":["https:\/\/rms-enlinea.com.ar\/wp-content\/uploads\/2025\/06\/D_885464-MLA70225490168_072023-F.jpg",500,500,false],"woocommerce_gallery_thumbnail":["https:\/\/rms-enlinea.com.ar\/wp-content\/uploads\/2025\/06\/D_885464-MLA70225490168_072023-F-100x100.jpg",100,100,true]},"uagb_author_info":{"display_name":"nelson","author_link":"https:\/\/rms-enlinea.com.ar\/tienda\/author\/"},"uagb_comment_info":0,"uagb_excerpt":"BLINDER DE ALTO DESEMPE\u00d1O CON 4 LEDS BLANCOS CALIDOS BLINDER LITE ES UN BLINDER LED DE GRAN DESEMPE\u00d1O QUE TIENE 4 LEDS BLANCOS C\u00c1LIDOS LOS CUALES TRABAJAN CON UNA TEMPERATURA COLOR DE 3000K. BLINDER LITE CUENTA CON UN \u00c1NGULO DE HAZ 30\u00ba, 10 PROGRAMAS INTEGRADOS Y FUNCI\u00d3N DE REGULACI\u00d3N PARA LA VELOCIDAD DEL ESTROBO. FICHA&hellip;","_links":{"self":[{"href":"https:\/\/rms-enlinea.com.ar\/tienda\/wp-json\/wp\/v2\/product\/55855","targetHints":{"allow":["GET"]}}],"collection":[{"href":"https:\/\/rms-enlinea.com.ar\/tienda\/wp-json\/wp\/v2\/product"}],"about":[{"href":"https:\/\/rms-enlinea.com.ar\/tienda\/wp-json\/wp\/v2\/types\/product"}],"replies":[{"embeddable":true,"href":"https:\/\/rms-enlinea.com.ar\/tienda\/wp-json\/wp\/v2\/comments?post=55855"}],"wp:featuredmedia":[{"embeddable":true,"href":"https:\/\/rms-enlinea.com.ar\/tienda\/wp-json\/wp\/v2\/media\/30032"}],"wp:attachment":[{"href":"https:\/\/rms-enlinea.com.ar\/tienda\/wp-json\/wp\/v2\/media?parent=55855"}],"wp:term":[{"taxonomy":"product_brand","embeddable":true,"href":"https:\/\/rms-enlinea.com.ar\/tienda\/wp-json\/wp\/v2\/product_brand?post=55855"},{"taxonomy":"product_cat","embeddable":true,"href":"https:\/\/rms-enlinea.com.ar\/tienda\/wp-json\/wp\/v2\/product_cat?post=55855"},{"taxonomy":"product_tag","embeddable":true,"href":"https:\/\/rms-enlinea.com.ar\/tienda\/wp-json\/wp\/v2\/product_tag?post=55855"}],"curies":[{"name":"wp","href":"https:\/\/api.w.org\/{rel}","templated":true}]}}