{"id":55890,"date":"2025-09-08T16:22:15","date_gmt":"2025-09-08T19:22:15","guid":{"rendered":"https:\/\/rms-enlinea.com.ar\/tienda\/producto\/microprocesador-intel-core-ultra-5-235-lga-1851-3-4ghz-24mb\/"},"modified":"2026-05-04T12:30:48","modified_gmt":"2026-05-04T15:30:48","slug":"microprocesador-intel-core-ultra-5-235-lga-1851-3-4ghz-24mb","status":"publish","type":"product","link":"https:\/\/rms-enlinea.com.ar\/tienda\/producto\/microprocesador-intel-core-ultra-5-235-lga-1851-3-4ghz-24mb\/","title":{"rendered":"Microprocesador Intel Core Ultra 5 235 Lga 1851 3.4ghz 24mb"},"content":{"rendered":"<p>Cantidad de Performance-cores<\/p>\n<p>6<br \/>\nCantidad de Efficient-cores<\/p>\n<p>8<br \/>\nGPU<\/p>\n<p>Intel\u00ae Graphics<br \/>\nCache<\/p>\n<p>24M<br \/>\nSegmento<\/p>\n<p>Desktop<br \/>\nModelo<\/p>\n<p>CORE ULTRA 5 235<br \/>\nP\/N<\/p>\n<p>BX80768235<br \/>\nFrecuencia turbo m\u00e1xima<\/p>\n<p>5 GHz<br \/>\nPotencia base del procesador<\/p>\n<p>65 W<br \/>\nPotencia turbo m\u00e1xima<\/p>\n<p>121 W<br \/>\nFrecuencia din\u00e1mica m\u00e1xima de gr\u00e1ficos<\/p>\n<p>2 GHz<\/p>\n","protected":false},"excerpt":{"rendered":"<p>Cantidad de Performance-cores 6 Cantidad de Efficient-cores 8 GPU Intel\u00ae Graphics Cache 24M Segmento Desktop Modelo CORE ULTRA 5 235 P\/N BX80768235 Frecuencia turbo m\u00e1xima 5 GHz Potencia base del procesador 65 W Potencia turbo m\u00e1xima 121 W Frecuencia din\u00e1mica m\u00e1xima de gr\u00e1ficos 2 GHz<\/p>\n","protected":false},"featured_media":55891,"comment_status":"open","ping_status":"closed","template":"","meta":{"_uag_custom_page_level_css":""},"product_brand":[530],"product_cat":[121],"product_tag":[],"class_list":{"0":"post-55890","1":"product","2":"type-product","3":"status-publish","4":"has-post-thumbnail","6":"product_brand-intel","7":"product_cat-procesadores-computacion","9":"first","10":"outofstock","11":"sale","12":"taxable","13":"shipping-taxable","14":"purchasable","15":"product-type-simple"},"uagb_featured_image_src":{"full":["https:\/\/rms-enlinea.com.ar\/wp-content\/uploads\/2025\/09\/D_631057-MLA91547264080_092025-F.jpg",1091,1200,false],"thumbnail":["https:\/\/rms-enlinea.com.ar\/wp-content\/uploads\/2025\/09\/D_631057-MLA91547264080_092025-F-150x150.jpg",150,150,true],"medium":["https:\/\/rms-enlinea.com.ar\/wp-content\/uploads\/2025\/09\/D_631057-MLA91547264080_092025-F-273x300.jpg",273,300,true],"medium_large":["https:\/\/rms-enlinea.com.ar\/wp-content\/uploads\/2025\/09\/D_631057-MLA91547264080_092025-F-768x845.jpg",768,845,true],"large":["https:\/\/rms-enlinea.com.ar\/wp-content\/uploads\/2025\/09\/D_631057-MLA91547264080_092025-F-931x1024.jpg",931,1024,true],"1536x1536":["https:\/\/rms-enlinea.com.ar\/wp-content\/uploads\/2025\/09\/D_631057-MLA91547264080_092025-F.jpg",1091,1200,false],"2048x2048":["https:\/\/rms-enlinea.com.ar\/wp-content\/uploads\/2025\/09\/D_631057-MLA91547264080_092025-F.jpg",1091,1200,false],"woocommerce_thumbnail":["https:\/\/rms-enlinea.com.ar\/wp-content\/uploads\/2025\/09\/D_631057-MLA91547264080_092025-F-450x450.jpg",450,450,true],"woocommerce_single":["https:\/\/rms-enlinea.com.ar\/wp-content\/uploads\/2025\/09\/D_631057-MLA91547264080_092025-F-600x660.jpg",600,660,true],"woocommerce_gallery_thumbnail":["https:\/\/rms-enlinea.com.ar\/wp-content\/uploads\/2025\/09\/D_631057-MLA91547264080_092025-F-100x100.jpg",100,100,true]},"uagb_author_info":{"display_name":"nelson","author_link":"https:\/\/rms-enlinea.com.ar\/tienda\/author\/"},"uagb_comment_info":0,"uagb_excerpt":"Cantidad de Performance-cores 6 Cantidad de Efficient-cores 8 GPU Intel\u00ae Graphics Cache 24M Segmento Desktop Modelo CORE ULTRA 5 235 P\/N BX80768235 Frecuencia turbo m\u00e1xima 5 GHz Potencia base del procesador 65 W Potencia turbo m\u00e1xima 121 W Frecuencia din\u00e1mica m\u00e1xima de gr\u00e1ficos 2 GHz","_links":{"self":[{"href":"https:\/\/rms-enlinea.com.ar\/tienda\/wp-json\/wp\/v2\/product\/55890","targetHints":{"allow":["GET"]}}],"collection":[{"href":"https:\/\/rms-enlinea.com.ar\/tienda\/wp-json\/wp\/v2\/product"}],"about":[{"href":"https:\/\/rms-enlinea.com.ar\/tienda\/wp-json\/wp\/v2\/types\/product"}],"replies":[{"embeddable":true,"href":"https:\/\/rms-enlinea.com.ar\/tienda\/wp-json\/wp\/v2\/comments?post=55890"}],"wp:featuredmedia":[{"embeddable":true,"href":"https:\/\/rms-enlinea.com.ar\/tienda\/wp-json\/wp\/v2\/media\/55891"}],"wp:attachment":[{"href":"https:\/\/rms-enlinea.com.ar\/tienda\/wp-json\/wp\/v2\/media?parent=55890"}],"wp:term":[{"taxonomy":"product_brand","embeddable":true,"href":"https:\/\/rms-enlinea.com.ar\/tienda\/wp-json\/wp\/v2\/product_brand?post=55890"},{"taxonomy":"product_cat","embeddable":true,"href":"https:\/\/rms-enlinea.com.ar\/tienda\/wp-json\/wp\/v2\/product_cat?post=55890"},{"taxonomy":"product_tag","embeddable":true,"href":"https:\/\/rms-enlinea.com.ar\/tienda\/wp-json\/wp\/v2\/product_tag?post=55890"}],"curies":[{"name":"wp","href":"https:\/\/api.w.org\/{rel}","templated":true}]}}