{"id":55892,"date":"2025-09-08T18:42:46","date_gmt":"2025-09-08T21:42:46","guid":{"rendered":"https:\/\/rms-enlinea.com.ar\/tienda\/producto\/cubo-adaptador-para-estructura-24x24cm-a-90-grados-xpro-k960\/"},"modified":"2026-03-31T20:51:49","modified_gmt":"2026-03-31T23:51:49","slug":"cubo-adaptador-para-estructura-24x24cm-a-90-grados-xpro-k960","status":"publish","type":"product","link":"https:\/\/rms-enlinea.com.ar\/tienda\/producto\/cubo-adaptador-para-estructura-24x24cm-a-90-grados-xpro-k960\/","title":{"rendered":"Cubo Adaptador Para Estructura 24x24cm A 90 Grados Xpro K960"},"content":{"rendered":"<p>Lion support es la marca de Xpro utilizada en la linea de productos para stage,<br \/>\nelevaci\u00f3n y accesorios de montaje en shows. Al igual que Xpro, cuenta con nuestro standard<br \/>\nen calidad y test de ruptura que realizamos a trav\u00e9s de estos 15 a\u00f1os de experiencia en la<br \/>\nfabricaci\u00f3n de productos para el escenario, obteniendo la mejor relaci\u00f3n de excelente calidad<br \/>\ny precio del mercado, tambi\u00e9n cuenta con la misma garant\u00eda y servicio post venta que todos los usuarios de Xpro conocen.<br \/>\nEspecificaciones:<br \/>\n-Cubo de aluminio para Estructura de 24x24cm.<br \/>\n-Cuenta con 6 laterales para salir a 90 grados y formar lo que necesites.<\/p>\n","protected":false},"excerpt":{"rendered":"<p>Lion support es la marca de Xpro utilizada en la linea de productos para stage, elevaci\u00f3n y accesorios de montaje en shows. Al igual que Xpro, cuenta con nuestro standard en calidad y test de ruptura que realizamos a trav\u00e9s de estos 15 a\u00f1os de experiencia en la fabricaci\u00f3n de productos para el escenario, obteniendo [&hellip;]<\/p>\n","protected":false},"featured_media":55893,"comment_status":"open","ping_status":"closed","template":"","meta":{"_uag_custom_page_level_css":""},"product_brand":[472],"product_cat":[92,15],"product_tag":[],"class_list":{"0":"post-55892","1":"product","2":"type-product","3":"status-publish","4":"has-post-thumbnail","6":"product_brand-xpro","7":"product_cat-estructuras-truss-y-soportes","8":"product_cat-sin-categorizar","10":"first","11":"outofstock","12":"sale","13":"taxable","14":"shipping-taxable","15":"purchasable","16":"product-type-simple"},"uagb_featured_image_src":{"full":["https:\/\/rms-enlinea.com.ar\/wp-content\/uploads\/2025\/09\/D_698036-MLA91951164509_092025-F.jpg",1180,1200,false],"thumbnail":["https:\/\/rms-enlinea.com.ar\/wp-content\/uploads\/2025\/09\/D_698036-MLA91951164509_092025-F-150x150.jpg",150,150,true],"medium":["https:\/\/rms-enlinea.com.ar\/wp-content\/uploads\/2025\/09\/D_698036-MLA91951164509_092025-F-295x300.jpg",295,300,true],"medium_large":["https:\/\/rms-enlinea.com.ar\/wp-content\/uploads\/2025\/09\/D_698036-MLA91951164509_092025-F-768x781.jpg",768,781,true],"large":["https:\/\/rms-enlinea.com.ar\/wp-content\/uploads\/2025\/09\/D_698036-MLA91951164509_092025-F-1007x1024.jpg",1007,1024,true],"1536x1536":["https:\/\/rms-enlinea.com.ar\/wp-content\/uploads\/2025\/09\/D_698036-MLA91951164509_092025-F.jpg",1180,1200,false],"2048x2048":["https:\/\/rms-enlinea.com.ar\/wp-content\/uploads\/2025\/09\/D_698036-MLA91951164509_092025-F.jpg",1180,1200,false],"woocommerce_thumbnail":["https:\/\/rms-enlinea.com.ar\/wp-content\/uploads\/2025\/09\/D_698036-MLA91951164509_092025-F-450x450.jpg",450,450,true],"woocommerce_single":["https:\/\/rms-enlinea.com.ar\/wp-content\/uploads\/2025\/09\/D_698036-MLA91951164509_092025-F-600x610.jpg",600,610,true],"woocommerce_gallery_thumbnail":["https:\/\/rms-enlinea.com.ar\/wp-content\/uploads\/2025\/09\/D_698036-MLA91951164509_092025-F-100x100.jpg",100,100,true]},"uagb_author_info":{"display_name":"nelson","author_link":"https:\/\/rms-enlinea.com.ar\/tienda\/author\/"},"uagb_comment_info":0,"uagb_excerpt":"Lion support es la marca de Xpro utilizada en la linea de productos para stage, elevaci\u00f3n y accesorios de montaje en shows. Al igual que Xpro, cuenta con nuestro standard en calidad y test de ruptura que realizamos a trav\u00e9s de estos 15 a\u00f1os de experiencia en la fabricaci\u00f3n de productos para el escenario, obteniendo&hellip;","_links":{"self":[{"href":"https:\/\/rms-enlinea.com.ar\/tienda\/wp-json\/wp\/v2\/product\/55892","targetHints":{"allow":["GET"]}}],"collection":[{"href":"https:\/\/rms-enlinea.com.ar\/tienda\/wp-json\/wp\/v2\/product"}],"about":[{"href":"https:\/\/rms-enlinea.com.ar\/tienda\/wp-json\/wp\/v2\/types\/product"}],"replies":[{"embeddable":true,"href":"https:\/\/rms-enlinea.com.ar\/tienda\/wp-json\/wp\/v2\/comments?post=55892"}],"wp:featuredmedia":[{"embeddable":true,"href":"https:\/\/rms-enlinea.com.ar\/tienda\/wp-json\/wp\/v2\/media\/55893"}],"wp:attachment":[{"href":"https:\/\/rms-enlinea.com.ar\/tienda\/wp-json\/wp\/v2\/media?parent=55892"}],"wp:term":[{"taxonomy":"product_brand","embeddable":true,"href":"https:\/\/rms-enlinea.com.ar\/tienda\/wp-json\/wp\/v2\/product_brand?post=55892"},{"taxonomy":"product_cat","embeddable":true,"href":"https:\/\/rms-enlinea.com.ar\/tienda\/wp-json\/wp\/v2\/product_cat?post=55892"},{"taxonomy":"product_tag","embeddable":true,"href":"https:\/\/rms-enlinea.com.ar\/tienda\/wp-json\/wp\/v2\/product_tag?post=55892"}],"curies":[{"name":"wp","href":"https:\/\/api.w.org\/{rel}","templated":true}]}}