{"id":55925,"date":"2025-09-11T13:21:54","date_gmt":"2025-09-11T16:21:54","guid":{"rendered":"https:\/\/rms-enlinea.com.ar\/tienda\/producto\/maquina-de-humo-1000w-dmx-7000-pies-tecshow-steam-1000\/"},"modified":"2026-04-21T03:41:04","modified_gmt":"2026-04-21T06:41:04","slug":"maquina-de-humo-1000w-dmx-7000-pies-tecshow-steam-1000","status":"publish","type":"product","link":"https:\/\/rms-enlinea.com.ar\/tienda\/producto\/maquina-de-humo-1000w-dmx-7000-pies-tecshow-steam-1000\/","title":{"rendered":"Maquina De Humo 1000w Dmx 7000 Pies Tecshow Steam 1000"},"content":{"rendered":"<p>Conexi\u00f3n Alimentaci\u00f3n In: tipo PowerCon Conexi\u00f3n DMX: XLR 3P &amp; 5P In\/Out Conexi\u00f3n DMX In: XLR 3P &amp; 5P Conexi\u00f3n DMX Out: XLR 3P &amp; 5P Salida: 7000 pies3\/min Calentador: 1000W Tiempo de Calentamiento: 5 min Duraci\u00f3n m\u00e1x. en salida cont\u00ednua: 28 segundos Capacidad Salida: 150 m\u00b3\/min Direcci\u00f3n de salida: frontal Carcasa: Met\u00e1lica Color: Gris, Negro. Consumo L\u00edquido: 42 ml\/min Capacidad del tanque: 3 L Longitud (mm): 339 mm x 295 mm x 338 mm Peso: 7 kg Clasificaci\u00f3n IP: IP20<br \/>\nF\u00edsico<br \/>\nModo de Control: DMX, Panel trasero Canal DMX: 1 Display: LCD Temperatura Ambiente M\u00e1xima: 40 \u00b0C Temperatura M\u00e1xima de la Superficie: 60 \u00b0C Incluye: cable de alimentaci\u00f3n<br \/>\nOpciones de Montaje<br \/>\nBracket para colgado: S\u00ed C\u00e1ncamo de seguridad: S\u00ed<\/p>\n","protected":false},"excerpt":{"rendered":"<p>Conexi\u00f3n Alimentaci\u00f3n In: tipo PowerCon Conexi\u00f3n DMX: XLR 3P &amp; 5P In\/Out Conexi\u00f3n DMX In: XLR 3P &amp; 5P Conexi\u00f3n DMX Out: XLR 3P &amp; 5P Salida: 7000 pies3\/min Calentador: 1000W Tiempo de Calentamiento: 5 min Duraci\u00f3n m\u00e1x. en salida cont\u00ednua: 28 segundos Capacidad Salida: 150 m\u00b3\/min Direcci\u00f3n de salida: frontal Carcasa: Met\u00e1lica Color: Gris, [&hellip;]<\/p>\n","protected":false},"featured_media":55926,"comment_status":"open","ping_status":"closed","template":"","meta":{"_uag_custom_page_level_css":""},"product_brand":[477],"product_cat":[88,15],"product_tag":[],"class_list":{"0":"post-55925","1":"product","2":"type-product","3":"status-publish","4":"has-post-thumbnail","6":"product_brand-ampro","7":"product_cat-efectos-atmosfericos-y-fx","8":"product_cat-sin-categorizar","10":"first","11":"outofstock","12":"sale","13":"taxable","14":"shipping-taxable","15":"purchasable","16":"product-type-simple"},"uagb_featured_image_src":{"full":["https:\/\/rms-enlinea.com.ar\/wp-content\/uploads\/2025\/09\/D_905341-MLA91823399478_092025-F.jpg",1200,1115,false],"thumbnail":["https:\/\/rms-enlinea.com.ar\/wp-content\/uploads\/2025\/09\/D_905341-MLA91823399478_092025-F-150x150.jpg",150,150,true],"medium":["https:\/\/rms-enlinea.com.ar\/wp-content\/uploads\/2025\/09\/D_905341-MLA91823399478_092025-F-300x279.jpg",300,279,true],"medium_large":["https:\/\/rms-enlinea.com.ar\/wp-content\/uploads\/2025\/09\/D_905341-MLA91823399478_092025-F-768x714.jpg",768,714,true],"large":["https:\/\/rms-enlinea.com.ar\/wp-content\/uploads\/2025\/09\/D_905341-MLA91823399478_092025-F-1024x951.jpg",1024,951,true],"1536x1536":["https:\/\/rms-enlinea.com.ar\/wp-content\/uploads\/2025\/09\/D_905341-MLA91823399478_092025-F.jpg",1200,1115,false],"2048x2048":["https:\/\/rms-enlinea.com.ar\/wp-content\/uploads\/2025\/09\/D_905341-MLA91823399478_092025-F.jpg",1200,1115,false],"woocommerce_thumbnail":["https:\/\/rms-enlinea.com.ar\/wp-content\/uploads\/2025\/09\/D_905341-MLA91823399478_092025-F-450x450.jpg",450,450,true],"woocommerce_single":["https:\/\/rms-enlinea.com.ar\/wp-content\/uploads\/2025\/09\/D_905341-MLA91823399478_092025-F-600x558.jpg",600,558,true],"woocommerce_gallery_thumbnail":["https:\/\/rms-enlinea.com.ar\/wp-content\/uploads\/2025\/09\/D_905341-MLA91823399478_092025-F-100x100.jpg",100,100,true]},"uagb_author_info":{"display_name":"nelson","author_link":"https:\/\/rms-enlinea.com.ar\/tienda\/author\/"},"uagb_comment_info":0,"uagb_excerpt":"Conexi\u00f3n Alimentaci\u00f3n In: tipo PowerCon Conexi\u00f3n DMX: XLR 3P &amp; 5P In\/Out Conexi\u00f3n DMX In: XLR 3P &amp; 5P Conexi\u00f3n DMX Out: XLR 3P &amp; 5P Salida: 7000 pies3\/min Calentador: 1000W Tiempo de Calentamiento: 5 min Duraci\u00f3n m\u00e1x. en salida cont\u00ednua: 28 segundos Capacidad Salida: 150 m\u00b3\/min Direcci\u00f3n de salida: frontal Carcasa: Met\u00e1lica Color: Gris,&hellip;","_links":{"self":[{"href":"https:\/\/rms-enlinea.com.ar\/tienda\/wp-json\/wp\/v2\/product\/55925","targetHints":{"allow":["GET"]}}],"collection":[{"href":"https:\/\/rms-enlinea.com.ar\/tienda\/wp-json\/wp\/v2\/product"}],"about":[{"href":"https:\/\/rms-enlinea.com.ar\/tienda\/wp-json\/wp\/v2\/types\/product"}],"replies":[{"embeddable":true,"href":"https:\/\/rms-enlinea.com.ar\/tienda\/wp-json\/wp\/v2\/comments?post=55925"}],"wp:featuredmedia":[{"embeddable":true,"href":"https:\/\/rms-enlinea.com.ar\/tienda\/wp-json\/wp\/v2\/media\/55926"}],"wp:attachment":[{"href":"https:\/\/rms-enlinea.com.ar\/tienda\/wp-json\/wp\/v2\/media?parent=55925"}],"wp:term":[{"taxonomy":"product_brand","embeddable":true,"href":"https:\/\/rms-enlinea.com.ar\/tienda\/wp-json\/wp\/v2\/product_brand?post=55925"},{"taxonomy":"product_cat","embeddable":true,"href":"https:\/\/rms-enlinea.com.ar\/tienda\/wp-json\/wp\/v2\/product_cat?post=55925"},{"taxonomy":"product_tag","embeddable":true,"href":"https:\/\/rms-enlinea.com.ar\/tienda\/wp-json\/wp\/v2\/product_tag?post=55925"}],"curies":[{"name":"wp","href":"https:\/\/api.w.org\/{rel}","templated":true}]}}