{"id":55931,"date":"2025-09-12T16:31:23","date_gmt":"2025-09-12T19:31:23","guid":{"rendered":"https:\/\/rms-enlinea.com.ar\/tienda\/producto\/maquina-de-humo-1500w-pls-fl-1500-control-remoto-dmx\/"},"modified":"2026-04-02T18:51:18","modified_gmt":"2026-04-02T21:51:18","slug":"maquina-de-humo-1500w-pls-fl-1500-control-remoto-dmx","status":"publish","type":"product","link":"https:\/\/rms-enlinea.com.ar\/tienda\/producto\/maquina-de-humo-1500w-pls-fl-1500-control-remoto-dmx\/","title":{"rendered":"Maquina De Humo 1500w Pls Fl-1500 Control Remoto Dmx"},"content":{"rendered":"<p>Tensi\u00f3n nominal: AC220-250V 50\/60HZ<br \/>\nFusible: 8A (220V)<br \/>\nTiempo de calentamiento inicial: aproximadamente 2,5 minutos<br \/>\nTiempo de recalentamiento: 35 segundos<br \/>\nM\u00e9todo de control de temperatura: Control electr\u00f3nico de temperatura<br \/>\nDistancia de pulverizaci\u00f3n: Unos 6-7 m<br \/>\nPulverizaci\u00f3n continua (100%): Aproximadamente 30 s.<br \/>\nConsumo de l\u00edquido: 18 min\/L (100%)<br \/>\nDescarga completa de l\u00edquido: Aproximadamente 41 minutos<br \/>\nProtecci\u00f3n sin aceite: NO<br \/>\nCapacidad del tanque: 2.3L<br \/>\nTablero de visualizaci\u00f3n: Display digital<br \/>\nControlador: Control remoto inal\u00e1mbrico S-3 (433)<br \/>\nProtocolo de control: DMX-512<br \/>\nCanal DMX: 1 canal.<br \/>\nEntrada y salida DMX: XLR de 3 pines<br \/>\nPeso neto de la m\u00e1quina: 4,9 KG<br \/>\nPeso bruto de la m\u00e1quina: 5,8 KG<br \/>\nTama\u00f1o de la m\u00e1quina: 396*295*187mm<br \/>\nTama\u00f1o del embalaje: 450*310*225 mm<\/p>\n","protected":false},"excerpt":{"rendered":"<p>Tensi\u00f3n nominal: AC220-250V 50\/60HZ Fusible: 8A (220V) Tiempo de calentamiento inicial: aproximadamente 2,5 minutos Tiempo de recalentamiento: 35 segundos M\u00e9todo de control de temperatura: Control electr\u00f3nico de temperatura Distancia de pulverizaci\u00f3n: Unos 6-7 m Pulverizaci\u00f3n continua (100%): Aproximadamente 30 s. Consumo de l\u00edquido: 18 min\/L (100%) Descarga completa de l\u00edquido: Aproximadamente 41 minutos Protecci\u00f3n sin [&hellip;]<\/p>\n","protected":false},"featured_media":55932,"comment_status":"open","ping_status":"closed","template":"","meta":{"_uag_custom_page_level_css":""},"product_brand":[509],"product_cat":[88,15],"product_tag":[],"class_list":{"0":"post-55931","1":"product","2":"type-product","3":"status-publish","4":"has-post-thumbnail","6":"product_brand-pls","7":"product_cat-efectos-atmosfericos-y-fx","8":"product_cat-sin-categorizar","10":"first","11":"outofstock","12":"sale","13":"taxable","14":"shipping-taxable","15":"purchasable","16":"product-type-simple"},"uagb_featured_image_src":{"full":["https:\/\/rms-enlinea.com.ar\/wp-content\/uploads\/2025\/09\/D_635410-MLA91917818534_092025-F.jpg",1085,925,false],"thumbnail":["https:\/\/rms-enlinea.com.ar\/wp-content\/uploads\/2025\/09\/D_635410-MLA91917818534_092025-F-150x150.jpg",150,150,true],"medium":["https:\/\/rms-enlinea.com.ar\/wp-content\/uploads\/2025\/09\/D_635410-MLA91917818534_092025-F-300x256.jpg",300,256,true],"medium_large":["https:\/\/rms-enlinea.com.ar\/wp-content\/uploads\/2025\/09\/D_635410-MLA91917818534_092025-F-768x655.jpg",768,655,true],"large":["https:\/\/rms-enlinea.com.ar\/wp-content\/uploads\/2025\/09\/D_635410-MLA91917818534_092025-F-1024x873.jpg",1024,873,true],"1536x1536":["https:\/\/rms-enlinea.com.ar\/wp-content\/uploads\/2025\/09\/D_635410-MLA91917818534_092025-F.jpg",1085,925,false],"2048x2048":["https:\/\/rms-enlinea.com.ar\/wp-content\/uploads\/2025\/09\/D_635410-MLA91917818534_092025-F.jpg",1085,925,false],"woocommerce_thumbnail":["https:\/\/rms-enlinea.com.ar\/wp-content\/uploads\/2025\/09\/D_635410-MLA91917818534_092025-F-450x450.jpg",450,450,true],"woocommerce_single":["https:\/\/rms-enlinea.com.ar\/wp-content\/uploads\/2025\/09\/D_635410-MLA91917818534_092025-F-600x512.jpg",600,512,true],"woocommerce_gallery_thumbnail":["https:\/\/rms-enlinea.com.ar\/wp-content\/uploads\/2025\/09\/D_635410-MLA91917818534_092025-F-100x100.jpg",100,100,true]},"uagb_author_info":{"display_name":"nelson","author_link":"https:\/\/rms-enlinea.com.ar\/tienda\/author\/"},"uagb_comment_info":0,"uagb_excerpt":"Tensi\u00f3n nominal: AC220-250V 50\/60HZ Fusible: 8A (220V) Tiempo de calentamiento inicial: aproximadamente 2,5 minutos Tiempo de recalentamiento: 35 segundos M\u00e9todo de control de temperatura: Control electr\u00f3nico de temperatura Distancia de pulverizaci\u00f3n: Unos 6-7 m Pulverizaci\u00f3n continua (100%): Aproximadamente 30 s. Consumo de l\u00edquido: 18 min\/L (100%) Descarga completa de l\u00edquido: Aproximadamente 41 minutos Protecci\u00f3n sin&hellip;","_links":{"self":[{"href":"https:\/\/rms-enlinea.com.ar\/tienda\/wp-json\/wp\/v2\/product\/55931","targetHints":{"allow":["GET"]}}],"collection":[{"href":"https:\/\/rms-enlinea.com.ar\/tienda\/wp-json\/wp\/v2\/product"}],"about":[{"href":"https:\/\/rms-enlinea.com.ar\/tienda\/wp-json\/wp\/v2\/types\/product"}],"replies":[{"embeddable":true,"href":"https:\/\/rms-enlinea.com.ar\/tienda\/wp-json\/wp\/v2\/comments?post=55931"}],"wp:featuredmedia":[{"embeddable":true,"href":"https:\/\/rms-enlinea.com.ar\/tienda\/wp-json\/wp\/v2\/media\/55932"}],"wp:attachment":[{"href":"https:\/\/rms-enlinea.com.ar\/tienda\/wp-json\/wp\/v2\/media?parent=55931"}],"wp:term":[{"taxonomy":"product_brand","embeddable":true,"href":"https:\/\/rms-enlinea.com.ar\/tienda\/wp-json\/wp\/v2\/product_brand?post=55931"},{"taxonomy":"product_cat","embeddable":true,"href":"https:\/\/rms-enlinea.com.ar\/tienda\/wp-json\/wp\/v2\/product_cat?post=55931"},{"taxonomy":"product_tag","embeddable":true,"href":"https:\/\/rms-enlinea.com.ar\/tienda\/wp-json\/wp\/v2\/product_tag?post=55931"}],"curies":[{"name":"wp","href":"https:\/\/api.w.org\/{rel}","templated":true}]}}