{"id":55943,"date":"2025-09-12T16:31:53","date_gmt":"2025-09-12T19:31:53","guid":{"rendered":"https:\/\/rms-enlinea.com.ar\/tienda\/producto\/soporte-de-microfono-shure-a25d-para-mangos-de-19-mm\/"},"modified":"2026-04-06T13:21:45","modified_gmt":"2026-04-06T16:21:45","slug":"soporte-de-microfono-shure-a25d-para-mangos-de-19-mm","status":"publish","type":"product","link":"https:\/\/rms-enlinea.com.ar\/tienda\/producto\/soporte-de-microfono-shure-a25d-para-mangos-de-19-mm\/","title":{"rendered":"Soporte De Micr\u00f3fono Shure A25d Para Mangos De 19 Mm"},"content":{"rendered":"<p>Pinza para montar micr\u00f3fonos con un mango de 19 mm o mayor di\u00e1metro en soportes de micr\u00f3fono est\u00e1ndar.<\/p>\n","protected":false},"excerpt":{"rendered":"<p>Pinza para montar micr\u00f3fonos con un mango de 19 mm o mayor di\u00e1metro en soportes de micr\u00f3fono est\u00e1ndar.<\/p>\n","protected":false},"featured_media":55944,"comment_status":"open","ping_status":"closed","template":"","meta":{"_uag_custom_page_level_css":""},"product_brand":[681],"product_cat":[77,15],"product_tag":[],"class_list":{"0":"post-55943","1":"product","2":"type-product","3":"status-publish","4":"has-post-thumbnail","6":"product_brand-shure","7":"product_cat-pies-de-microfono-y-soportes","8":"product_cat-sin-categorizar","10":"first","11":"instock","12":"sale","13":"taxable","14":"shipping-taxable","15":"purchasable","16":"product-type-simple"},"uagb_featured_image_src":{"full":["https:\/\/rms-enlinea.com.ar\/wp-content\/uploads\/2025\/09\/D_928021-MLU72129598062_102023-F.jpg",355,500,false],"thumbnail":["https:\/\/rms-enlinea.com.ar\/wp-content\/uploads\/2025\/09\/D_928021-MLU72129598062_102023-F-150x150.jpg",150,150,true],"medium":["https:\/\/rms-enlinea.com.ar\/wp-content\/uploads\/2025\/09\/D_928021-MLU72129598062_102023-F-213x300.jpg",213,300,true],"medium_large":["https:\/\/rms-enlinea.com.ar\/wp-content\/uploads\/2025\/09\/D_928021-MLU72129598062_102023-F.jpg",355,500,false],"large":["https:\/\/rms-enlinea.com.ar\/wp-content\/uploads\/2025\/09\/D_928021-MLU72129598062_102023-F.jpg",355,500,false],"1536x1536":["https:\/\/rms-enlinea.com.ar\/wp-content\/uploads\/2025\/09\/D_928021-MLU72129598062_102023-F.jpg",355,500,false],"2048x2048":["https:\/\/rms-enlinea.com.ar\/wp-content\/uploads\/2025\/09\/D_928021-MLU72129598062_102023-F.jpg",355,500,false],"woocommerce_thumbnail":["https:\/\/rms-enlinea.com.ar\/wp-content\/uploads\/2025\/09\/D_928021-MLU72129598062_102023-F-355x450.jpg",355,450,true],"woocommerce_single":["https:\/\/rms-enlinea.com.ar\/wp-content\/uploads\/2025\/09\/D_928021-MLU72129598062_102023-F.jpg",355,500,false],"woocommerce_gallery_thumbnail":["https:\/\/rms-enlinea.com.ar\/wp-content\/uploads\/2025\/09\/D_928021-MLU72129598062_102023-F-100x100.jpg",100,100,true]},"uagb_author_info":{"display_name":"nelson","author_link":"https:\/\/rms-enlinea.com.ar\/tienda\/author\/"},"uagb_comment_info":0,"uagb_excerpt":"Pinza para montar micr\u00f3fonos con un mango de 19 mm o mayor di\u00e1metro en soportes de micr\u00f3fono est\u00e1ndar.","_links":{"self":[{"href":"https:\/\/rms-enlinea.com.ar\/tienda\/wp-json\/wp\/v2\/product\/55943","targetHints":{"allow":["GET"]}}],"collection":[{"href":"https:\/\/rms-enlinea.com.ar\/tienda\/wp-json\/wp\/v2\/product"}],"about":[{"href":"https:\/\/rms-enlinea.com.ar\/tienda\/wp-json\/wp\/v2\/types\/product"}],"replies":[{"embeddable":true,"href":"https:\/\/rms-enlinea.com.ar\/tienda\/wp-json\/wp\/v2\/comments?post=55943"}],"wp:featuredmedia":[{"embeddable":true,"href":"https:\/\/rms-enlinea.com.ar\/tienda\/wp-json\/wp\/v2\/media\/55944"}],"wp:attachment":[{"href":"https:\/\/rms-enlinea.com.ar\/tienda\/wp-json\/wp\/v2\/media?parent=55943"}],"wp:term":[{"taxonomy":"product_brand","embeddable":true,"href":"https:\/\/rms-enlinea.com.ar\/tienda\/wp-json\/wp\/v2\/product_brand?post=55943"},{"taxonomy":"product_cat","embeddable":true,"href":"https:\/\/rms-enlinea.com.ar\/tienda\/wp-json\/wp\/v2\/product_cat?post=55943"},{"taxonomy":"product_tag","embeddable":true,"href":"https:\/\/rms-enlinea.com.ar\/tienda\/wp-json\/wp\/v2\/product_tag?post=55943"}],"curies":[{"name":"wp","href":"https:\/\/api.w.org\/{rel}","templated":true}]}}