{"id":55961,"date":"2025-09-12T17:00:38","date_gmt":"2025-09-12T20:00:38","guid":{"rendered":"https:\/\/rms-enlinea.com.ar\/tienda\/producto\/microfono-shure-sm57-dinamico-para-instrumento-voz\/"},"modified":"2026-03-31T19:51:24","modified_gmt":"2026-03-31T22:51:24","slug":"microfono-shure-sm57-dinamico-para-instrumento-voz","status":"publish","type":"product","link":"https:\/\/rms-enlinea.com.ar\/tienda\/producto\/microfono-shure-sm57-dinamico-para-instrumento-voz\/","title":{"rendered":"Microfono Shure Sm57 Dinamico Para Instrumento Voz"},"content":{"rendered":"<p>Detalles<br \/>\nAdelante. A tocar.<br \/>\nRespuesta en frecuencia modelada para conseguir una limpia reproducci\u00f3n instrumental y una toma de voz de gran riqueza.<br \/>\nReproducci\u00f3n con calidad profesional de bater\u00eda, percusi\u00f3n e instrumentos amplificados.<br \/>\nPatr\u00f3n cardioide uniforme que a\u00edsla la fuente de sonido a la vez que reduce el ruido de fondo.<br \/>\nSistema antigolpes neum\u00e1tico que elimina el ruido de manejo del micro.<br \/>\nMuy resistente, hasta en las peores condiciones.<br \/>\nRespuesta en frecuencia: 40 a 15.000 Hz<br \/>\n\u00bfPara qu\u00e9 uso ha sido dise\u00f1ado el SM57?<br \/>\nEs la elecci\u00f3n m\u00e1s habitual para los m\u00fasicos profesionales que quieren un micro para su instrumento amplificado o ac\u00fastico, como puede ser un ampli de guitarra o de bajo, un saxof\u00f3n, una trompeta o una bater\u00eda. Este micro se usa en escenarios y estudios de todo el mundo.<\/p>\n<p>\u00bfC\u00f3mo suena?<br \/>\nLa respuesta en frecuencia modelada con su aumento de presencia ayuda a que el instrumento sobresalga del resto de la mezcla. Su eficaz patr\u00f3n cardioide a\u00edsla la fuente principal de sonido y permite grabar solamente la fuente hacia la que est\u00e9 apuntando, rechazando los sonidos que procedan de atr\u00e1s.<\/p>\n<p>Un redoble de tambor. Un acorde arpegiado. Un potente solo de saxof\u00f3n. Ya sea en el escenario o en el estudio, las notas que fluyen de tu instrumento conectan con tu p\u00fablico a nivel emocional. Esos sonidos necesitan un micr\u00f3fono que est\u00e9 a la altura. Para todo tipo de condiciones ac\u00fasticas, el SM57 le hace justicia a tu talento para que tus fans puedan apreciarlo.<\/p>\n","protected":false},"excerpt":{"rendered":"<p>Detalles Adelante. A tocar. Respuesta en frecuencia modelada para conseguir una limpia reproducci\u00f3n instrumental y una toma de voz de gran riqueza. Reproducci\u00f3n con calidad profesional de bater\u00eda, percusi\u00f3n e instrumentos amplificados. Patr\u00f3n cardioide uniforme que a\u00edsla la fuente de sonido a la vez que reduce el ruido de fondo. Sistema antigolpes neum\u00e1tico que elimina [&hellip;]<\/p>\n","protected":false},"featured_media":55962,"comment_status":"open","ping_status":"closed","template":"","meta":{"_uag_custom_page_level_css":""},"product_brand":[681],"product_cat":[75,15],"product_tag":[],"class_list":{"0":"post-55961","1":"product","2":"type-product","3":"status-publish","4":"has-post-thumbnail","6":"product_brand-shure","7":"product_cat-microfonos","8":"product_cat-sin-categorizar","10":"first","11":"outofstock","12":"sale","13":"taxable","14":"shipping-taxable","15":"purchasable","16":"product-type-simple"},"uagb_featured_image_src":{"full":["https:\/\/rms-enlinea.com.ar\/wp-content\/uploads\/2025\/09\/D_795725-MLA92322093191_092025-F.jpg",236,1200,false],"thumbnail":["https:\/\/rms-enlinea.com.ar\/wp-content\/uploads\/2025\/09\/D_795725-MLA92322093191_092025-F-150x150.jpg",150,150,true],"medium":["https:\/\/rms-enlinea.com.ar\/wp-content\/uploads\/2025\/09\/D_795725-MLA92322093191_092025-F-59x300.jpg",59,300,true],"medium_large":["https:\/\/rms-enlinea.com.ar\/wp-content\/uploads\/2025\/09\/D_795725-MLA92322093191_092025-F.jpg",236,1200,false],"large":["https:\/\/rms-enlinea.com.ar\/wp-content\/uploads\/2025\/09\/D_795725-MLA92322093191_092025-F-201x1024.jpg",201,1024,true],"1536x1536":["https:\/\/rms-enlinea.com.ar\/wp-content\/uploads\/2025\/09\/D_795725-MLA92322093191_092025-F.jpg",236,1200,false],"2048x2048":["https:\/\/rms-enlinea.com.ar\/wp-content\/uploads\/2025\/09\/D_795725-MLA92322093191_092025-F.jpg",236,1200,false],"woocommerce_thumbnail":["https:\/\/rms-enlinea.com.ar\/wp-content\/uploads\/2025\/09\/D_795725-MLA92322093191_092025-F-236x450.jpg",236,450,true],"woocommerce_single":["https:\/\/rms-enlinea.com.ar\/wp-content\/uploads\/2025\/09\/D_795725-MLA92322093191_092025-F.jpg",236,1200,false],"woocommerce_gallery_thumbnail":["https:\/\/rms-enlinea.com.ar\/wp-content\/uploads\/2025\/09\/D_795725-MLA92322093191_092025-F-100x100.jpg",100,100,true]},"uagb_author_info":{"display_name":"nelson","author_link":"https:\/\/rms-enlinea.com.ar\/tienda\/author\/"},"uagb_comment_info":0,"uagb_excerpt":"Detalles Adelante. A tocar. Respuesta en frecuencia modelada para conseguir una limpia reproducci\u00f3n instrumental y una toma de voz de gran riqueza. Reproducci\u00f3n con calidad profesional de bater\u00eda, percusi\u00f3n e instrumentos amplificados. Patr\u00f3n cardioide uniforme que a\u00edsla la fuente de sonido a la vez que reduce el ruido de fondo. Sistema antigolpes neum\u00e1tico que elimina&hellip;","_links":{"self":[{"href":"https:\/\/rms-enlinea.com.ar\/tienda\/wp-json\/wp\/v2\/product\/55961","targetHints":{"allow":["GET"]}}],"collection":[{"href":"https:\/\/rms-enlinea.com.ar\/tienda\/wp-json\/wp\/v2\/product"}],"about":[{"href":"https:\/\/rms-enlinea.com.ar\/tienda\/wp-json\/wp\/v2\/types\/product"}],"replies":[{"embeddable":true,"href":"https:\/\/rms-enlinea.com.ar\/tienda\/wp-json\/wp\/v2\/comments?post=55961"}],"wp:featuredmedia":[{"embeddable":true,"href":"https:\/\/rms-enlinea.com.ar\/tienda\/wp-json\/wp\/v2\/media\/55962"}],"wp:attachment":[{"href":"https:\/\/rms-enlinea.com.ar\/tienda\/wp-json\/wp\/v2\/media?parent=55961"}],"wp:term":[{"taxonomy":"product_brand","embeddable":true,"href":"https:\/\/rms-enlinea.com.ar\/tienda\/wp-json\/wp\/v2\/product_brand?post=55961"},{"taxonomy":"product_cat","embeddable":true,"href":"https:\/\/rms-enlinea.com.ar\/tienda\/wp-json\/wp\/v2\/product_cat?post=55961"},{"taxonomy":"product_tag","embeddable":true,"href":"https:\/\/rms-enlinea.com.ar\/tienda\/wp-json\/wp\/v2\/product_tag?post=55961"}],"curies":[{"name":"wp","href":"https:\/\/api.w.org\/{rel}","templated":true}]}}