{"id":55967,"date":"2025-09-12T17:20:16","date_gmt":"2025-09-12T20:20:16","guid":{"rendered":"https:\/\/rms-enlinea.com.ar\/tienda\/producto\/microfono-shure-sm58-dinamico-para-uso-vocal-50-15000hz\/"},"modified":"2026-03-31T17:14:24","modified_gmt":"2026-03-31T20:14:24","slug":"microfono-shure-sm58-dinamico-para-uso-vocal-50-15000hz","status":"publish","type":"product","link":"https:\/\/rms-enlinea.com.ar\/tienda\/producto\/microfono-shure-sm58-dinamico-para-uso-vocal-50-15000hz\/","title":{"rendered":"Microfono Shure Sm58 Dinamico Para Uso Vocal 50-15000hz"},"content":{"rendered":"<p>Datos<br \/>\nUna leyenda que se abre paso entre el ruido.<br \/>\nRespuesta de frecuencia dise\u00f1ada para la voz humana con aumento de frecuencias medias y atenuaci\u00f3n progresiva de frecuencias bajas<br \/>\nEl patr\u00f3n de captaci\u00f3n de cardioide uniforme a\u00edsla la fuente sonora principal a la vez que reduce al m\u00ednimo los ruidos de fondo<br \/>\nEl sistema de montaje neum\u00e1tico resistente a choques reduce los ruidos causados por el manejo<br \/>\nFiltro esf\u00e9rico incorporado altamente eficaz para reducir los ruidos causados por el viento y por el aliento<br \/>\nIncluye un adaptador de pedestal resistente a las roturas que gira 180\u00b0<br \/>\nLa legendaria calidad, durabilidad y confiabilidad de Shure<br \/>\nCardioide (unidireccional).<br \/>\nFrequency Response: 50 a 15.000 Hz<br \/>\nC\u00e1psula de repuesto<br \/>\n\u00bfPara qu\u00e9 es m\u00e1s adecuado el SM58?<br \/>\nEs una elecci\u00f3n ideal para un artista vocal profesional en cualquier entorno de actuaci\u00f3n en vivo. Este micr\u00f3fono para voces resalta el calor y claridad de las voces principales y de fondo. Incluso en condiciones extremas, el SM58 est\u00e1 dise\u00f1ado para captar la fuente de sonido principal minimizando el ruido de fondo. Tambi\u00e9n es muy popular entre DJs y presentadores en clubes nocturnos y en peque\u00f1as y grandes salas de shows.<\/p>\n<p>\u00bfPuede soportar los rigores de las giras?<br \/>\nSu fabricaci\u00f3n resistente, su comprobado sistema de montaje resistente a choques y su rejilla de malla de acero garantizan que, aun siendo tratado de forma extrema, el SM58 dar\u00e1 un rendimiento consistente.<\/p>\n","protected":false},"excerpt":{"rendered":"<p>Datos Una leyenda que se abre paso entre el ruido. Respuesta de frecuencia dise\u00f1ada para la voz humana con aumento de frecuencias medias y atenuaci\u00f3n progresiva de frecuencias bajas El patr\u00f3n de captaci\u00f3n de cardioide uniforme a\u00edsla la fuente sonora principal a la vez que reduce al m\u00ednimo los ruidos de fondo El sistema de [&hellip;]<\/p>\n","protected":false},"featured_media":55968,"comment_status":"open","ping_status":"closed","template":"","meta":{"_uag_custom_page_level_css":""},"product_brand":[681],"product_cat":[75,15],"product_tag":[],"class_list":{"0":"post-55967","1":"product","2":"type-product","3":"status-publish","4":"has-post-thumbnail","6":"product_brand-shure","7":"product_cat-microfonos","8":"product_cat-sin-categorizar","10":"first","11":"outofstock","12":"sale","13":"taxable","14":"shipping-taxable","15":"purchasable","16":"product-type-simple"},"uagb_featured_image_src":{"full":["https:\/\/rms-enlinea.com.ar\/wp-content\/uploads\/2025\/09\/D_786942-MLA92322324381_092025-F.jpg",364,1196,false],"thumbnail":["https:\/\/rms-enlinea.com.ar\/wp-content\/uploads\/2025\/09\/D_786942-MLA92322324381_092025-F-150x150.jpg",150,150,true],"medium":["https:\/\/rms-enlinea.com.ar\/wp-content\/uploads\/2025\/09\/D_786942-MLA92322324381_092025-F-91x300.jpg",91,300,true],"medium_large":["https:\/\/rms-enlinea.com.ar\/wp-content\/uploads\/2025\/09\/D_786942-MLA92322324381_092025-F.jpg",364,1196,false],"large":["https:\/\/rms-enlinea.com.ar\/wp-content\/uploads\/2025\/09\/D_786942-MLA92322324381_092025-F-312x1024.jpg",312,1024,true],"1536x1536":["https:\/\/rms-enlinea.com.ar\/wp-content\/uploads\/2025\/09\/D_786942-MLA92322324381_092025-F.jpg",364,1196,false],"2048x2048":["https:\/\/rms-enlinea.com.ar\/wp-content\/uploads\/2025\/09\/D_786942-MLA92322324381_092025-F.jpg",364,1196,false],"woocommerce_thumbnail":["https:\/\/rms-enlinea.com.ar\/wp-content\/uploads\/2025\/09\/D_786942-MLA92322324381_092025-F-364x450.jpg",364,450,true],"woocommerce_single":["https:\/\/rms-enlinea.com.ar\/wp-content\/uploads\/2025\/09\/D_786942-MLA92322324381_092025-F.jpg",364,1196,false],"woocommerce_gallery_thumbnail":["https:\/\/rms-enlinea.com.ar\/wp-content\/uploads\/2025\/09\/D_786942-MLA92322324381_092025-F-100x100.jpg",100,100,true]},"uagb_author_info":{"display_name":"nelson","author_link":"https:\/\/rms-enlinea.com.ar\/tienda\/author\/"},"uagb_comment_info":0,"uagb_excerpt":"Datos Una leyenda que se abre paso entre el ruido. Respuesta de frecuencia dise\u00f1ada para la voz humana con aumento de frecuencias medias y atenuaci\u00f3n progresiva de frecuencias bajas El patr\u00f3n de captaci\u00f3n de cardioide uniforme a\u00edsla la fuente sonora principal a la vez que reduce al m\u00ednimo los ruidos de fondo El sistema de&hellip;","_links":{"self":[{"href":"https:\/\/rms-enlinea.com.ar\/tienda\/wp-json\/wp\/v2\/product\/55967","targetHints":{"allow":["GET"]}}],"collection":[{"href":"https:\/\/rms-enlinea.com.ar\/tienda\/wp-json\/wp\/v2\/product"}],"about":[{"href":"https:\/\/rms-enlinea.com.ar\/tienda\/wp-json\/wp\/v2\/types\/product"}],"replies":[{"embeddable":true,"href":"https:\/\/rms-enlinea.com.ar\/tienda\/wp-json\/wp\/v2\/comments?post=55967"}],"wp:featuredmedia":[{"embeddable":true,"href":"https:\/\/rms-enlinea.com.ar\/tienda\/wp-json\/wp\/v2\/media\/55968"}],"wp:attachment":[{"href":"https:\/\/rms-enlinea.com.ar\/tienda\/wp-json\/wp\/v2\/media?parent=55967"}],"wp:term":[{"taxonomy":"product_brand","embeddable":true,"href":"https:\/\/rms-enlinea.com.ar\/tienda\/wp-json\/wp\/v2\/product_brand?post=55967"},{"taxonomy":"product_cat","embeddable":true,"href":"https:\/\/rms-enlinea.com.ar\/tienda\/wp-json\/wp\/v2\/product_cat?post=55967"},{"taxonomy":"product_tag","embeddable":true,"href":"https:\/\/rms-enlinea.com.ar\/tienda\/wp-json\/wp\/v2\/product_tag?post=55967"}],"curies":[{"name":"wp","href":"https:\/\/api.w.org\/{rel}","templated":true}]}}