{"id":55994,"date":"2025-09-15T13:00:09","date_gmt":"2025-09-15T16:00:09","guid":{"rendered":"https:\/\/rms-enlinea.com.ar\/tienda\/producto\/monitor-24-pulgadas-benq-gw2491-fhd-ips-100hz\/"},"modified":"2026-04-02T18:57:26","modified_gmt":"2026-04-02T21:57:26","slug":"monitor-24-pulgadas-benq-gw2491-fhd-ips-100hz","status":"publish","type":"product","link":"https:\/\/rms-enlinea.com.ar\/tienda\/producto\/monitor-24-pulgadas-benq-gw2491-fhd-ips-100hz\/","title":{"rendered":"Monitor 24 Pulgadas Benq Gw2491 Fhd Ips 100hz"},"content":{"rendered":"<p>Pantalla<\/p>\n<p>Tama\u00f1o de Pantalla<br \/>\n23.8 pulgadas<br \/>\nTipo de Panel<br \/>\nIPS<br \/>\nTecnolog\u00eda de Retroiluminaci\u00f3n<br \/>\nRetroiluminaci\u00f3n LED<br \/>\nResoluci\u00f3n (m\u00e1x.)<br \/>\n1920&#215;1080<br \/>\nBrillo (t\u00edp.)<br \/>\n250 nits<br \/>\n\u00c1ngulo de Visi\u00f3n (l\/D) (CR&gt;= 10)<br \/>\n178\u00b0\/178\u00b0<br \/>\nTiempo de Respuesta (GtG)<br \/>\n5 ms<br \/>\nContraste nativo<br \/>\n1300:1<br \/>\nFrecuencia de Actualizaci\u00f3n (Hz)<br \/>\n100<br \/>\nEspacio de color<br \/>\n99% sRGB<br \/>\nModos de Color<br \/>\nEst\u00e1ndar, Juego, ePaper, C\u00f3digo, Cinema<br \/>\nRelaci\u00f3n de Aspecto<br \/>\n16:9<br \/>\nCantidad de Colores<br \/>\n16,7 millones de colores<br \/>\nPPI<br \/>\n93<br \/>\nRecubrimiento en Pantalla<br \/>\nMatte<br \/>\nHDCP<br \/>\n1.4<\/p>\n","protected":false},"excerpt":{"rendered":"<p>Pantalla Tama\u00f1o de Pantalla 23.8 pulgadas Tipo de Panel IPS Tecnolog\u00eda de Retroiluminaci\u00f3n Retroiluminaci\u00f3n LED Resoluci\u00f3n (m\u00e1x.) 1920&#215;1080 Brillo (t\u00edp.) 250 nits \u00c1ngulo de Visi\u00f3n (l\/D) (CR&gt;= 10) 178\u00b0\/178\u00b0 Tiempo de Respuesta (GtG) 5 ms Contraste nativo 1300:1 Frecuencia de Actualizaci\u00f3n (Hz) 100 Espacio de color 99% sRGB Modos de Color Est\u00e1ndar, Juego, ePaper, C\u00f3digo, [&hellip;]<\/p>\n","protected":false},"featured_media":55995,"comment_status":"open","ping_status":"closed","template":"","meta":{"_uag_custom_page_level_css":""},"product_brand":[584],"product_cat":[114],"product_tag":[],"class_list":{"0":"post-55994","1":"product","2":"type-product","3":"status-publish","4":"has-post-thumbnail","6":"product_brand-benq","7":"product_cat-monitores","9":"first","10":"outofstock","11":"sale","12":"taxable","13":"shipping-taxable","14":"purchasable","15":"product-type-simple"},"uagb_featured_image_src":{"full":["https:\/\/rms-enlinea.com.ar\/wp-content\/uploads\/2025\/09\/D_741462-MLA92097656068_092025-F.jpg",1117,1200,false],"thumbnail":["https:\/\/rms-enlinea.com.ar\/wp-content\/uploads\/2025\/09\/D_741462-MLA92097656068_092025-F-150x150.jpg",150,150,true],"medium":["https:\/\/rms-enlinea.com.ar\/wp-content\/uploads\/2025\/09\/D_741462-MLA92097656068_092025-F-279x300.jpg",279,300,true],"medium_large":["https:\/\/rms-enlinea.com.ar\/wp-content\/uploads\/2025\/09\/D_741462-MLA92097656068_092025-F-768x825.jpg",768,825,true],"large":["https:\/\/rms-enlinea.com.ar\/wp-content\/uploads\/2025\/09\/D_741462-MLA92097656068_092025-F-953x1024.jpg",953,1024,true],"1536x1536":["https:\/\/rms-enlinea.com.ar\/wp-content\/uploads\/2025\/09\/D_741462-MLA92097656068_092025-F.jpg",1117,1200,false],"2048x2048":["https:\/\/rms-enlinea.com.ar\/wp-content\/uploads\/2025\/09\/D_741462-MLA92097656068_092025-F.jpg",1117,1200,false],"woocommerce_thumbnail":["https:\/\/rms-enlinea.com.ar\/wp-content\/uploads\/2025\/09\/D_741462-MLA92097656068_092025-F-450x450.jpg",450,450,true],"woocommerce_single":["https:\/\/rms-enlinea.com.ar\/wp-content\/uploads\/2025\/09\/D_741462-MLA92097656068_092025-F-600x645.jpg",600,645,true],"woocommerce_gallery_thumbnail":["https:\/\/rms-enlinea.com.ar\/wp-content\/uploads\/2025\/09\/D_741462-MLA92097656068_092025-F-100x100.jpg",100,100,true]},"uagb_author_info":{"display_name":"nelson","author_link":"https:\/\/rms-enlinea.com.ar\/tienda\/author\/"},"uagb_comment_info":0,"uagb_excerpt":"Pantalla Tama\u00f1o de Pantalla 23.8 pulgadas Tipo de Panel IPS Tecnolog\u00eda de Retroiluminaci\u00f3n Retroiluminaci\u00f3n LED Resoluci\u00f3n (m\u00e1x.) 1920&#215;1080 Brillo (t\u00edp.) 250 nits \u00c1ngulo de Visi\u00f3n (l\/D) (CR&gt;= 10) 178\u00b0\/178\u00b0 Tiempo de Respuesta (GtG) 5 ms Contraste nativo 1300:1 Frecuencia de Actualizaci\u00f3n (Hz) 100 Espacio de color 99% sRGB Modos de Color Est\u00e1ndar, Juego, ePaper, C\u00f3digo,&hellip;","_links":{"self":[{"href":"https:\/\/rms-enlinea.com.ar\/tienda\/wp-json\/wp\/v2\/product\/55994","targetHints":{"allow":["GET"]}}],"collection":[{"href":"https:\/\/rms-enlinea.com.ar\/tienda\/wp-json\/wp\/v2\/product"}],"about":[{"href":"https:\/\/rms-enlinea.com.ar\/tienda\/wp-json\/wp\/v2\/types\/product"}],"replies":[{"embeddable":true,"href":"https:\/\/rms-enlinea.com.ar\/tienda\/wp-json\/wp\/v2\/comments?post=55994"}],"wp:featuredmedia":[{"embeddable":true,"href":"https:\/\/rms-enlinea.com.ar\/tienda\/wp-json\/wp\/v2\/media\/55995"}],"wp:attachment":[{"href":"https:\/\/rms-enlinea.com.ar\/tienda\/wp-json\/wp\/v2\/media?parent=55994"}],"wp:term":[{"taxonomy":"product_brand","embeddable":true,"href":"https:\/\/rms-enlinea.com.ar\/tienda\/wp-json\/wp\/v2\/product_brand?post=55994"},{"taxonomy":"product_cat","embeddable":true,"href":"https:\/\/rms-enlinea.com.ar\/tienda\/wp-json\/wp\/v2\/product_cat?post=55994"},{"taxonomy":"product_tag","embeddable":true,"href":"https:\/\/rms-enlinea.com.ar\/tienda\/wp-json\/wp\/v2\/product_tag?post=55994"}],"curies":[{"name":"wp","href":"https:\/\/api.w.org\/{rel}","templated":true}]}}