{"id":56002,"date":"2025-09-15T18:20:24","date_gmt":"2025-09-15T21:20:24","guid":{"rendered":"https:\/\/rms-enlinea.com.ar\/tienda\/producto\/crossover-2-vias-estereo-3-vias-mono-ampro-tecshow-sc-102\/"},"modified":"2026-04-11T02:30:14","modified_gmt":"2026-04-11T05:30:14","slug":"crossover-2-vias-estereo-3-vias-mono-ampro-tecshow-sc-102","status":"publish","type":"product","link":"https:\/\/rms-enlinea.com.ar\/tienda\/producto\/crossover-2-vias-estereo-3-vias-mono-ampro-tecshow-sc-102\/","title":{"rendered":"Crossover 2 Vias Estereo 3 Vias Mono Ampro Tecshow Sc-102"},"content":{"rendered":"<p>CROSSOVER EFICIENTE Y CONFIABLE DE 2 V\u00cdAS EST\u00c9REO Y 3 V\u00cdAS MONO<br \/>SC-102 ES UN CROSSOVER DE 2 V\u00cdAS EST\u00c9REO\/ 3 V\u00cdAS MONO CON UN RANGO DE CROSSOVER EST\u00c9REO DE: BAJAS\/MEDIAS:50HZ-5KHZ;MEDIAS\/ALTAS:750HZ-7.5KHZ Y UN RANGO DE CROSSOVER MONO DE: BAJAS\/BAJAS-MEDIAS:50HZ-5KHZ;BAJAS-MEDIAS\/MEDIAS-ALTAS:750-7.5KHZ; MEDIAS-ALTAS\/ALTAS: 2KHZ-20KHZ. LA UNIDAD PROVEE UN FILTRO DE 18DB\/OCTAVA TIPO SLOPE Y CONEXIONES DE \u00bc\u2019\u2019 BALANCEADAS O DESBALANCEADAS. EL SC-102 TAMBI\u00c9N TIENE UN BOT\u00d3N DE FASE Y UN FILTRO HIGH-PASS QUE PUEDE ELIMINAR EFECTIVAMENTE LA DISTORSI\u00d3N DE BAJAS FRECUENCIAS.<br \/>FICHA<br \/>TECNICA<br \/>GENERAL<br \/>TIPOS DE CROSSOVER: EST\u00c9REO 2-V\u00cdAS, MONO 3-V\u00cdAS<br \/>RANGO DE CROSSOVER (EST\u00c9REO):<br \/>&#8211; BAJOS\/MEDIOS:50HZ-5KHZ<br \/>&#8211; MEDIOS\/ALTOS:750HZ-7.5KHZ<br \/>RANGO DE CROSSOVER (MONO):<br \/>&#8211; BAJOS\/BAJOS-MEDIOS:50HZ-5KHZ<br \/>&#8211; BAJOS-MEDIOS\/ALTOS-MEDIOS:750-7.5KHZ<br \/>&#8211; ALTOS-MEDIOS\/ALTOS: 2KHZ-20KHZ<br \/>TIPO DE FILTRO (SLOPE): 18DB\/OCTAVE<br \/>RESPUESTA DE FRECUENCIA: 20HZ-25KHZ, +0\/-1DB<br \/>RELACI\u00d3N SE\u00d1AL A RUIDO: &gt; -90DB<br \/>THD: 0.006% @ +4DBU, 1KHZ<\/p>\n<p>ENTRADAS<br \/>CONECTORES: 2 XLR BALANCEADOS<br \/>IMPEDANCIA DE ENTRADA: 20KOHM DESBALANCEADO, 40KOHM BALANCEADO.<\/p>\n<p>SALIDAS<br \/>TIPO: SERVO BALANCEADO CON FILTRO RF<br \/>CONECTORES: 4 XLR-3 BALANCEADO<br \/>IMPEDANCIA DE SALIDA: 220OHM<\/p>\n<p>F\u00cdSICO<br \/>DIMENSIONES: 482X170X44 MM. \/ 19X6.7X1.7 PULG.<br \/>PESO: 2.5 KG. \/ 5.5 LBS.<\/p>\n","protected":false},"excerpt":{"rendered":"<p>CROSSOVER EFICIENTE Y CONFIABLE DE 2 V\u00cdAS EST\u00c9REO Y 3 V\u00cdAS MONOSC-102 ES UN CROSSOVER DE 2 V\u00cdAS EST\u00c9REO\/ 3 V\u00cdAS MONO CON UN RANGO DE CROSSOVER EST\u00c9REO DE: BAJAS\/MEDIAS:50HZ-5KHZ;MEDIAS\/ALTAS:750HZ-7.5KHZ Y UN RANGO DE CROSSOVER MONO DE: BAJAS\/BAJAS-MEDIAS:50HZ-5KHZ;BAJAS-MEDIAS\/MEDIAS-ALTAS:750-7.5KHZ; MEDIAS-ALTAS\/ALTAS: 2KHZ-20KHZ. LA UNIDAD PROVEE UN FILTRO DE 18DB\/OCTAVA TIPO SLOPE Y CONEXIONES DE \u00bc\u2019\u2019 BALANCEADAS O [&hellip;]<\/p>\n","protected":false},"featured_media":37432,"comment_status":"open","ping_status":"closed","template":"","meta":{"_uag_custom_page_level_css":""},"product_brand":[477],"product_cat":[79,15],"product_tag":[],"class_list":{"0":"post-56002","1":"product","2":"type-product","3":"status-publish","4":"has-post-thumbnail","6":"product_brand-ampro","7":"product_cat-procesadores","8":"product_cat-sin-categorizar","10":"first","11":"outofstock","12":"sale","13":"taxable","14":"shipping-taxable","15":"purchasable","16":"product-type-simple"},"uagb_featured_image_src":{"full":["https:\/\/rms-enlinea.com.ar\/wp-content\/uploads\/2025\/06\/D_975264-MLA49998820524_052022-F.jpg",784,368,false],"thumbnail":["https:\/\/rms-enlinea.com.ar\/wp-content\/uploads\/2025\/06\/D_975264-MLA49998820524_052022-F-150x150.jpg",150,150,true],"medium":["https:\/\/rms-enlinea.com.ar\/wp-content\/uploads\/2025\/06\/D_975264-MLA49998820524_052022-F-300x141.jpg",300,141,true],"medium_large":["https:\/\/rms-enlinea.com.ar\/wp-content\/uploads\/2025\/06\/D_975264-MLA49998820524_052022-F-768x360.jpg",768,360,true],"large":["https:\/\/rms-enlinea.com.ar\/wp-content\/uploads\/2025\/06\/D_975264-MLA49998820524_052022-F.jpg",784,368,false],"1536x1536":["https:\/\/rms-enlinea.com.ar\/wp-content\/uploads\/2025\/06\/D_975264-MLA49998820524_052022-F.jpg",784,368,false],"2048x2048":["https:\/\/rms-enlinea.com.ar\/wp-content\/uploads\/2025\/06\/D_975264-MLA49998820524_052022-F.jpg",784,368,false],"woocommerce_thumbnail":["https:\/\/rms-enlinea.com.ar\/wp-content\/uploads\/2025\/06\/D_975264-MLA49998820524_052022-F-450x368.jpg",450,368,true],"woocommerce_single":["https:\/\/rms-enlinea.com.ar\/wp-content\/uploads\/2025\/06\/D_975264-MLA49998820524_052022-F-600x282.jpg",600,282,true],"woocommerce_gallery_thumbnail":["https:\/\/rms-enlinea.com.ar\/wp-content\/uploads\/2025\/06\/D_975264-MLA49998820524_052022-F-100x100.jpg",100,100,true]},"uagb_author_info":{"display_name":"nelson","author_link":"https:\/\/rms-enlinea.com.ar\/tienda\/author\/"},"uagb_comment_info":0,"uagb_excerpt":"CROSSOVER EFICIENTE Y CONFIABLE DE 2 V\u00cdAS EST\u00c9REO Y 3 V\u00cdAS MONOSC-102 ES UN CROSSOVER DE 2 V\u00cdAS EST\u00c9REO\/ 3 V\u00cdAS MONO CON UN RANGO DE CROSSOVER EST\u00c9REO DE: BAJAS\/MEDIAS:50HZ-5KHZ;MEDIAS\/ALTAS:750HZ-7.5KHZ Y UN RANGO DE CROSSOVER MONO DE: BAJAS\/BAJAS-MEDIAS:50HZ-5KHZ;BAJAS-MEDIAS\/MEDIAS-ALTAS:750-7.5KHZ; MEDIAS-ALTAS\/ALTAS: 2KHZ-20KHZ. LA UNIDAD PROVEE UN FILTRO DE 18DB\/OCTAVA TIPO SLOPE Y CONEXIONES DE \u00bc\u2019\u2019 BALANCEADAS O&hellip;","_links":{"self":[{"href":"https:\/\/rms-enlinea.com.ar\/tienda\/wp-json\/wp\/v2\/product\/56002","targetHints":{"allow":["GET"]}}],"collection":[{"href":"https:\/\/rms-enlinea.com.ar\/tienda\/wp-json\/wp\/v2\/product"}],"about":[{"href":"https:\/\/rms-enlinea.com.ar\/tienda\/wp-json\/wp\/v2\/types\/product"}],"replies":[{"embeddable":true,"href":"https:\/\/rms-enlinea.com.ar\/tienda\/wp-json\/wp\/v2\/comments?post=56002"}],"wp:featuredmedia":[{"embeddable":true,"href":"https:\/\/rms-enlinea.com.ar\/tienda\/wp-json\/wp\/v2\/media\/37432"}],"wp:attachment":[{"href":"https:\/\/rms-enlinea.com.ar\/tienda\/wp-json\/wp\/v2\/media?parent=56002"}],"wp:term":[{"taxonomy":"product_brand","embeddable":true,"href":"https:\/\/rms-enlinea.com.ar\/tienda\/wp-json\/wp\/v2\/product_brand?post=56002"},{"taxonomy":"product_cat","embeddable":true,"href":"https:\/\/rms-enlinea.com.ar\/tienda\/wp-json\/wp\/v2\/product_cat?post=56002"},{"taxonomy":"product_tag","embeddable":true,"href":"https:\/\/rms-enlinea.com.ar\/tienda\/wp-json\/wp\/v2\/product_tag?post=56002"}],"curies":[{"name":"wp","href":"https:\/\/api.w.org\/{rel}","templated":true}]}}