{"id":56027,"date":"2025-09-16T14:30:09","date_gmt":"2025-09-16T17:30:09","guid":{"rendered":"https:\/\/rms-enlinea.com.ar\/tienda\/producto\/camara-domo-hikvision-ptz-n4225i-d-2mp-zoom-25x-ptz\/"},"modified":"2026-04-05T15:30:13","modified_gmt":"2026-04-05T18:30:13","slug":"camara-domo-hikvision-ptz-n4225i-d-2mp-zoom-25x-ptz","status":"publish","type":"product","link":"https:\/\/rms-enlinea.com.ar\/tienda\/producto\/camara-domo-hikvision-ptz-n4225i-d-2mp-zoom-25x-ptz\/","title":{"rendered":"Camara Domo Hikvision Ptz-n4225i-d 2mp Zoom 25x Ptz"},"content":{"rendered":"<p>C\u00e1mara<br \/>\nSensor de imagen<br \/>\n1\/2.8&#8243; progressive scan CMOS<br \/>\nMax. Resoluci\u00f3n<br \/>\n1920 \u00d7 1080<br \/>\nIluminaci\u00f3n m\u00ednima<br \/>\nColor: 0.005 Lux @(F1.6, AGC ON), B\/W: 0.001 Lux @(F1.6, AGC ON), 0 Lux with IR<br \/>\nVelocidad de obturaci\u00f3n<br \/>\n1\/1 s to 1\/30,000 s<br \/>\nD\u00eda y Noche<br \/>\nIR Cut Filter<br \/>\nZoom<br \/>\n25x optical, 16x digital<br \/>\nLente<br \/>\nLongitud focal<br \/>\n4.8 mm to 120 mm, 25\u00d7 optical<br \/>\nFOV<br \/>\nHorizontal field of view: 57.6\u00b0 to 2.5\u00b0 (Wide-Tele),<br \/>\nVertical field of view: 34.4\u00b0 to 1.4\u00b0 (Wide-Tele),<br \/>\nDiagonal field of view: 64.5\u00b0 to 2.9\u00b0 (Wide-Tele)<br \/>\nEnfoque<br \/>\nAuto, semi-auto, manual<br \/>\nApertura<br \/>\nF1.6 to F3.5<br \/>\nVelocidad del Zoom<br \/>\nApprox. 3.2 s (optical lens, wide-tele)<br \/>\nIluminador<br \/>\nTipo de luz suplementaria<br \/>\nIR<br \/>\nRango de luz suplementaria<br \/>\nUp to 100 m<br \/>\nLuz de suplemento inteligente<br \/>\nYes<br \/>\nPTZ<br \/>\nRango de movimiento (pan)<br \/>\n360\u00b0 endless<br \/>\nRango de movimiento (tilt)<br \/>\nFrom -15\u00b0 to 90\u00b0 (Auto-flip)<br \/>\nVelocidad de movimiento horizontal (pan)<br \/>\nConfigurable, from 0.1\u00b0\/s to 80\u00b0\/s, Preset Speed: 80\u00b0\/s<br \/>\nVelocidad de vertical (tilt)<br \/>\nConfigurable, from 0.1\u00b0\/s to 80\u00b0\/s, Preset Speed: 80\u00b0\/s<br \/>\nProportional Pan<br \/>\nYes<br \/>\nPreajustes<br \/>\n300<br \/>\nCongelaci\u00f3n preestablecida<br \/>\nYes<br \/>\nEscaneo de patrulla<br \/>\n8 patrols, up to 32 presets for each patrol<br \/>\nPatr\u00f3n de escaneo<br \/>\n4 pattern scans, record time over 10 minutes for each scan<br \/>\nAcci\u00f3n del parque<br \/>\nPreset\/Pattern Scan\/Patrol Scan\/Auto Scan\/Tilt Scan\/Random Scan\/Frame Scan\/Panorama Scan<br \/>\nPantalla de estado de PTZ<br \/>\nYes<br \/>\nTarea programada<br \/>\nPreset\/Pattern Scan\/Patrol Scan\/Auto Scan\/Tilt Scan\/Random Scan\/Frame Scan\/Panorama Scan\/Dome Reboot\/Dome Adjust<br \/>\nMemoria de apagado<br \/>\nYes<br \/>\nV\u00eddeo<br \/>\nMain stream<br \/>\n50Hz: 25fps (1920 \u00d7 1080, 1280 \u00d7 960, 1280 \u00d7 720),<br \/>\n60Hz: 30fps (1920 \u00d7 1080, 1280 \u00d7 960, 1280 \u00d7 720)<br \/>\nSub-stream<br \/>\n50Hz: 25fps (704 \u00d7 576, 640 \u00d7 480, 352 \u00d7 288),<br \/>\n60Hz: 30fps (704 \u00d7 480, 640 \u00d7 480, 352 \u00d7 240)<br \/>\nThird Stream<br \/>\n50Hz: 25fps (1920 \u00d7 1080, 1280 \u00d7 960, 1280 \u00d7 720, 704 \u00d7 576, 640 \u00d7 480, 352 \u00d7 288),<br \/>\n60Hz: 30fps (1920 \u00d7 1080, 1280 \u00d7 960, 1280 \u00d7 720, 704 \u00d7 480, 640 \u00d7 480, 352 \u00d7 240)<br \/>\nCompresi\u00f3n de v\u00eddeo<br \/>\nMain Stream: H.265+\/H.265\/H.264+\/H.264,<br \/>\nSub-Stream: H.265\/H.264\/MJPEG,<br \/>\nThird Stream: H.265\/H.264\/MJPEG<br \/>\nV\u00eddeo bitrate<br \/>\n32 Kbps to 16384 Kbps<br \/>\nTipo H.264<br \/>\nBaseline Profile\/Main Profile\/High Profile<br \/>\nTipo H.265<br \/>\nMain Profile<br \/>\nCodificaci\u00f3n de video escalable (SVC)<br \/>\nH.264 and H.265 encoding<br \/>\nRegi\u00f3n de inter\u00e9s (ROI)<br \/>\nMain stream, sub-stream and third stream respectively support four fixed areas<br \/>\nAudio<br \/>\nCompresi\u00f3n de audio<br \/>\nG.711alaw\/G.711ulaw\/G.722\/G.726\/MP2L2\/PCM<br \/>\nVelocidad de bits de audio<br \/>\n64 Kbps (G.711)\/16 Kbps (G.722.1)\/16 Kbps (G.726)\/32 Kbps to 160 Kbps (MP2L2)<br \/>\nRed<br \/>\nProtocolos<br \/>\nIPv4\/IPv6, http, https, 802.1x, QoS, FTP, SMTP, UPnP, SNMP, DNS, DDNS, NTP, RTSP, RTCP, RTP, TCP\/IP, UDP, IGMP, ICMP, DHCP, PPPoE, Bonjour, WebSocket, WebSockets<br \/>\nVista en vivo simult\u00e1nea<br \/>\nUp to 20 channels<br \/>\nAPI<br \/>\nOpen Network Video Interface, ISAPI, SDK, ISUP<br \/>\nUsuario\/operador<br \/>\nUp to 32 users. 3 levels: Administrator, Operator and User<br \/>\nSeguridad<br \/>\nUser authentication (ID and PW), Host authentication (MAC address); https encryption; IEEE 802.1x port-based network access control; IP address filtering<br \/>\nAlmacenamiento en red<br \/>\nNAS (NPS, SMB\/ CIPS), ANR<br \/>\nCliente<br \/>\niVMS-4200, HiLookVision<br \/>\nNavegador web<br \/>\nIE10-11, Chrome 57+, Firefox 52+, Safari 12+<br \/>\nImagen<br \/>\nConfiguraci\u00f3n de imagen<br \/>\nSaturation, brightness, contrast, sharpness, gain, and white balance adjustable by client software or web browser<br \/>\nWide Dynamic Range (WDR)<br \/>\n120 dB<br \/>\nDesempa\u00f1ar<br \/>\nDigital defog<br \/>\nImage Stabilization<br \/>\nNo<br \/>\nMejora de la imagen<br \/>\nBLC, HLC, 3D DNR<br \/>\nM\u00e1scara de privacidad<br \/>\n24 programmable privacy masks<br \/>\nEnfoque regional<br \/>\nYes<br \/>\nExposici\u00f3n regional<br \/>\nYes<br \/>\nInterfaz<br \/>\nEthernet Interface<br \/>\n1 RJ45 10 M\/100 M Ethernet Interface; PoE (802.3 at, class4)<br \/>\nAlmacenamiento a bordo<br \/>\nBuilt-in memory card slot, support Micro SD\/SDHC\/SDXC, up to 256 GB<br \/>\nAudio<br \/>\n1 input (line in), max. input amplitude: 2-2.4 vpp, input impedance: 1 KO \u00b1 10%; 1 output (line out), line level, output impedance: 600 O<br \/>\nEvento<br \/>\nEvento B\u00e1sico<br \/>\nMotion Detection, Video Tampering Detection, Exception Detection<br \/>\nEvento inteligente<br \/>\nIntrusion Detection, Line Crossing Detection, Region Entrance Detection, Region Exiting Detection, Unattended Baggage Detection, Object Removal Detection, Audio Exception Detection<br \/>\nGeneral<br \/>\nalimentaci\u00f3n<br \/>\n12 VDC, 2.0 A &amp; PoE (802.3at), 42.5 to 57 VDC, 0.6 A, class4<br \/>\nMax.:18 W (IR Max.6 W)<br \/>\nDimensi\u00f3n<br \/>\n\u00d8 165.9 mm \u00d7 290 mm (\u00d8 6.53&#8243; \u00d7 11.42&#8243;)<br \/>\nApprox. 2.5 kg (5.51 lb)<br \/>\nMaterial<br \/>\nADC 12, PC+10% GF<br \/>\nOperating Condition<br \/>\n-30 \u00b0C to 65 \u00b0C (-22 \u00b0F to 149 \u00b0F). Humidity 90% or less (non-condensing)<br \/>\nCertificaciones<br \/>\nEMC<br \/>\nFCC (47 CFR Part 15, Subpart B);<br \/>\nCE-EMC (EN 55032: 2015, EN 61000-3-2:2019, EN 61000-3-3:2013+A1:2019, EN 50130-4: 2011 +A1: 2014);<br \/>\nRCM (AS\/NZS CISPR 32: 2015);<br \/>\nIC (ICES-003: Issue 7);<br \/>\nKC (KN 32: 2015, KN 35: 2015)<br \/>\nSeguridad<br \/>\nUL (UL 62368-1)<br \/>\nCB (IEC 62368-1:2014+A11);<br \/>\nCE-LVD (EN 62368-1:2014+A11:2017),<br \/>\nBIS (IS 13252(Part 1):2010\/ IEC 60950-1: 2005);<br \/>\nLOA (IEC\/EN 60950-1)<br \/>\nAmbiente<br \/>\nCE-RoHS (2011\/65\/EU);<br \/>\nWEEE (2012\/19\/EU);<br \/>\nReach (Regulation (EC) No 1907\/2006)<br \/>\nProtecci\u00f3n<br \/>\nIP66 (IEC 60529-2013), 4000V Lightning Protection, Surge Protection and Voltage Transient Protection<\/p>\n","protected":false},"excerpt":{"rendered":"<p>C\u00e1mara Sensor de imagen 1\/2.8&#8243; progressive scan CMOS Max. Resoluci\u00f3n 1920 \u00d7 1080 Iluminaci\u00f3n m\u00ednima Color: 0.005 Lux @(F1.6, AGC ON), B\/W: 0.001 Lux @(F1.6, AGC ON), 0 Lux with IR Velocidad de obturaci\u00f3n 1\/1 s to 1\/30,000 s D\u00eda y Noche IR Cut Filter Zoom 25x optical, 16x digital Lente Longitud focal 4.8 mm [&hellip;]<\/p>\n","protected":false},"featured_media":56028,"comment_status":"open","ping_status":"closed","template":"","meta":{"_uag_custom_page_level_css":""},"product_brand":[473],"product_cat":[32],"product_tag":[],"class_list":{"0":"post-56027","1":"product","2":"type-product","3":"status-publish","4":"has-post-thumbnail","6":"product_brand-hikvision","7":"product_cat-seguridad","9":"first","10":"outofstock","11":"sale","12":"taxable","13":"shipping-taxable","14":"purchasable","15":"product-type-simple"},"uagb_featured_image_src":{"full":["https:\/\/rms-enlinea.com.ar\/wp-content\/uploads\/2025\/09\/D_732399-MLA92188029528_092025-F.jpg",721,1198,false],"thumbnail":["https:\/\/rms-enlinea.com.ar\/wp-content\/uploads\/2025\/09\/D_732399-MLA92188029528_092025-F-150x150.jpg",150,150,true],"medium":["https:\/\/rms-enlinea.com.ar\/wp-content\/uploads\/2025\/09\/D_732399-MLA92188029528_092025-F-181x300.jpg",181,300,true],"medium_large":["https:\/\/rms-enlinea.com.ar\/wp-content\/uploads\/2025\/09\/D_732399-MLA92188029528_092025-F.jpg",721,1198,false],"large":["https:\/\/rms-enlinea.com.ar\/wp-content\/uploads\/2025\/09\/D_732399-MLA92188029528_092025-F-616x1024.jpg",616,1024,true],"1536x1536":["https:\/\/rms-enlinea.com.ar\/wp-content\/uploads\/2025\/09\/D_732399-MLA92188029528_092025-F.jpg",721,1198,false],"2048x2048":["https:\/\/rms-enlinea.com.ar\/wp-content\/uploads\/2025\/09\/D_732399-MLA92188029528_092025-F.jpg",721,1198,false],"woocommerce_thumbnail":["https:\/\/rms-enlinea.com.ar\/wp-content\/uploads\/2025\/09\/D_732399-MLA92188029528_092025-F-450x450.jpg",450,450,true],"woocommerce_single":["https:\/\/rms-enlinea.com.ar\/wp-content\/uploads\/2025\/09\/D_732399-MLA92188029528_092025-F-600x997.jpg",600,997,true],"woocommerce_gallery_thumbnail":["https:\/\/rms-enlinea.com.ar\/wp-content\/uploads\/2025\/09\/D_732399-MLA92188029528_092025-F-100x100.jpg",100,100,true]},"uagb_author_info":{"display_name":"nelson","author_link":"https:\/\/rms-enlinea.com.ar\/tienda\/author\/"},"uagb_comment_info":0,"uagb_excerpt":"C\u00e1mara Sensor de imagen 1\/2.8&#8243; progressive scan CMOS Max. Resoluci\u00f3n 1920 \u00d7 1080 Iluminaci\u00f3n m\u00ednima Color: 0.005 Lux @(F1.6, AGC ON), B\/W: 0.001 Lux @(F1.6, AGC ON), 0 Lux with IR Velocidad de obturaci\u00f3n 1\/1 s to 1\/30,000 s D\u00eda y Noche IR Cut Filter Zoom 25x optical, 16x digital Lente Longitud focal 4.8 mm&hellip;","_links":{"self":[{"href":"https:\/\/rms-enlinea.com.ar\/tienda\/wp-json\/wp\/v2\/product\/56027","targetHints":{"allow":["GET"]}}],"collection":[{"href":"https:\/\/rms-enlinea.com.ar\/tienda\/wp-json\/wp\/v2\/product"}],"about":[{"href":"https:\/\/rms-enlinea.com.ar\/tienda\/wp-json\/wp\/v2\/types\/product"}],"replies":[{"embeddable":true,"href":"https:\/\/rms-enlinea.com.ar\/tienda\/wp-json\/wp\/v2\/comments?post=56027"}],"wp:featuredmedia":[{"embeddable":true,"href":"https:\/\/rms-enlinea.com.ar\/tienda\/wp-json\/wp\/v2\/media\/56028"}],"wp:attachment":[{"href":"https:\/\/rms-enlinea.com.ar\/tienda\/wp-json\/wp\/v2\/media?parent=56027"}],"wp:term":[{"taxonomy":"product_brand","embeddable":true,"href":"https:\/\/rms-enlinea.com.ar\/tienda\/wp-json\/wp\/v2\/product_brand?post=56027"},{"taxonomy":"product_cat","embeddable":true,"href":"https:\/\/rms-enlinea.com.ar\/tienda\/wp-json\/wp\/v2\/product_cat?post=56027"},{"taxonomy":"product_tag","embeddable":true,"href":"https:\/\/rms-enlinea.com.ar\/tienda\/wp-json\/wp\/v2\/product_tag?post=56027"}],"curies":[{"name":"wp","href":"https:\/\/api.w.org\/{rel}","templated":true}]}}