{"id":56030,"date":"2025-09-16T14:30:21","date_gmt":"2025-09-16T17:30:21","guid":{"rendered":"https:\/\/rms-enlinea.com.ar\/tienda\/producto\/camara-hikvision-2mp-fixed-mini-bullet-thc-b120-mc\/"},"modified":"2026-03-18T16:22:08","modified_gmt":"2026-03-18T19:22:08","slug":"camara-hikvision-2mp-fixed-mini-bullet-thc-b120-mc","status":"publish","type":"product","link":"https:\/\/rms-enlinea.com.ar\/tienda\/producto\/camara-hikvision-2mp-fixed-mini-bullet-thc-b120-mc\/","title":{"rendered":"Camara Hikvision 2mp Fixed Mini Bullet Thc-b120-mc"},"content":{"rendered":"<p>Tipos de control<\/p>\n<p>DVR<br \/>\nTipos de conexiones<\/p>\n<p>Con cable<br \/>\nLocaciones de la c\u00e1mara<\/p>\n<p>Interior,Exterior<br \/>\nColor<\/p>\n<p>Blanco<br \/>\nDi\u00e1metro del lente de la c\u00e1mara<\/p>\n<p>2.8 mm<br \/>\nMarca<\/p>\n<p>HiLook<br \/>\nConectividad<\/p>\n<p>BNC<br \/>\nTipo de sensor de imagen<\/p>\n<p>2 MP CMOS image sensor<br \/>\nModelo<\/p>\n<p>Thc-B120-Mc<br \/>\nClasificaci\u00f3n de resistancia al agua<\/p>\n<p>IP66<br \/>\nTemperatura m\u00e1xima soportada<\/p>\n<p>60 \u00b0C<br \/>\nTipo de resoluci\u00f3n<\/p>\n<p>Full HD<br \/>\nMaterial externo<\/p>\n<p>Metal<br \/>\nCalidad de resoluci\u00f3n<\/p>\n<p>1920 x 1080<\/p>\n","protected":false},"excerpt":{"rendered":"<p>Tipos de control DVR Tipos de conexiones Con cable Locaciones de la c\u00e1mara Interior,Exterior Color Blanco Di\u00e1metro del lente de la c\u00e1mara 2.8 mm Marca HiLook Conectividad BNC Tipo de sensor de imagen 2 MP CMOS image sensor Modelo Thc-B120-Mc Clasificaci\u00f3n de resistancia al agua IP66 Temperatura m\u00e1xima soportada 60 \u00b0C Tipo de resoluci\u00f3n Full [&hellip;]<\/p>\n","protected":false},"featured_media":56031,"comment_status":"open","ping_status":"closed","template":"","meta":{"_uag_custom_page_level_css":""},"product_brand":[473],"product_cat":[32],"product_tag":[],"class_list":{"0":"post-56030","1":"product","2":"type-product","3":"status-publish","4":"has-post-thumbnail","6":"product_brand-hikvision","7":"product_cat-seguridad","9":"first","10":"instock","11":"sale","12":"taxable","13":"shipping-taxable","14":"purchasable","15":"product-type-simple"},"uagb_featured_image_src":{"full":["https:\/\/rms-enlinea.com.ar\/wp-content\/uploads\/2025\/09\/D_882922-MLA92593813215_092025-F.jpg",1199,909,false],"thumbnail":["https:\/\/rms-enlinea.com.ar\/wp-content\/uploads\/2025\/09\/D_882922-MLA92593813215_092025-F-150x150.jpg",150,150,true],"medium":["https:\/\/rms-enlinea.com.ar\/wp-content\/uploads\/2025\/09\/D_882922-MLA92593813215_092025-F-300x227.jpg",300,227,true],"medium_large":["https:\/\/rms-enlinea.com.ar\/wp-content\/uploads\/2025\/09\/D_882922-MLA92593813215_092025-F-768x582.jpg",768,582,true],"large":["https:\/\/rms-enlinea.com.ar\/wp-content\/uploads\/2025\/09\/D_882922-MLA92593813215_092025-F-1024x776.jpg",1024,776,true],"1536x1536":["https:\/\/rms-enlinea.com.ar\/wp-content\/uploads\/2025\/09\/D_882922-MLA92593813215_092025-F.jpg",1199,909,false],"2048x2048":["https:\/\/rms-enlinea.com.ar\/wp-content\/uploads\/2025\/09\/D_882922-MLA92593813215_092025-F.jpg",1199,909,false],"woocommerce_thumbnail":["https:\/\/rms-enlinea.com.ar\/wp-content\/uploads\/2025\/09\/D_882922-MLA92593813215_092025-F-450x450.jpg",450,450,true],"woocommerce_single":["https:\/\/rms-enlinea.com.ar\/wp-content\/uploads\/2025\/09\/D_882922-MLA92593813215_092025-F-600x455.jpg",600,455,true],"woocommerce_gallery_thumbnail":["https:\/\/rms-enlinea.com.ar\/wp-content\/uploads\/2025\/09\/D_882922-MLA92593813215_092025-F-100x100.jpg",100,100,true]},"uagb_author_info":{"display_name":"nelson","author_link":"https:\/\/rms-enlinea.com.ar\/tienda\/author\/"},"uagb_comment_info":0,"uagb_excerpt":"Tipos de control DVR Tipos de conexiones Con cable Locaciones de la c\u00e1mara Interior,Exterior Color Blanco Di\u00e1metro del lente de la c\u00e1mara 2.8 mm Marca HiLook Conectividad BNC Tipo de sensor de imagen 2 MP CMOS image sensor Modelo Thc-B120-Mc Clasificaci\u00f3n de resistancia al agua IP66 Temperatura m\u00e1xima soportada 60 \u00b0C Tipo de resoluci\u00f3n Full&hellip;","_links":{"self":[{"href":"https:\/\/rms-enlinea.com.ar\/tienda\/wp-json\/wp\/v2\/product\/56030","targetHints":{"allow":["GET"]}}],"collection":[{"href":"https:\/\/rms-enlinea.com.ar\/tienda\/wp-json\/wp\/v2\/product"}],"about":[{"href":"https:\/\/rms-enlinea.com.ar\/tienda\/wp-json\/wp\/v2\/types\/product"}],"replies":[{"embeddable":true,"href":"https:\/\/rms-enlinea.com.ar\/tienda\/wp-json\/wp\/v2\/comments?post=56030"}],"wp:featuredmedia":[{"embeddable":true,"href":"https:\/\/rms-enlinea.com.ar\/tienda\/wp-json\/wp\/v2\/media\/56031"}],"wp:attachment":[{"href":"https:\/\/rms-enlinea.com.ar\/tienda\/wp-json\/wp\/v2\/media?parent=56030"}],"wp:term":[{"taxonomy":"product_brand","embeddable":true,"href":"https:\/\/rms-enlinea.com.ar\/tienda\/wp-json\/wp\/v2\/product_brand?post=56030"},{"taxonomy":"product_cat","embeddable":true,"href":"https:\/\/rms-enlinea.com.ar\/tienda\/wp-json\/wp\/v2\/product_cat?post=56030"},{"taxonomy":"product_tag","embeddable":true,"href":"https:\/\/rms-enlinea.com.ar\/tienda\/wp-json\/wp\/v2\/product_tag?post=56030"}],"curies":[{"name":"wp","href":"https:\/\/api.w.org\/{rel}","templated":true}]}}