{"id":56038,"date":"2025-09-16T16:50:06","date_gmt":"2025-09-16T19:50:06","guid":{"rendered":"https:\/\/rms-enlinea.com.ar\/tienda\/producto\/water-cooling-thermaltake-la360-argb-sync-360mm-aio\/"},"modified":"2026-04-09T16:20:29","modified_gmt":"2026-04-09T19:20:29","slug":"water-cooling-thermaltake-la360-argb-sync-360mm-aio","status":"publish","type":"product","link":"https:\/\/rms-enlinea.com.ar\/tienda\/producto\/water-cooling-thermaltake-la360-argb-sync-360mm-aio\/","title":{"rendered":"Water Cooling Thermaltake La360 Argb Sync 360mm Aio"},"content":{"rendered":"<p>Transforma tu sistema de refrigeraci\u00f3n con el Water Cooling Thermaltake LA360 ARGB Sync 360mm AIO, la soluci\u00f3n ideal para mantener tu CPU en condiciones \u00f3ptimas incluso durante las sesiones de trabajo m\u00e1s intensas. Dise\u00f1ado para la m\u00e1xima eficiencia, este enfriador por agua combina un potente sistema de refrigeraci\u00f3n con un atractivo dise\u00f1o estilizado en color negro, acompa\u00f1ado por iluminaci\u00f3n RGB personalizable que le da un toque \u00fanico a tu configuraci\u00f3n.<\/p>\n<p>Con su capacidad de manejo de hasta 250W de TDP, el LA360 garantiza que tu procesador se mantenga fresco y eficiente, proporcionando un rendimiento confiable en todo momento. Incluso incluye pasta t\u00e9rmica, lo que te permite una r\u00e1pida y sencilla aplicaci\u00f3n. Sus cuatro pines aseguran una conexi\u00f3n segura y estable, optimizando el funcionamiento del ventilador y minimizando el ruido.<\/p>\n<p>Este enfriador es compatible con sockets de CPU AMD AM4 y Intel LGA 1151, lo que lo convierte en una opci\u00f3n vers\u00e1til para construir o actualizar tu equipo. Incluye todos los accesorios necesarios, como tornillos y soportes, para facilitar el proceso de montaje. <\/p>\n<p>Da un paso hacia una experiencia de juego y trabajo m\u00e1s silenciosa y eficiente con el Thermaltake LA360 ARGB Sync, y descubre c\u00f3mo la refrigeraci\u00f3n l\u00edquida puede transformar tu entorno de computaci\u00f3n. La fusi\u00f3n perfecta entre rendimiento y est\u00e9tica, dise\u00f1ada para los entusiastas que buscan lo mejor en tecnolog\u00eda de enfriamiento.<\/p>\n","protected":false},"excerpt":{"rendered":"<p>Transforma tu sistema de refrigeraci\u00f3n con el Water Cooling Thermaltake LA360 ARGB Sync 360mm AIO, la soluci\u00f3n ideal para mantener tu CPU en condiciones \u00f3ptimas incluso durante las sesiones de trabajo m\u00e1s intensas. Dise\u00f1ado para la m\u00e1xima eficiencia, este enfriador por agua combina un potente sistema de refrigeraci\u00f3n con un atractivo dise\u00f1o estilizado en color [&hellip;]<\/p>\n","protected":false},"featured_media":56039,"comment_status":"open","ping_status":"closed","template":"","meta":{"_uag_custom_page_level_css":""},"product_brand":[561],"product_cat":[105],"product_tag":[],"class_list":{"0":"post-56038","1":"product","2":"type-product","3":"status-publish","4":"has-post-thumbnail","6":"product_brand-thermaltake","7":"product_cat-cooler-y-sistemas-de-refrigeracion","9":"first","10":"instock","11":"sale","12":"taxable","13":"shipping-taxable","14":"purchasable","15":"product-type-simple"},"uagb_featured_image_src":{"full":["https:\/\/rms-enlinea.com.ar\/wp-content\/uploads\/2025\/09\/D_866109-MLA92600743531_092025-F.jpg",1199,446,false],"thumbnail":["https:\/\/rms-enlinea.com.ar\/wp-content\/uploads\/2025\/09\/D_866109-MLA92600743531_092025-F-150x150.jpg",150,150,true],"medium":["https:\/\/rms-enlinea.com.ar\/wp-content\/uploads\/2025\/09\/D_866109-MLA92600743531_092025-F-300x112.jpg",300,112,true],"medium_large":["https:\/\/rms-enlinea.com.ar\/wp-content\/uploads\/2025\/09\/D_866109-MLA92600743531_092025-F-768x286.jpg",768,286,true],"large":["https:\/\/rms-enlinea.com.ar\/wp-content\/uploads\/2025\/09\/D_866109-MLA92600743531_092025-F-1024x381.jpg",1024,381,true],"1536x1536":["https:\/\/rms-enlinea.com.ar\/wp-content\/uploads\/2025\/09\/D_866109-MLA92600743531_092025-F.jpg",1199,446,false],"2048x2048":["https:\/\/rms-enlinea.com.ar\/wp-content\/uploads\/2025\/09\/D_866109-MLA92600743531_092025-F.jpg",1199,446,false],"woocommerce_thumbnail":["https:\/\/rms-enlinea.com.ar\/wp-content\/uploads\/2025\/09\/D_866109-MLA92600743531_092025-F-450x446.jpg",450,446,true],"woocommerce_single":["https:\/\/rms-enlinea.com.ar\/wp-content\/uploads\/2025\/09\/D_866109-MLA92600743531_092025-F-600x223.jpg",600,223,true],"woocommerce_gallery_thumbnail":["https:\/\/rms-enlinea.com.ar\/wp-content\/uploads\/2025\/09\/D_866109-MLA92600743531_092025-F-100x100.jpg",100,100,true]},"uagb_author_info":{"display_name":"nelson","author_link":"https:\/\/rms-enlinea.com.ar\/tienda\/author\/"},"uagb_comment_info":0,"uagb_excerpt":"Transforma tu sistema de refrigeraci\u00f3n con el Water Cooling Thermaltake LA360 ARGB Sync 360mm AIO, la soluci\u00f3n ideal para mantener tu CPU en condiciones \u00f3ptimas incluso durante las sesiones de trabajo m\u00e1s intensas. Dise\u00f1ado para la m\u00e1xima eficiencia, este enfriador por agua combina un potente sistema de refrigeraci\u00f3n con un atractivo dise\u00f1o estilizado en color&hellip;","_links":{"self":[{"href":"https:\/\/rms-enlinea.com.ar\/tienda\/wp-json\/wp\/v2\/product\/56038","targetHints":{"allow":["GET"]}}],"collection":[{"href":"https:\/\/rms-enlinea.com.ar\/tienda\/wp-json\/wp\/v2\/product"}],"about":[{"href":"https:\/\/rms-enlinea.com.ar\/tienda\/wp-json\/wp\/v2\/types\/product"}],"replies":[{"embeddable":true,"href":"https:\/\/rms-enlinea.com.ar\/tienda\/wp-json\/wp\/v2\/comments?post=56038"}],"wp:featuredmedia":[{"embeddable":true,"href":"https:\/\/rms-enlinea.com.ar\/tienda\/wp-json\/wp\/v2\/media\/56039"}],"wp:attachment":[{"href":"https:\/\/rms-enlinea.com.ar\/tienda\/wp-json\/wp\/v2\/media?parent=56038"}],"wp:term":[{"taxonomy":"product_brand","embeddable":true,"href":"https:\/\/rms-enlinea.com.ar\/tienda\/wp-json\/wp\/v2\/product_brand?post=56038"},{"taxonomy":"product_cat","embeddable":true,"href":"https:\/\/rms-enlinea.com.ar\/tienda\/wp-json\/wp\/v2\/product_cat?post=56038"},{"taxonomy":"product_tag","embeddable":true,"href":"https:\/\/rms-enlinea.com.ar\/tienda\/wp-json\/wp\/v2\/product_tag?post=56038"}],"curies":[{"name":"wp","href":"https:\/\/api.w.org\/{rel}","templated":true}]}}