{"id":56112,"date":"2025-09-16T18:20:23","date_gmt":"2025-09-16T21:20:23","guid":{"rendered":"https:\/\/rms-enlinea.com.ar\/tienda\/producto\/fuente-gamer-thermaltake-smart-600w-ag80-plus-white\/"},"modified":"2026-03-25T18:42:52","modified_gmt":"2026-03-25T21:42:52","slug":"fuente-gamer-thermaltake-smart-600w-ag80-plus-white","status":"publish","type":"product","link":"https:\/\/rms-enlinea.com.ar\/tienda\/producto\/fuente-gamer-thermaltake-smart-600w-ag80-plus-white\/","title":{"rendered":"Fuente Gamer Thermaltake Smart 600w Ag80 Plus White"},"content":{"rendered":"<p>Con funcionamiento silencioso<\/p>\n<p>S\u00ed<br \/>\nCon protecci\u00f3n de bajo voltaje<\/p>\n<p>S\u00ed<br \/>\nCon protecci\u00f3n sobre voltaje<\/p>\n<p>S\u00ed<br \/>\nPotencia de salida<\/p>\n<p>600 W<br \/>\nTipo de refrigeraci\u00f3n<\/p>\n<p>Por aire<br \/>\nCon iluminaci\u00f3n RGB<\/p>\n<p>No<br \/>\nPeso del paquete<\/p>\n<p>1940 g<br \/>\nCon protecci\u00f3n sobre potencia<\/p>\n<p>S\u00ed<br \/>\nVoltaje<\/p>\n<p>220V<br \/>\nModelo de la fuente<\/p>\n<p>SPD-0600<br \/>\nCon protecci\u00f3n contra cortocircuito<\/p>\n<p>S\u00ed<br \/>\nColor<\/p>\n<p>Negro<br \/>\nCondici\u00f3n del \u00edtem<\/p>\n<p>Nuevo<br \/>\nL\u00ednea<\/p>\n<p>Smart<br \/>\nEs gamer<\/p>\n<p>S\u00ed<br \/>\nDi\u00e1metro del ventilador<\/p>\n<p>12 cm<br \/>\nIncluye manual de instalaci\u00f3n<\/p>\n<p>S\u00ed<br \/>\nMarca de la fuente<\/p>\n<p>Thermaltake<\/p>\n","protected":false},"excerpt":{"rendered":"<p>Con funcionamiento silencioso S\u00ed Con protecci\u00f3n de bajo voltaje S\u00ed Con protecci\u00f3n sobre voltaje S\u00ed Potencia de salida 600 W Tipo de refrigeraci\u00f3n Por aire Con iluminaci\u00f3n RGB No Peso del paquete 1940 g Con protecci\u00f3n sobre potencia S\u00ed Voltaje 220V Modelo de la fuente SPD-0600 Con protecci\u00f3n contra cortocircuito S\u00ed Color Negro Condici\u00f3n del [&hellip;]<\/p>\n","protected":false},"featured_media":56113,"comment_status":"open","ping_status":"closed","template":"","meta":{"_uag_custom_page_level_css":""},"product_brand":[561],"product_cat":[108],"product_tag":[],"class_list":{"0":"post-56112","1":"product","2":"type-product","3":"status-publish","4":"has-post-thumbnail","6":"product_brand-thermaltake","7":"product_cat-fuentes-y-cargadores","9":"first","10":"outofstock","11":"sale","12":"taxable","13":"shipping-taxable","14":"purchasable","15":"product-type-simple"},"uagb_featured_image_src":{"full":["https:\/\/rms-enlinea.com.ar\/wp-content\/uploads\/2025\/09\/D_841606-MLA92197567684_092025-F.jpg",1200,1029,false],"thumbnail":["https:\/\/rms-enlinea.com.ar\/wp-content\/uploads\/2025\/09\/D_841606-MLA92197567684_092025-F-150x150.jpg",150,150,true],"medium":["https:\/\/rms-enlinea.com.ar\/wp-content\/uploads\/2025\/09\/D_841606-MLA92197567684_092025-F-300x257.jpg",300,257,true],"medium_large":["https:\/\/rms-enlinea.com.ar\/wp-content\/uploads\/2025\/09\/D_841606-MLA92197567684_092025-F-768x659.jpg",768,659,true],"large":["https:\/\/rms-enlinea.com.ar\/wp-content\/uploads\/2025\/09\/D_841606-MLA92197567684_092025-F-1024x878.jpg",1024,878,true],"1536x1536":["https:\/\/rms-enlinea.com.ar\/wp-content\/uploads\/2025\/09\/D_841606-MLA92197567684_092025-F.jpg",1200,1029,false],"2048x2048":["https:\/\/rms-enlinea.com.ar\/wp-content\/uploads\/2025\/09\/D_841606-MLA92197567684_092025-F.jpg",1200,1029,false],"woocommerce_thumbnail":["https:\/\/rms-enlinea.com.ar\/wp-content\/uploads\/2025\/09\/D_841606-MLA92197567684_092025-F-450x450.jpg",450,450,true],"woocommerce_single":["https:\/\/rms-enlinea.com.ar\/wp-content\/uploads\/2025\/09\/D_841606-MLA92197567684_092025-F-600x515.jpg",600,515,true],"woocommerce_gallery_thumbnail":["https:\/\/rms-enlinea.com.ar\/wp-content\/uploads\/2025\/09\/D_841606-MLA92197567684_092025-F-100x100.jpg",100,100,true]},"uagb_author_info":{"display_name":"nelson","author_link":"https:\/\/rms-enlinea.com.ar\/tienda\/author\/"},"uagb_comment_info":0,"uagb_excerpt":"Con funcionamiento silencioso S\u00ed Con protecci\u00f3n de bajo voltaje S\u00ed Con protecci\u00f3n sobre voltaje S\u00ed Potencia de salida 600 W Tipo de refrigeraci\u00f3n Por aire Con iluminaci\u00f3n RGB No Peso del paquete 1940 g Con protecci\u00f3n sobre potencia S\u00ed Voltaje 220V Modelo de la fuente SPD-0600 Con protecci\u00f3n contra cortocircuito S\u00ed Color Negro Condici\u00f3n del&hellip;","_links":{"self":[{"href":"https:\/\/rms-enlinea.com.ar\/tienda\/wp-json\/wp\/v2\/product\/56112","targetHints":{"allow":["GET"]}}],"collection":[{"href":"https:\/\/rms-enlinea.com.ar\/tienda\/wp-json\/wp\/v2\/product"}],"about":[{"href":"https:\/\/rms-enlinea.com.ar\/tienda\/wp-json\/wp\/v2\/types\/product"}],"replies":[{"embeddable":true,"href":"https:\/\/rms-enlinea.com.ar\/tienda\/wp-json\/wp\/v2\/comments?post=56112"}],"wp:featuredmedia":[{"embeddable":true,"href":"https:\/\/rms-enlinea.com.ar\/tienda\/wp-json\/wp\/v2\/media\/56113"}],"wp:attachment":[{"href":"https:\/\/rms-enlinea.com.ar\/tienda\/wp-json\/wp\/v2\/media?parent=56112"}],"wp:term":[{"taxonomy":"product_brand","embeddable":true,"href":"https:\/\/rms-enlinea.com.ar\/tienda\/wp-json\/wp\/v2\/product_brand?post=56112"},{"taxonomy":"product_cat","embeddable":true,"href":"https:\/\/rms-enlinea.com.ar\/tienda\/wp-json\/wp\/v2\/product_cat?post=56112"},{"taxonomy":"product_tag","embeddable":true,"href":"https:\/\/rms-enlinea.com.ar\/tienda\/wp-json\/wp\/v2\/product_tag?post=56112"}],"curies":[{"name":"wp","href":"https:\/\/api.w.org\/{rel}","templated":true}]}}