{"id":56115,"date":"2025-09-16T18:32:11","date_gmt":"2025-09-16T21:32:11","guid":{"rendered":"https:\/\/rms-enlinea.com.ar\/tienda\/producto\/gabinete-thermaltake-tt-h100-tg-led-azul-vidrio-templado\/"},"modified":"2026-04-21T06:30:15","modified_gmt":"2026-04-21T09:30:15","slug":"gabinete-thermaltake-tt-h100-tg-led-azul-vidrio-templado","status":"publish","type":"product","link":"https:\/\/rms-enlinea.com.ar\/tienda\/producto\/gabinete-thermaltake-tt-h100-tg-led-azul-vidrio-templado\/","title":{"rendered":"Gabinete Thermaltake Tt H100 Tg Led Azul Vidrio Templado"},"content":{"rendered":"<p>Tipos de bah\u00edas<\/p>\n<p>2 x 3.5, 3 x 2.5<br \/>\nMarca<\/p>\n<p>Thermaltake<br \/>\nAltura<\/p>\n<p>416 mm<br \/>\nIncluye fuente de alimentaci\u00f3n<\/p>\n<p>No<br \/>\nEs gamer<\/p>\n<p>S\u00ed<br \/>\nLargo<\/p>\n<p>454 mm<br \/>\nL\u00ednea<\/p>\n<p>Gabinete<br \/>\nModelo<\/p>\n<p>CA-1L4-00M1WN-00<br \/>\nTipos de puertos<\/p>\n<p>Usb 3.0&#215;2, HD Audio x 1<br \/>\nTipo de estructura<\/p>\n<p>Mid tower<br \/>\nAncho<\/p>\n<p>210 mm<br \/>\nCooling<\/p>\n<p>120 x 120 x 25 mm Blue LED<br \/>\nSlots de expancion<\/p>\n<p>7<br \/>\nDimensiones<\/p>\n<p>416 x 210 x 454 mm<br \/>\nPeso<\/p>\n<p>7000 gr<br \/>\nMaterial<\/p>\n<p>SPCC<br \/>\nPuertos de salida<\/p>\n<p>USB 3.0 x 2, HD Audio x 1<\/p>\n","protected":false},"excerpt":{"rendered":"<p>Tipos de bah\u00edas 2 x 3.5, 3 x 2.5 Marca Thermaltake Altura 416 mm Incluye fuente de alimentaci\u00f3n No Es gamer S\u00ed Largo 454 mm L\u00ednea Gabinete Modelo CA-1L4-00M1WN-00 Tipos de puertos Usb 3.0&#215;2, HD Audio x 1 Tipo de estructura Mid tower Ancho 210 mm Cooling 120 x 120 x 25 mm Blue LED [&hellip;]<\/p>\n","protected":false},"featured_media":56116,"comment_status":"open","ping_status":"closed","template":"","meta":{"_uag_custom_page_level_css":""},"product_brand":[561],"product_cat":[109],"product_tag":[],"class_list":{"0":"post-56115","1":"product","2":"type-product","3":"status-publish","4":"has-post-thumbnail","6":"product_brand-thermaltake","7":"product_cat-gabinetes","9":"first","10":"outofstock","11":"sale","12":"taxable","13":"shipping-taxable","14":"purchasable","15":"product-type-simple"},"uagb_featured_image_src":{"full":["https:\/\/rms-enlinea.com.ar\/wp-content\/uploads\/2025\/09\/D_701564-MLA92197569964_092025-F.jpg",869,1197,false],"thumbnail":["https:\/\/rms-enlinea.com.ar\/wp-content\/uploads\/2025\/09\/D_701564-MLA92197569964_092025-F-150x150.jpg",150,150,true],"medium":["https:\/\/rms-enlinea.com.ar\/wp-content\/uploads\/2025\/09\/D_701564-MLA92197569964_092025-F-218x300.jpg",218,300,true],"medium_large":["https:\/\/rms-enlinea.com.ar\/wp-content\/uploads\/2025\/09\/D_701564-MLA92197569964_092025-F-768x1058.jpg",768,1058,true],"large":["https:\/\/rms-enlinea.com.ar\/wp-content\/uploads\/2025\/09\/D_701564-MLA92197569964_092025-F-743x1024.jpg",743,1024,true],"1536x1536":["https:\/\/rms-enlinea.com.ar\/wp-content\/uploads\/2025\/09\/D_701564-MLA92197569964_092025-F.jpg",869,1197,false],"2048x2048":["https:\/\/rms-enlinea.com.ar\/wp-content\/uploads\/2025\/09\/D_701564-MLA92197569964_092025-F.jpg",869,1197,false],"woocommerce_thumbnail":["https:\/\/rms-enlinea.com.ar\/wp-content\/uploads\/2025\/09\/D_701564-MLA92197569964_092025-F-450x450.jpg",450,450,true],"woocommerce_single":["https:\/\/rms-enlinea.com.ar\/wp-content\/uploads\/2025\/09\/D_701564-MLA92197569964_092025-F-600x826.jpg",600,826,true],"woocommerce_gallery_thumbnail":["https:\/\/rms-enlinea.com.ar\/wp-content\/uploads\/2025\/09\/D_701564-MLA92197569964_092025-F-100x100.jpg",100,100,true]},"uagb_author_info":{"display_name":"nelson","author_link":"https:\/\/rms-enlinea.com.ar\/tienda\/author\/"},"uagb_comment_info":0,"uagb_excerpt":"Tipos de bah\u00edas 2 x 3.5, 3 x 2.5 Marca Thermaltake Altura 416 mm Incluye fuente de alimentaci\u00f3n No Es gamer S\u00ed Largo 454 mm L\u00ednea Gabinete Modelo CA-1L4-00M1WN-00 Tipos de puertos Usb 3.0&#215;2, HD Audio x 1 Tipo de estructura Mid tower Ancho 210 mm Cooling 120 x 120 x 25 mm Blue LED&hellip;","_links":{"self":[{"href":"https:\/\/rms-enlinea.com.ar\/tienda\/wp-json\/wp\/v2\/product\/56115","targetHints":{"allow":["GET"]}}],"collection":[{"href":"https:\/\/rms-enlinea.com.ar\/tienda\/wp-json\/wp\/v2\/product"}],"about":[{"href":"https:\/\/rms-enlinea.com.ar\/tienda\/wp-json\/wp\/v2\/types\/product"}],"replies":[{"embeddable":true,"href":"https:\/\/rms-enlinea.com.ar\/tienda\/wp-json\/wp\/v2\/comments?post=56115"}],"wp:featuredmedia":[{"embeddable":true,"href":"https:\/\/rms-enlinea.com.ar\/tienda\/wp-json\/wp\/v2\/media\/56116"}],"wp:attachment":[{"href":"https:\/\/rms-enlinea.com.ar\/tienda\/wp-json\/wp\/v2\/media?parent=56115"}],"wp:term":[{"taxonomy":"product_brand","embeddable":true,"href":"https:\/\/rms-enlinea.com.ar\/tienda\/wp-json\/wp\/v2\/product_brand?post=56115"},{"taxonomy":"product_cat","embeddable":true,"href":"https:\/\/rms-enlinea.com.ar\/tienda\/wp-json\/wp\/v2\/product_cat?post=56115"},{"taxonomy":"product_tag","embeddable":true,"href":"https:\/\/rms-enlinea.com.ar\/tienda\/wp-json\/wp\/v2\/product_tag?post=56115"}],"curies":[{"name":"wp","href":"https:\/\/api.w.org\/{rel}","templated":true}]}}