{"id":56123,"date":"2025-09-16T18:32:33","date_gmt":"2025-09-16T21:32:33","guid":{"rendered":"https:\/\/rms-enlinea.com.ar\/tienda\/producto\/fuente-gamer-thermaltake-smart-700w-ag80-plus-white\/"},"modified":"2026-03-31T18:06:58","modified_gmt":"2026-03-31T21:06:58","slug":"fuente-gamer-thermaltake-smart-700w-ag80-plus-white","status":"publish","type":"product","link":"https:\/\/rms-enlinea.com.ar\/tienda\/producto\/fuente-gamer-thermaltake-smart-700w-ag80-plus-white\/","title":{"rendered":"Fuente Gamer Thermaltake Smart 700w Ag80 Plus White"},"content":{"rendered":"<p>Color Negro<br \/>\nMPN SPD-700AH2NXW-D<br \/>\nTipo de fuente de alimentaci\u00f3n para PC ATX<br \/>\nFrecuencia 60 Hz<br \/>\nCantidad de conectores SATA 6<br \/>\nVoltaje 220V<br \/>\nCon protecci\u00f3n de bajo voltaje S\u00ed<br \/>\nModelo de la fuente Smart White 700w<br \/>\nMarca de la fuente Thermaltake<br \/>\nCertificaci\u00f3n de eficiencia 80 Plus<br \/>\nDi\u00e1metro del ventilador 120 mm<br \/>\nL\u00ednea Smart<br \/>\nCantidad de conectores HDD 5<br \/>\nPotencia de salida 700 W<br \/>\nTipo de refrigeraci\u00f3n Por aire<\/p>\n","protected":false},"excerpt":{"rendered":"<p>Color Negro MPN SPD-700AH2NXW-D Tipo de fuente de alimentaci\u00f3n para PC ATX Frecuencia 60 Hz Cantidad de conectores SATA 6 Voltaje 220V Con protecci\u00f3n de bajo voltaje S\u00ed Modelo de la fuente Smart White 700w Marca de la fuente Thermaltake Certificaci\u00f3n de eficiencia 80 Plus Di\u00e1metro del ventilador 120 mm L\u00ednea Smart Cantidad de conectores [&hellip;]<\/p>\n","protected":false},"featured_media":56124,"comment_status":"open","ping_status":"closed","template":"","meta":{"_uag_custom_page_level_css":""},"product_brand":[561],"product_cat":[108],"product_tag":[],"class_list":{"0":"post-56123","1":"product","2":"type-product","3":"status-publish","4":"has-post-thumbnail","6":"product_brand-thermaltake","7":"product_cat-fuentes-y-cargadores","9":"first","10":"outofstock","11":"sale","12":"taxable","13":"shipping-taxable","14":"purchasable","15":"product-type-simple"},"uagb_featured_image_src":{"full":["https:\/\/rms-enlinea.com.ar\/wp-content\/uploads\/2025\/09\/D_994929-MLA92603954095_092025-F.jpg",1125,1198,false],"thumbnail":["https:\/\/rms-enlinea.com.ar\/wp-content\/uploads\/2025\/09\/D_994929-MLA92603954095_092025-F-150x150.jpg",150,150,true],"medium":["https:\/\/rms-enlinea.com.ar\/wp-content\/uploads\/2025\/09\/D_994929-MLA92603954095_092025-F-282x300.jpg",282,300,true],"medium_large":["https:\/\/rms-enlinea.com.ar\/wp-content\/uploads\/2025\/09\/D_994929-MLA92603954095_092025-F-768x818.jpg",768,818,true],"large":["https:\/\/rms-enlinea.com.ar\/wp-content\/uploads\/2025\/09\/D_994929-MLA92603954095_092025-F-962x1024.jpg",962,1024,true],"1536x1536":["https:\/\/rms-enlinea.com.ar\/wp-content\/uploads\/2025\/09\/D_994929-MLA92603954095_092025-F.jpg",1125,1198,false],"2048x2048":["https:\/\/rms-enlinea.com.ar\/wp-content\/uploads\/2025\/09\/D_994929-MLA92603954095_092025-F.jpg",1125,1198,false],"woocommerce_thumbnail":["https:\/\/rms-enlinea.com.ar\/wp-content\/uploads\/2025\/09\/D_994929-MLA92603954095_092025-F-450x450.jpg",450,450,true],"woocommerce_single":["https:\/\/rms-enlinea.com.ar\/wp-content\/uploads\/2025\/09\/D_994929-MLA92603954095_092025-F-600x639.jpg",600,639,true],"woocommerce_gallery_thumbnail":["https:\/\/rms-enlinea.com.ar\/wp-content\/uploads\/2025\/09\/D_994929-MLA92603954095_092025-F-100x100.jpg",100,100,true]},"uagb_author_info":{"display_name":"nelson","author_link":"https:\/\/rms-enlinea.com.ar\/tienda\/author\/"},"uagb_comment_info":0,"uagb_excerpt":"Color Negro MPN SPD-700AH2NXW-D Tipo de fuente de alimentaci\u00f3n para PC ATX Frecuencia 60 Hz Cantidad de conectores SATA 6 Voltaje 220V Con protecci\u00f3n de bajo voltaje S\u00ed Modelo de la fuente Smart White 700w Marca de la fuente Thermaltake Certificaci\u00f3n de eficiencia 80 Plus Di\u00e1metro del ventilador 120 mm L\u00ednea Smart Cantidad de conectores&hellip;","_links":{"self":[{"href":"https:\/\/rms-enlinea.com.ar\/tienda\/wp-json\/wp\/v2\/product\/56123","targetHints":{"allow":["GET"]}}],"collection":[{"href":"https:\/\/rms-enlinea.com.ar\/tienda\/wp-json\/wp\/v2\/product"}],"about":[{"href":"https:\/\/rms-enlinea.com.ar\/tienda\/wp-json\/wp\/v2\/types\/product"}],"replies":[{"embeddable":true,"href":"https:\/\/rms-enlinea.com.ar\/tienda\/wp-json\/wp\/v2\/comments?post=56123"}],"wp:featuredmedia":[{"embeddable":true,"href":"https:\/\/rms-enlinea.com.ar\/tienda\/wp-json\/wp\/v2\/media\/56124"}],"wp:attachment":[{"href":"https:\/\/rms-enlinea.com.ar\/tienda\/wp-json\/wp\/v2\/media?parent=56123"}],"wp:term":[{"taxonomy":"product_brand","embeddable":true,"href":"https:\/\/rms-enlinea.com.ar\/tienda\/wp-json\/wp\/v2\/product_brand?post=56123"},{"taxonomy":"product_cat","embeddable":true,"href":"https:\/\/rms-enlinea.com.ar\/tienda\/wp-json\/wp\/v2\/product_cat?post=56123"},{"taxonomy":"product_tag","embeddable":true,"href":"https:\/\/rms-enlinea.com.ar\/tienda\/wp-json\/wp\/v2\/product_tag?post=56123"}],"curies":[{"name":"wp","href":"https:\/\/api.w.org\/{rel}","templated":true}]}}