{"id":56157,"date":"2025-09-16T23:10:29","date_gmt":"2025-09-17T02:10:29","guid":{"rendered":"https:\/\/rms-enlinea.com.ar\/tienda\/producto\/gabinete-thermaltake-h570-tg-snow-white-tempered-glass\/"},"modified":"2026-04-07T14:41:24","modified_gmt":"2026-04-07T17:41:24","slug":"gabinete-thermaltake-h570-tg-snow-white-tempered-glass","status":"publish","type":"product","link":"https:\/\/rms-enlinea.com.ar\/tienda\/producto\/gabinete-thermaltake-h570-tg-snow-white-tempered-glass\/","title":{"rendered":"Gabinete Thermaltake H570 Tg Snow White Tempered Glass"},"content":{"rendered":"<p>Modelo<br \/>H570 TG ARGB Snow<br \/>TIPO DE CAJA<br \/>Mid Tower<br \/>DIMENSIONES (AL x AN x PR)<br \/>487 x 216 x 463.6 mm<br \/>PESO NETO<br \/>7.5 kg \/ 16.5 lbs.<br \/>PANEL LATERAL<br \/>4mm Tempered Glass x 1<br \/>Color<br \/>White<br \/>Material<br \/>SPCC<br \/>SISTEMA DE REFRIGERACI\u00d3N<br \/>Front(intake):<br \/>120 x 120 x 25 mm ARGB Lite fan (1000rpm, 22.3 dBA) x 3<br \/>BAH\u00cdAS DE EXPANSI\u00d3N<br \/>2 x 3.5, 2 x 2.5 or 4 x 2.5<br \/>RANURAS DE EXPANSI\u00d3N<br \/>7<br \/>PLACAS BASE<br \/>(Mini ITX) (Micro ATX) (ATX) (E-ATX)<br \/>PUERTOS E\/S<br \/>USB 3.0 x 2, HD Audio x 1<br \/>FUENTE DE ALIMENTACI\u00d3N<br \/>Standard PS2 PSU (optional)<br \/>COMPATIBILIDAD VENTILADORES<br \/>Front:<br \/>3 x 120mm, 2 x 120mm, 1 x 120mm<br \/>3 x 140mm, 2 x 140mm, 1 x 140mm<br \/>2 x 200mm, 1 x 200mm<br \/>Top:<br \/>3 x 120mm, 2 x 120mm, 1 x 120mm,<br \/>2 x 140mm, 1 x 140mm Rear: 1 x 120mm<br \/>COMPATIBILIDAD RADIADORES<br \/>Front:<br \/>1 x 360mm, 1 x 240mm, 1 x 120mm<br \/>1 x 280mm, 1 x 140mm<br \/>Top:<br \/>1 x 360mm, 1 x 240mm, 1 x 120mm<br \/>1 x 280mm, 1 x 140mm<br \/>Rear:<br \/>1 x 120mm<br \/>LIMITACIONES<br \/>CPU cooler height limitation: <br \/>160mm<br \/>VGA length limitation:<br \/>375mm<br \/>PSU length limitation:<br \/>180mm<\/p>\n","protected":false},"excerpt":{"rendered":"<p>ModeloH570 TG ARGB SnowTIPO DE CAJAMid TowerDIMENSIONES (AL x AN x PR)487 x 216 x 463.6 mmPESO NETO7.5 kg \/ 16.5 lbs.PANEL LATERAL4mm Tempered Glass x 1ColorWhiteMaterialSPCCSISTEMA DE REFRIGERACI\u00d3NFront(intake):120 x 120 x 25 mm ARGB Lite fan (1000rpm, 22.3 dBA) x 3BAH\u00cdAS DE EXPANSI\u00d3N2 x 3.5, 2 x 2.5 or 4 x 2.5RANURAS DE EXPANSI\u00d3N7PLACAS [&hellip;]<\/p>\n","protected":false},"featured_media":56158,"comment_status":"open","ping_status":"closed","template":"","meta":{"_uag_custom_page_level_css":""},"product_brand":[561],"product_cat":[109],"product_tag":[],"class_list":{"0":"post-56157","1":"product","2":"type-product","3":"status-publish","4":"has-post-thumbnail","6":"product_brand-thermaltake","7":"product_cat-gabinetes","9":"first","10":"instock","11":"sale","12":"taxable","13":"shipping-taxable","14":"purchasable","15":"product-type-simple"},"uagb_featured_image_src":{"full":["https:\/\/rms-enlinea.com.ar\/wp-content\/uploads\/2025\/09\/D_789199-MLA92611215089_092025-F.jpg",824,1189,false],"thumbnail":["https:\/\/rms-enlinea.com.ar\/wp-content\/uploads\/2025\/09\/D_789199-MLA92611215089_092025-F-150x150.jpg",150,150,true],"medium":["https:\/\/rms-enlinea.com.ar\/wp-content\/uploads\/2025\/09\/D_789199-MLA92611215089_092025-F-208x300.jpg",208,300,true],"medium_large":["https:\/\/rms-enlinea.com.ar\/wp-content\/uploads\/2025\/09\/D_789199-MLA92611215089_092025-F-768x1108.jpg",768,1108,true],"large":["https:\/\/rms-enlinea.com.ar\/wp-content\/uploads\/2025\/09\/D_789199-MLA92611215089_092025-F-710x1024.jpg",710,1024,true],"1536x1536":["https:\/\/rms-enlinea.com.ar\/wp-content\/uploads\/2025\/09\/D_789199-MLA92611215089_092025-F.jpg",824,1189,false],"2048x2048":["https:\/\/rms-enlinea.com.ar\/wp-content\/uploads\/2025\/09\/D_789199-MLA92611215089_092025-F.jpg",824,1189,false],"woocommerce_thumbnail":["https:\/\/rms-enlinea.com.ar\/wp-content\/uploads\/2025\/09\/D_789199-MLA92611215089_092025-F-450x450.jpg",450,450,true],"woocommerce_single":["https:\/\/rms-enlinea.com.ar\/wp-content\/uploads\/2025\/09\/D_789199-MLA92611215089_092025-F-600x866.jpg",600,866,true],"woocommerce_gallery_thumbnail":["https:\/\/rms-enlinea.com.ar\/wp-content\/uploads\/2025\/09\/D_789199-MLA92611215089_092025-F-100x100.jpg",100,100,true]},"uagb_author_info":{"display_name":"nelson","author_link":"https:\/\/rms-enlinea.com.ar\/tienda\/author\/"},"uagb_comment_info":0,"uagb_excerpt":"ModeloH570 TG ARGB SnowTIPO DE CAJAMid TowerDIMENSIONES (AL x AN x PR)487 x 216 x 463.6 mmPESO NETO7.5 kg \/ 16.5 lbs.PANEL LATERAL4mm Tempered Glass x 1ColorWhiteMaterialSPCCSISTEMA DE REFRIGERACI\u00d3NFront(intake):120 x 120 x 25 mm ARGB Lite fan (1000rpm, 22.3 dBA) x 3BAH\u00cdAS DE EXPANSI\u00d3N2 x 3.5, 2 x 2.5 or 4 x 2.5RANURAS DE EXPANSI\u00d3N7PLACAS&hellip;","_links":{"self":[{"href":"https:\/\/rms-enlinea.com.ar\/tienda\/wp-json\/wp\/v2\/product\/56157","targetHints":{"allow":["GET"]}}],"collection":[{"href":"https:\/\/rms-enlinea.com.ar\/tienda\/wp-json\/wp\/v2\/product"}],"about":[{"href":"https:\/\/rms-enlinea.com.ar\/tienda\/wp-json\/wp\/v2\/types\/product"}],"replies":[{"embeddable":true,"href":"https:\/\/rms-enlinea.com.ar\/tienda\/wp-json\/wp\/v2\/comments?post=56157"}],"wp:featuredmedia":[{"embeddable":true,"href":"https:\/\/rms-enlinea.com.ar\/tienda\/wp-json\/wp\/v2\/media\/56158"}],"wp:attachment":[{"href":"https:\/\/rms-enlinea.com.ar\/tienda\/wp-json\/wp\/v2\/media?parent=56157"}],"wp:term":[{"taxonomy":"product_brand","embeddable":true,"href":"https:\/\/rms-enlinea.com.ar\/tienda\/wp-json\/wp\/v2\/product_brand?post=56157"},{"taxonomy":"product_cat","embeddable":true,"href":"https:\/\/rms-enlinea.com.ar\/tienda\/wp-json\/wp\/v2\/product_cat?post=56157"},{"taxonomy":"product_tag","embeddable":true,"href":"https:\/\/rms-enlinea.com.ar\/tienda\/wp-json\/wp\/v2\/product_tag?post=56157"}],"curies":[{"name":"wp","href":"https:\/\/api.w.org\/{rel}","templated":true}]}}