{"id":56167,"date":"2025-09-16T23:20:17","date_gmt":"2025-09-17T02:20:17","guid":{"rendered":"https:\/\/rms-enlinea.com.ar\/tienda\/producto\/gabinete-thermaltake-divider-170-snow-tg-argb-2x-fan-argb\/"},"modified":"2026-04-21T06:54:31","modified_gmt":"2026-04-21T09:54:31","slug":"gabinete-thermaltake-divider-170-snow-tg-argb-2x-fan-argb","status":"publish","type":"product","link":"https:\/\/rms-enlinea.com.ar\/tienda\/producto\/gabinete-thermaltake-divider-170-snow-tg-argb-2x-fan-argb\/","title":{"rendered":"Gabinete Thermaltake Divider 170 Snow Tg Argb 2x Fan Argb"},"content":{"rendered":"<p>L\u00ednea<\/p>\n<p>Divider<br \/>Marca<\/p>\n<p>Thermaltake<br \/>C\u00f3digo universal de producto<\/p>\n<p>4713227531207<br \/>Altura<\/p>\n<p>426 cm<br \/>Incluye fuente de alimentaci\u00f3n<\/p>\n<p>No<br \/>Modelo<\/p>\n<p>Divider 170<br \/>Tipo de estructura<\/p>\n<p>Mini tower<br \/>Ancho<\/p>\n<p>210 cm<br \/>Es gamer<\/p>\n<p>S\u00ed<br \/>Condici\u00f3n del \u00edtem<\/p>\n<p>Nuevo<br \/>Largo<\/p>\n<p>405.5 cm<\/p>\n","protected":false},"excerpt":{"rendered":"<p>L\u00ednea DividerMarca ThermaltakeC\u00f3digo universal de producto 4713227531207Altura 426 cmIncluye fuente de alimentaci\u00f3n NoModelo Divider 170Tipo de estructura Mini towerAncho 210 cmEs gamer S\u00edCondici\u00f3n del \u00edtem NuevoLargo 405.5 cm<\/p>\n","protected":false},"featured_media":56168,"comment_status":"open","ping_status":"closed","template":"","meta":{"_uag_custom_page_level_css":""},"product_brand":[561],"product_cat":[109],"product_tag":[],"class_list":{"0":"post-56167","1":"product","2":"type-product","3":"status-publish","4":"has-post-thumbnail","6":"product_brand-thermaltake","7":"product_cat-gabinetes","9":"first","10":"outofstock","11":"sale","12":"taxable","13":"shipping-taxable","14":"purchasable","15":"product-type-simple"},"uagb_featured_image_src":{"full":["https:\/\/rms-enlinea.com.ar\/wp-content\/uploads\/2025\/09\/D_952658-MLA92204250496_092025-F.jpg",966,1200,false],"thumbnail":["https:\/\/rms-enlinea.com.ar\/wp-content\/uploads\/2025\/09\/D_952658-MLA92204250496_092025-F-150x150.jpg",150,150,true],"medium":["https:\/\/rms-enlinea.com.ar\/wp-content\/uploads\/2025\/09\/D_952658-MLA92204250496_092025-F-242x300.jpg",242,300,true],"medium_large":["https:\/\/rms-enlinea.com.ar\/wp-content\/uploads\/2025\/09\/D_952658-MLA92204250496_092025-F-768x954.jpg",768,954,true],"large":["https:\/\/rms-enlinea.com.ar\/wp-content\/uploads\/2025\/09\/D_952658-MLA92204250496_092025-F-824x1024.jpg",824,1024,true],"1536x1536":["https:\/\/rms-enlinea.com.ar\/wp-content\/uploads\/2025\/09\/D_952658-MLA92204250496_092025-F.jpg",966,1200,false],"2048x2048":["https:\/\/rms-enlinea.com.ar\/wp-content\/uploads\/2025\/09\/D_952658-MLA92204250496_092025-F.jpg",966,1200,false],"woocommerce_thumbnail":["https:\/\/rms-enlinea.com.ar\/wp-content\/uploads\/2025\/09\/D_952658-MLA92204250496_092025-F-450x450.jpg",450,450,true],"woocommerce_single":["https:\/\/rms-enlinea.com.ar\/wp-content\/uploads\/2025\/09\/D_952658-MLA92204250496_092025-F-600x745.jpg",600,745,true],"woocommerce_gallery_thumbnail":["https:\/\/rms-enlinea.com.ar\/wp-content\/uploads\/2025\/09\/D_952658-MLA92204250496_092025-F-100x100.jpg",100,100,true]},"uagb_author_info":{"display_name":"nelson","author_link":"https:\/\/rms-enlinea.com.ar\/tienda\/author\/"},"uagb_comment_info":0,"uagb_excerpt":"L\u00ednea DividerMarca ThermaltakeC\u00f3digo universal de producto 4713227531207Altura 426 cmIncluye fuente de alimentaci\u00f3n NoModelo Divider 170Tipo de estructura Mini towerAncho 210 cmEs gamer S\u00edCondici\u00f3n del \u00edtem NuevoLargo 405.5 cm","_links":{"self":[{"href":"https:\/\/rms-enlinea.com.ar\/tienda\/wp-json\/wp\/v2\/product\/56167","targetHints":{"allow":["GET"]}}],"collection":[{"href":"https:\/\/rms-enlinea.com.ar\/tienda\/wp-json\/wp\/v2\/product"}],"about":[{"href":"https:\/\/rms-enlinea.com.ar\/tienda\/wp-json\/wp\/v2\/types\/product"}],"replies":[{"embeddable":true,"href":"https:\/\/rms-enlinea.com.ar\/tienda\/wp-json\/wp\/v2\/comments?post=56167"}],"wp:featuredmedia":[{"embeddable":true,"href":"https:\/\/rms-enlinea.com.ar\/tienda\/wp-json\/wp\/v2\/media\/56168"}],"wp:attachment":[{"href":"https:\/\/rms-enlinea.com.ar\/tienda\/wp-json\/wp\/v2\/media?parent=56167"}],"wp:term":[{"taxonomy":"product_brand","embeddable":true,"href":"https:\/\/rms-enlinea.com.ar\/tienda\/wp-json\/wp\/v2\/product_brand?post=56167"},{"taxonomy":"product_cat","embeddable":true,"href":"https:\/\/rms-enlinea.com.ar\/tienda\/wp-json\/wp\/v2\/product_cat?post=56167"},{"taxonomy":"product_tag","embeddable":true,"href":"https:\/\/rms-enlinea.com.ar\/tienda\/wp-json\/wp\/v2\/product_tag?post=56167"}],"curies":[{"name":"wp","href":"https:\/\/api.w.org\/{rel}","templated":true}]}}