{"id":56208,"date":"2025-09-17T00:10:07","date_gmt":"2025-09-17T03:10:07","guid":{"rendered":"https:\/\/rms-enlinea.com.ar\/tienda\/producto\/gabinete-thermaltake-view-380-tg-argb-snow-white-tempered\/"},"modified":"2026-04-13T14:20:17","modified_gmt":"2026-04-13T17:20:17","slug":"gabinete-thermaltake-view-380-tg-argb-snow-white-tempered","status":"publish","type":"product","link":"https:\/\/rms-enlinea.com.ar\/tienda\/producto\/gabinete-thermaltake-view-380-tg-argb-snow-white-tempered\/","title":{"rendered":"Gabinete Thermaltake View 380 Tg Argb Snow White Tempered"},"content":{"rendered":"<p>El gabinete Thermaltake View 380 TG ARGB en color blanco es la elecci\u00f3n perfecta para los entusiastas de la inform\u00e1tica que buscan un dise\u00f1o atractivo y funcional. Con su elegante estructura mid tower, este gabinete combina sofisticaci\u00f3n y rendimiento. Fabricado en acero, pl\u00e1stico y vidrio templado, ofrece una excelente durabilidad y una vista completamente panor\u00e1mica de tu hardware.<\/p>\n<p>Dise\u00f1ado para placas madre Mini-ITX, Micro-ATX y ATX, el View 380 proporciona flexibilidad y compatibilidad para diferentes configuraciones. Adem\u00e1s, cuenta con bah\u00edas para discos duros de 3.5 y 2.5 pulgadas, facilitando la instalaci\u00f3n de almacenamiento adicional. Este dise\u00f1o no solo optimiza el flujo de aire, sino que tambi\u00e9n permite la instalaci\u00f3n de hasta diez ventiladores, garantizando un rendimiento t\u00e9rmico superior.<\/p>\n<p>Incorpora cuatro ventiladores de 120 mm que mejoran la refrigeraci\u00f3n, asegurando que tus componentes se mantengan a una temperatura \u00f3ptima incluso durante las sesiones m\u00e1s intensas de juego. El sistema de refrigeraci\u00f3n por aire est\u00e1 pensado para maximizar el rendimiento sin sacrificar el estilo. Cada aspecto del gabinete ha sido dise\u00f1ado para ofrecer una experiencia visual impactante, con iluminaci\u00f3n ARGB que brinda un toque personalizado.<\/p>\n<p>Ya sea que est\u00e9s construyendo un sistema gaming o una estaci\u00f3n de trabajo, el Thermaltake View 380 TG ARGB en Snow White es la opci\u00f3n ideal para aquellos que priorizan el rendimiento y el dise\u00f1o. Con su presentaci\u00f3n elegante y su amplio espacio interno, este gabinete est\u00e1 listo para respaldar tus proyectos m\u00e1s ambiciosos. La combinaci\u00f3n de sus caracter\u00edsticas lo convierte en un producto indispensable para los entusiastas de la tecnolog\u00eda.<\/p>\n","protected":false},"excerpt":{"rendered":"<p>El gabinete Thermaltake View 380 TG ARGB en color blanco es la elecci\u00f3n perfecta para los entusiastas de la inform\u00e1tica que buscan un dise\u00f1o atractivo y funcional. Con su elegante estructura mid tower, este gabinete combina sofisticaci\u00f3n y rendimiento. Fabricado en acero, pl\u00e1stico y vidrio templado, ofrece una excelente durabilidad y una vista completamente panor\u00e1mica [&hellip;]<\/p>\n","protected":false},"featured_media":56209,"comment_status":"open","ping_status":"closed","template":"","meta":{"_uag_custom_page_level_css":""},"product_brand":[561],"product_cat":[109],"product_tag":[],"class_list":{"0":"post-56208","1":"product","2":"type-product","3":"status-publish","4":"has-post-thumbnail","6":"product_brand-thermaltake","7":"product_cat-gabinetes","9":"first","10":"outofstock","11":"sale","12":"taxable","13":"shipping-taxable","14":"purchasable","15":"product-type-simple"},"uagb_featured_image_src":{"full":["https:\/\/rms-enlinea.com.ar\/wp-content\/uploads\/2025\/09\/D_629567-MLA92614256785_092025-F.jpg",1074,1199,false],"thumbnail":["https:\/\/rms-enlinea.com.ar\/wp-content\/uploads\/2025\/09\/D_629567-MLA92614256785_092025-F-150x150.jpg",150,150,true],"medium":["https:\/\/rms-enlinea.com.ar\/wp-content\/uploads\/2025\/09\/D_629567-MLA92614256785_092025-F-269x300.jpg",269,300,true],"medium_large":["https:\/\/rms-enlinea.com.ar\/wp-content\/uploads\/2025\/09\/D_629567-MLA92614256785_092025-F-768x857.jpg",768,857,true],"large":["https:\/\/rms-enlinea.com.ar\/wp-content\/uploads\/2025\/09\/D_629567-MLA92614256785_092025-F-917x1024.jpg",917,1024,true],"1536x1536":["https:\/\/rms-enlinea.com.ar\/wp-content\/uploads\/2025\/09\/D_629567-MLA92614256785_092025-F.jpg",1074,1199,false],"2048x2048":["https:\/\/rms-enlinea.com.ar\/wp-content\/uploads\/2025\/09\/D_629567-MLA92614256785_092025-F.jpg",1074,1199,false],"woocommerce_thumbnail":["https:\/\/rms-enlinea.com.ar\/wp-content\/uploads\/2025\/09\/D_629567-MLA92614256785_092025-F-450x450.jpg",450,450,true],"woocommerce_single":["https:\/\/rms-enlinea.com.ar\/wp-content\/uploads\/2025\/09\/D_629567-MLA92614256785_092025-F-600x670.jpg",600,670,true],"woocommerce_gallery_thumbnail":["https:\/\/rms-enlinea.com.ar\/wp-content\/uploads\/2025\/09\/D_629567-MLA92614256785_092025-F-100x100.jpg",100,100,true]},"uagb_author_info":{"display_name":"nelson","author_link":"https:\/\/rms-enlinea.com.ar\/tienda\/author\/"},"uagb_comment_info":0,"uagb_excerpt":"El gabinete Thermaltake View 380 TG ARGB en color blanco es la elecci\u00f3n perfecta para los entusiastas de la inform\u00e1tica que buscan un dise\u00f1o atractivo y funcional. Con su elegante estructura mid tower, este gabinete combina sofisticaci\u00f3n y rendimiento. Fabricado en acero, pl\u00e1stico y vidrio templado, ofrece una excelente durabilidad y una vista completamente panor\u00e1mica&hellip;","_links":{"self":[{"href":"https:\/\/rms-enlinea.com.ar\/tienda\/wp-json\/wp\/v2\/product\/56208","targetHints":{"allow":["GET"]}}],"collection":[{"href":"https:\/\/rms-enlinea.com.ar\/tienda\/wp-json\/wp\/v2\/product"}],"about":[{"href":"https:\/\/rms-enlinea.com.ar\/tienda\/wp-json\/wp\/v2\/types\/product"}],"replies":[{"embeddable":true,"href":"https:\/\/rms-enlinea.com.ar\/tienda\/wp-json\/wp\/v2\/comments?post=56208"}],"wp:featuredmedia":[{"embeddable":true,"href":"https:\/\/rms-enlinea.com.ar\/tienda\/wp-json\/wp\/v2\/media\/56209"}],"wp:attachment":[{"href":"https:\/\/rms-enlinea.com.ar\/tienda\/wp-json\/wp\/v2\/media?parent=56208"}],"wp:term":[{"taxonomy":"product_brand","embeddable":true,"href":"https:\/\/rms-enlinea.com.ar\/tienda\/wp-json\/wp\/v2\/product_brand?post=56208"},{"taxonomy":"product_cat","embeddable":true,"href":"https:\/\/rms-enlinea.com.ar\/tienda\/wp-json\/wp\/v2\/product_cat?post=56208"},{"taxonomy":"product_tag","embeddable":true,"href":"https:\/\/rms-enlinea.com.ar\/tienda\/wp-json\/wp\/v2\/product_tag?post=56208"}],"curies":[{"name":"wp","href":"https:\/\/api.w.org\/{rel}","templated":true}]}}