{"id":56214,"date":"2025-09-17T03:00:13","date_gmt":"2025-09-17T06:00:13","guid":{"rendered":"https:\/\/rms-enlinea.com.ar\/tienda\/producto\/bafle-activo-15-pulgadas-2-vias-450w-ampro-tecshow-bam-mk2-a\/"},"modified":"2026-04-21T04:52:39","modified_gmt":"2026-04-21T07:52:39","slug":"bafle-activo-15-pulgadas-2-vias-450w-ampro-tecshow-bam-mk2-a","status":"publish","type":"product","link":"https:\/\/rms-enlinea.com.ar\/tienda\/producto\/bafle-activo-15-pulgadas-2-vias-450w-ampro-tecshow-bam-mk2-a\/","title":{"rendered":"Bafle Activo 15 Pulgadas 2 Vias 450w Ampro Tecshow Bam-mk2-a"},"content":{"rendered":"<p>*importante* Se entrega el nuevo modelo mejorado BAM-MKII15A-BT versi\u00f3n 2023. el cual reemplaza al viejo BAM-MK2-A.<\/p>\n<p>\u00a1Presentamos el BAM-MKII15A-BT! Con mejoras significativas en la etapa del Bluetooth STEREO, nuestro producto ofrece una conectividad m\u00e1s fluida y una calidad de audio excepcional.<\/p>\n<p>Bam MKII 15A BT, es un altavoz autoamplificado de 1 x 15\u2019\u2019 BF \/ 1 x 1\u2019\u2019 AF con bobinas m\u00f3viles duales de 2\u2019\u2019 y una salida de potencia de 450W RMS con una respuesta de frecuencia de 40-18KHz (\u201310 dB). Esta versi\u00f3n cuenta con una nueva placa para reproducci\u00f3n v\u00eda Bluetooth que perfecciona la se\u00f1al. La unidad viene con entradas\/salidas combo de RCA, XLR\/1\/4\u201d y salida de NL4. El renovado gabinete de Bam MKII 15A BT est\u00e1 realizado en copol\u00edmero resistente al impacto y es ideal para aplicaciones m\u00f3viles o comerciales.<\/p>\n<p>COMPONENTES<br \/>\n&#8211; LF: 15&#8243; ALTAVOZ DUAL<br \/>\n&#8211; HF: 1&#8243; DRIVER DE COMPRESI\u00d3N DE TITANIO<\/p>\n<p>CARACTER\u00cdSTICAS<br \/>\nSISTEMA AUTOAMPLIFICADO A DOS V\u00cdAS DE 15\u201d<br \/>\nSALIDA DE POTENCIA: 450W RMS \/ 1000W PEAK<br \/>\nSENSIBILIDAD: 89DB \/W\/M<br \/>\nPICO SPL @ 1M: 112 DB<br \/>\nDISPERSI\u00d3N NOMINAL (HXV): 90\u00baX60\u00ba<\/p>\n<p>AMPLIFICADOR &amp; CONTROL<br \/>\nSALIDA DE POTENCIA:<br \/>\n&#8211; LF: 350W<br \/>\n&#8211; HF: 100W<br \/>\nFRECUENCIA DE CROSSOVER : 2.5KHZ<br \/>\nRESPUESTA DE FRECUENCIA: (-10DB): 40-18KHZ<br \/>\nTHD: MENOS QUE 0.1% @ +4DBU, 1KHZ<br \/>\nIMPEDANCIA DE SALIDA: 4OHM<br \/>\nINDICADOR DE PICO<br \/>\nCONTROL: VOLUMEN PRINCIPAL, NIVEL MP3, MIC, NIVELES DE L\u00cdNEA &amp; ECUALIZACI\u00d3N A 2 BANDAS<br \/>\nCONECTIVIDAD BLUETOOTH<\/p>\n<p>CONECTORES<br \/>\n2 XLR ENTRADA<br \/>\n1 ENTRADA RCA<br \/>\n1 1\/4&#8243; TRS ENTRADA PLUG<br \/>\n1 XLR SALIDA<br \/>\n1 1\/4&#8243; TRS SALIDA PLUG<br \/>\n1 NL4 SALIDA ALTAVOZ<\/p>\n<p>F\u00cdSICO<br \/>\nINTERRUPTOR DE ENCENDIDO<br \/>\nDIMENSIONES: 485X400X740 MM. \/ 19X16X29 PULG<br \/>\nPESO: 14 KG. \/ 31 LBS<\/p>\n","protected":false},"excerpt":{"rendered":"<p>*importante* Se entrega el nuevo modelo mejorado BAM-MKII15A-BT versi\u00f3n 2023. el cual reemplaza al viejo BAM-MK2-A. \u00a1Presentamos el BAM-MKII15A-BT! Con mejoras significativas en la etapa del Bluetooth STEREO, nuestro producto ofrece una conectividad m\u00e1s fluida y una calidad de audio excepcional. Bam MKII 15A BT, es un altavoz autoamplificado de 1 x 15\u2019\u2019 BF \/ [&hellip;]<\/p>\n","protected":false},"featured_media":56215,"comment_status":"open","ping_status":"closed","template":"","meta":{"_uag_custom_page_level_css":""},"product_brand":[477],"product_cat":[36,15],"product_tag":[],"class_list":{"0":"post-56214","1":"product","2":"type-product","3":"status-publish","4":"has-post-thumbnail","6":"product_brand-ampro","7":"product_cat-bafles","8":"product_cat-sin-categorizar","10":"first","11":"outofstock","12":"sale","13":"taxable","14":"shipping-taxable","15":"purchasable","16":"product-type-simple"},"uagb_featured_image_src":{"full":["https:\/\/rms-enlinea.com.ar\/wp-content\/uploads\/2025\/09\/D_624605-MLA92219455498_092025-F.jpg",726,1126,false],"thumbnail":["https:\/\/rms-enlinea.com.ar\/wp-content\/uploads\/2025\/09\/D_624605-MLA92219455498_092025-F-150x150.jpg",150,150,true],"medium":["https:\/\/rms-enlinea.com.ar\/wp-content\/uploads\/2025\/09\/D_624605-MLA92219455498_092025-F-193x300.jpg",193,300,true],"medium_large":["https:\/\/rms-enlinea.com.ar\/wp-content\/uploads\/2025\/09\/D_624605-MLA92219455498_092025-F.jpg",726,1126,false],"large":["https:\/\/rms-enlinea.com.ar\/wp-content\/uploads\/2025\/09\/D_624605-MLA92219455498_092025-F-660x1024.jpg",660,1024,true],"1536x1536":["https:\/\/rms-enlinea.com.ar\/wp-content\/uploads\/2025\/09\/D_624605-MLA92219455498_092025-F.jpg",726,1126,false],"2048x2048":["https:\/\/rms-enlinea.com.ar\/wp-content\/uploads\/2025\/09\/D_624605-MLA92219455498_092025-F.jpg",726,1126,false],"woocommerce_thumbnail":["https:\/\/rms-enlinea.com.ar\/wp-content\/uploads\/2025\/09\/D_624605-MLA92219455498_092025-F-450x450.jpg",450,450,true],"woocommerce_single":["https:\/\/rms-enlinea.com.ar\/wp-content\/uploads\/2025\/09\/D_624605-MLA92219455498_092025-F-600x931.jpg",600,931,true],"woocommerce_gallery_thumbnail":["https:\/\/rms-enlinea.com.ar\/wp-content\/uploads\/2025\/09\/D_624605-MLA92219455498_092025-F-100x100.jpg",100,100,true]},"uagb_author_info":{"display_name":"nelson","author_link":"https:\/\/rms-enlinea.com.ar\/tienda\/author\/"},"uagb_comment_info":0,"uagb_excerpt":"*importante* Se entrega el nuevo modelo mejorado BAM-MKII15A-BT versi\u00f3n 2023. el cual reemplaza al viejo BAM-MK2-A. \u00a1Presentamos el BAM-MKII15A-BT! Con mejoras significativas en la etapa del Bluetooth STEREO, nuestro producto ofrece una conectividad m\u00e1s fluida y una calidad de audio excepcional. Bam MKII 15A BT, es un altavoz autoamplificado de 1 x 15\u2019\u2019 BF \/&hellip;","_links":{"self":[{"href":"https:\/\/rms-enlinea.com.ar\/tienda\/wp-json\/wp\/v2\/product\/56214","targetHints":{"allow":["GET"]}}],"collection":[{"href":"https:\/\/rms-enlinea.com.ar\/tienda\/wp-json\/wp\/v2\/product"}],"about":[{"href":"https:\/\/rms-enlinea.com.ar\/tienda\/wp-json\/wp\/v2\/types\/product"}],"replies":[{"embeddable":true,"href":"https:\/\/rms-enlinea.com.ar\/tienda\/wp-json\/wp\/v2\/comments?post=56214"}],"wp:featuredmedia":[{"embeddable":true,"href":"https:\/\/rms-enlinea.com.ar\/tienda\/wp-json\/wp\/v2\/media\/56215"}],"wp:attachment":[{"href":"https:\/\/rms-enlinea.com.ar\/tienda\/wp-json\/wp\/v2\/media?parent=56214"}],"wp:term":[{"taxonomy":"product_brand","embeddable":true,"href":"https:\/\/rms-enlinea.com.ar\/tienda\/wp-json\/wp\/v2\/product_brand?post=56214"},{"taxonomy":"product_cat","embeddable":true,"href":"https:\/\/rms-enlinea.com.ar\/tienda\/wp-json\/wp\/v2\/product_cat?post=56214"},{"taxonomy":"product_tag","embeddable":true,"href":"https:\/\/rms-enlinea.com.ar\/tienda\/wp-json\/wp\/v2\/product_tag?post=56214"}],"curies":[{"name":"wp","href":"https:\/\/api.w.org\/{rel}","templated":true}]}}