{"id":56236,"date":"2025-09-17T10:20:12","date_gmt":"2025-09-17T13:20:12","guid":{"rendered":"https:\/\/rms-enlinea.com.ar\/tienda\/producto\/gabinete-thermaltake-view-390-air-snow-white-tempered-glass\/"},"modified":"2026-04-06T12:46:34","modified_gmt":"2026-04-06T15:46:34","slug":"gabinete-thermaltake-view-390-air-snow-white-tempered-glass","status":"publish","type":"product","link":"https:\/\/rms-enlinea.com.ar\/tienda\/producto\/gabinete-thermaltake-view-390-air-snow-white-tempered-glass\/","title":{"rendered":"Gabinete Thermaltake View 390 Air Snow White Tempered Glass"},"content":{"rendered":"<p>P\/N CA-11F-00M6WN-00<br \/>La serie View<br \/>TIPO DE CAJA Mid Tower<br \/>DIMENSIONES (AL x AN x PR) 503 x 287 x 485mm<br \/>PANEL LATERAL 4mm Tempered Glass x 1<br \/>Color Snow<br \/>Material SPCC<br \/>SISTEMA DE REFRIGERACI\u00d3N Rear (exhaust): 120 x 120 x 25 mm CT120 fan (500~2000rpm, 25.8 dBA) x 2<br \/>BAH\u00cdAS DE EXPANSI\u00d3N 2 x 3.5\u201d , 1 x 2.5\u201d or 3 x 2.5\u201d<br \/>RANURAS DE EXPANSI\u00d3N 7<br \/>PLACAS BASE 6.7\u201d x 6.7\u201d (Mini ITX), 9.6\u201d x 9.6\u201d (Micro ATX), 12\u201d x 9.6\u201d (ATX)<\/p>\n","protected":false},"excerpt":{"rendered":"<p>P\/N CA-11F-00M6WN-00La serie ViewTIPO DE CAJA Mid TowerDIMENSIONES (AL x AN x PR) 503 x 287 x 485mmPANEL LATERAL 4mm Tempered Glass x 1Color SnowMaterial SPCCSISTEMA DE REFRIGERACI\u00d3N Rear (exhaust): 120 x 120 x 25 mm CT120 fan (500~2000rpm, 25.8 dBA) x 2BAH\u00cdAS DE EXPANSI\u00d3N 2 x 3.5\u201d , 1 x 2.5\u201d or 3 x [&hellip;]<\/p>\n","protected":false},"featured_media":56237,"comment_status":"open","ping_status":"closed","template":"","meta":{"_uag_custom_page_level_css":""},"product_brand":[561],"product_cat":[109],"product_tag":[],"class_list":{"0":"post-56236","1":"product","2":"type-product","3":"status-publish","4":"has-post-thumbnail","6":"product_brand-thermaltake","7":"product_cat-gabinetes","9":"first","10":"instock","11":"sale","12":"taxable","13":"shipping-taxable","14":"purchasable","15":"product-type-simple"},"uagb_featured_image_src":{"full":["https:\/\/rms-enlinea.com.ar\/wp-content\/uploads\/2025\/09\/D_956437-MLA92263347784_092025-F.jpg",619,705,false],"thumbnail":["https:\/\/rms-enlinea.com.ar\/wp-content\/uploads\/2025\/09\/D_956437-MLA92263347784_092025-F-150x150.jpg",150,150,true],"medium":["https:\/\/rms-enlinea.com.ar\/wp-content\/uploads\/2025\/09\/D_956437-MLA92263347784_092025-F-263x300.jpg",263,300,true],"medium_large":["https:\/\/rms-enlinea.com.ar\/wp-content\/uploads\/2025\/09\/D_956437-MLA92263347784_092025-F.jpg",619,705,false],"large":["https:\/\/rms-enlinea.com.ar\/wp-content\/uploads\/2025\/09\/D_956437-MLA92263347784_092025-F.jpg",619,705,false],"1536x1536":["https:\/\/rms-enlinea.com.ar\/wp-content\/uploads\/2025\/09\/D_956437-MLA92263347784_092025-F.jpg",619,705,false],"2048x2048":["https:\/\/rms-enlinea.com.ar\/wp-content\/uploads\/2025\/09\/D_956437-MLA92263347784_092025-F.jpg",619,705,false],"woocommerce_thumbnail":["https:\/\/rms-enlinea.com.ar\/wp-content\/uploads\/2025\/09\/D_956437-MLA92263347784_092025-F-450x450.jpg",450,450,true],"woocommerce_single":["https:\/\/rms-enlinea.com.ar\/wp-content\/uploads\/2025\/09\/D_956437-MLA92263347784_092025-F-600x683.jpg",600,683,true],"woocommerce_gallery_thumbnail":["https:\/\/rms-enlinea.com.ar\/wp-content\/uploads\/2025\/09\/D_956437-MLA92263347784_092025-F-100x100.jpg",100,100,true]},"uagb_author_info":{"display_name":"nelson","author_link":"https:\/\/rms-enlinea.com.ar\/tienda\/author\/"},"uagb_comment_info":0,"uagb_excerpt":"P\/N CA-11F-00M6WN-00La serie ViewTIPO DE CAJA Mid TowerDIMENSIONES (AL x AN x PR) 503 x 287 x 485mmPANEL LATERAL 4mm Tempered Glass x 1Color SnowMaterial SPCCSISTEMA DE REFRIGERACI\u00d3N Rear (exhaust): 120 x 120 x 25 mm CT120 fan (500~2000rpm, 25.8 dBA) x 2BAH\u00cdAS DE EXPANSI\u00d3N 2 x 3.5\u201d , 1 x 2.5\u201d or 3 x&hellip;","_links":{"self":[{"href":"https:\/\/rms-enlinea.com.ar\/tienda\/wp-json\/wp\/v2\/product\/56236","targetHints":{"allow":["GET"]}}],"collection":[{"href":"https:\/\/rms-enlinea.com.ar\/tienda\/wp-json\/wp\/v2\/product"}],"about":[{"href":"https:\/\/rms-enlinea.com.ar\/tienda\/wp-json\/wp\/v2\/types\/product"}],"replies":[{"embeddable":true,"href":"https:\/\/rms-enlinea.com.ar\/tienda\/wp-json\/wp\/v2\/comments?post=56236"}],"wp:featuredmedia":[{"embeddable":true,"href":"https:\/\/rms-enlinea.com.ar\/tienda\/wp-json\/wp\/v2\/media\/56237"}],"wp:attachment":[{"href":"https:\/\/rms-enlinea.com.ar\/tienda\/wp-json\/wp\/v2\/media?parent=56236"}],"wp:term":[{"taxonomy":"product_brand","embeddable":true,"href":"https:\/\/rms-enlinea.com.ar\/tienda\/wp-json\/wp\/v2\/product_brand?post=56236"},{"taxonomy":"product_cat","embeddable":true,"href":"https:\/\/rms-enlinea.com.ar\/tienda\/wp-json\/wp\/v2\/product_cat?post=56236"},{"taxonomy":"product_tag","embeddable":true,"href":"https:\/\/rms-enlinea.com.ar\/tienda\/wp-json\/wp\/v2\/product_tag?post=56236"}],"curies":[{"name":"wp","href":"https:\/\/api.w.org\/{rel}","templated":true}]}}