{"id":56258,"date":"2025-09-17T11:00:50","date_gmt":"2025-09-17T14:00:50","guid":{"rendered":"https:\/\/rms-enlinea.com.ar\/tienda\/producto\/cable-repuesto-mini-xlr-4-pines-jts-microfonos-801c4\/"},"modified":"2026-04-11T01:31:30","modified_gmt":"2026-04-11T04:31:30","slug":"cable-repuesto-mini-xlr-4-pines-jts-microfonos-801c4","status":"publish","type":"product","link":"https:\/\/rms-enlinea.com.ar\/tienda\/producto\/cable-repuesto-mini-xlr-4-pines-jts-microfonos-801c4\/","title":{"rendered":"Cable Repuesto Mini Xlr 4 Pines Jts Microfonos 801c4"},"content":{"rendered":"<p>ESPECIFICACIONES T\u00c9CNICAS<br \/>\nMARCA: JTS<br \/>\nMODELO: 801C4<br \/>\nDESCRIPCI\u00d3N: CABLE DE CONEXI\u00d3N<br \/>\nCOLOR: BEIGE<br \/>\nADECUADO PARA: CM-801F, CM-804IF, CM-214F, CM-214ULF, CM-235IF, CM-235IB<br \/>\nLARGO: 1,5 M<br \/>\nPESO: 12 G<br \/>\nCONEXIONES: CONECTOR MINI XLR DE 4 POLOS<br \/>\nUNIDAD DE EMBALAJE: 1<br \/>\nDIMENSIONES DEL EMBALAJE (AN X AL X L) 0,085 X 0,01 X 0,12 M<br \/>\nPESO BRUTO: 0,018 KILOGRAMOS<br \/>\nPESO NETO: 0,012 KILOGRAMOS<\/p>\n","protected":false},"excerpt":{"rendered":"<p>ESPECIFICACIONES T\u00c9CNICAS MARCA: JTS MODELO: 801C4 DESCRIPCI\u00d3N: CABLE DE CONEXI\u00d3N COLOR: BEIGE ADECUADO PARA: CM-801F, CM-804IF, CM-214F, CM-214ULF, CM-235IF, CM-235IB LARGO: 1,5 M PESO: 12 G CONEXIONES: CONECTOR MINI XLR DE 4 POLOS UNIDAD DE EMBALAJE: 1 DIMENSIONES DEL EMBALAJE (AN X AL X L) 0,085 X 0,01 X 0,12 M PESO BRUTO: 0,018 KILOGRAMOS [&hellip;]<\/p>\n","protected":false},"featured_media":27984,"comment_status":"open","ping_status":"closed","template":"","meta":{"_uag_custom_page_level_css":""},"product_brand":[488],"product_cat":[57,15],"product_tag":[],"class_list":{"0":"post-56258","1":"product","2":"type-product","3":"status-publish","4":"has-post-thumbnail","6":"product_brand-jts","7":"product_cat-cables","8":"product_cat-sin-categorizar","10":"first","11":"outofstock","12":"sale","13":"taxable","14":"shipping-taxable","15":"purchasable","16":"product-type-simple"},"uagb_featured_image_src":{"full":["https:\/\/rms-enlinea.com.ar\/wp-content\/uploads\/2025\/06\/D_808646-MLA47810459452_102021-F.jpg",1136,557,false],"thumbnail":["https:\/\/rms-enlinea.com.ar\/wp-content\/uploads\/2025\/06\/D_808646-MLA47810459452_102021-F-150x150.jpg",150,150,true],"medium":["https:\/\/rms-enlinea.com.ar\/wp-content\/uploads\/2025\/06\/D_808646-MLA47810459452_102021-F-300x147.jpg",300,147,true],"medium_large":["https:\/\/rms-enlinea.com.ar\/wp-content\/uploads\/2025\/06\/D_808646-MLA47810459452_102021-F-768x377.jpg",768,377,true],"large":["https:\/\/rms-enlinea.com.ar\/wp-content\/uploads\/2025\/06\/D_808646-MLA47810459452_102021-F-1024x502.jpg",1024,502,true],"1536x1536":["https:\/\/rms-enlinea.com.ar\/wp-content\/uploads\/2025\/06\/D_808646-MLA47810459452_102021-F.jpg",1136,557,false],"2048x2048":["https:\/\/rms-enlinea.com.ar\/wp-content\/uploads\/2025\/06\/D_808646-MLA47810459452_102021-F.jpg",1136,557,false],"woocommerce_thumbnail":["https:\/\/rms-enlinea.com.ar\/wp-content\/uploads\/2025\/06\/D_808646-MLA47810459452_102021-F-450x450.jpg",450,450,true],"woocommerce_single":["https:\/\/rms-enlinea.com.ar\/wp-content\/uploads\/2025\/06\/D_808646-MLA47810459452_102021-F-600x294.jpg",600,294,true],"woocommerce_gallery_thumbnail":["https:\/\/rms-enlinea.com.ar\/wp-content\/uploads\/2025\/06\/D_808646-MLA47810459452_102021-F-100x100.jpg",100,100,true]},"uagb_author_info":{"display_name":"nelson","author_link":"https:\/\/rms-enlinea.com.ar\/tienda\/author\/"},"uagb_comment_info":0,"uagb_excerpt":"ESPECIFICACIONES T\u00c9CNICAS MARCA: JTS MODELO: 801C4 DESCRIPCI\u00d3N: CABLE DE CONEXI\u00d3N COLOR: BEIGE ADECUADO PARA: CM-801F, CM-804IF, CM-214F, CM-214ULF, CM-235IF, CM-235IB LARGO: 1,5 M PESO: 12 G CONEXIONES: CONECTOR MINI XLR DE 4 POLOS UNIDAD DE EMBALAJE: 1 DIMENSIONES DEL EMBALAJE (AN X AL X L) 0,085 X 0,01 X 0,12 M PESO BRUTO: 0,018 KILOGRAMOS&hellip;","_links":{"self":[{"href":"https:\/\/rms-enlinea.com.ar\/tienda\/wp-json\/wp\/v2\/product\/56258","targetHints":{"allow":["GET"]}}],"collection":[{"href":"https:\/\/rms-enlinea.com.ar\/tienda\/wp-json\/wp\/v2\/product"}],"about":[{"href":"https:\/\/rms-enlinea.com.ar\/tienda\/wp-json\/wp\/v2\/types\/product"}],"replies":[{"embeddable":true,"href":"https:\/\/rms-enlinea.com.ar\/tienda\/wp-json\/wp\/v2\/comments?post=56258"}],"wp:featuredmedia":[{"embeddable":true,"href":"https:\/\/rms-enlinea.com.ar\/tienda\/wp-json\/wp\/v2\/media\/27984"}],"wp:attachment":[{"href":"https:\/\/rms-enlinea.com.ar\/tienda\/wp-json\/wp\/v2\/media?parent=56258"}],"wp:term":[{"taxonomy":"product_brand","embeddable":true,"href":"https:\/\/rms-enlinea.com.ar\/tienda\/wp-json\/wp\/v2\/product_brand?post=56258"},{"taxonomy":"product_cat","embeddable":true,"href":"https:\/\/rms-enlinea.com.ar\/tienda\/wp-json\/wp\/v2\/product_cat?post=56258"},{"taxonomy":"product_tag","embeddable":true,"href":"https:\/\/rms-enlinea.com.ar\/tienda\/wp-json\/wp\/v2\/product_tag?post=56258"}],"curies":[{"name":"wp","href":"https:\/\/api.w.org\/{rel}","templated":true}]}}