{"id":56302,"date":"2025-09-17T17:53:19","date_gmt":"2025-09-17T20:53:19","guid":{"rendered":"https:\/\/rms-enlinea.com.ar\/tienda\/producto\/kit-x-3-cooler-tt-thermaltake-ct120-ex-argb-sync-white\/"},"modified":"2026-03-29T14:30:29","modified_gmt":"2026-03-29T17:30:29","slug":"kit-x-3-cooler-tt-thermaltake-ct120-ex-argb-sync-white","status":"publish","type":"product","link":"https:\/\/rms-enlinea.com.ar\/tienda\/producto\/kit-x-3-cooler-tt-thermaltake-ct120-ex-argb-sync-white\/","title":{"rendered":"Kit X 3 Cooler Tt Thermaltake Ct120 Ex Argb Sync White"},"content":{"rendered":"<p>Dimensi\u00f3n del ventilador: 120 x 120 x 25 mm.<br \/>Voltaje iniciado: 5V.<br \/>Corriente nominal: 0,19 A y 0,32 A (un ventilador).<br \/>Voltaje nominal: 12 V y 5 V.<br \/>Entrada de potencia: 2,28 W y 1,6 W (un ventilador).<br \/>Presi\u00f3n de aire m\u00e1xima: 2,95 mm H2O.<br \/>Flujo de aire m\u00e1ximo: 68 pies c\u00fabicos por minuto.<br \/>Ruido: 28,5 dB-A.<\/p>\n","protected":false},"excerpt":{"rendered":"<p>Dimensi\u00f3n del ventilador: 120 x 120 x 25 mm.Voltaje iniciado: 5V.Corriente nominal: 0,19 A y 0,32 A (un ventilador).Voltaje nominal: 12 V y 5 V.Entrada de potencia: 2,28 W y 1,6 W (un ventilador).Presi\u00f3n de aire m\u00e1xima: 2,95 mm H2O.Flujo de aire m\u00e1ximo: 68 pies c\u00fabicos por minuto.Ruido: 28,5 dB-A.<\/p>\n","protected":false},"featured_media":56303,"comment_status":"open","ping_status":"closed","template":"","meta":{"_uag_custom_page_level_css":""},"product_brand":[561],"product_cat":[105],"product_tag":[],"class_list":{"0":"post-56302","1":"product","2":"type-product","3":"status-publish","4":"has-post-thumbnail","6":"product_brand-thermaltake","7":"product_cat-cooler-y-sistemas-de-refrigeracion","9":"first","10":"instock","11":"sale","12":"taxable","13":"shipping-taxable","14":"purchasable","15":"product-type-simple"},"uagb_featured_image_src":{"full":["https:\/\/rms-enlinea.com.ar\/wp-content\/uploads\/2025\/09\/D_940143-MLA92700422553_092025-F.jpg",1040,1200,false],"thumbnail":["https:\/\/rms-enlinea.com.ar\/wp-content\/uploads\/2025\/09\/D_940143-MLA92700422553_092025-F-150x150.jpg",150,150,true],"medium":["https:\/\/rms-enlinea.com.ar\/wp-content\/uploads\/2025\/09\/D_940143-MLA92700422553_092025-F-260x300.jpg",260,300,true],"medium_large":["https:\/\/rms-enlinea.com.ar\/wp-content\/uploads\/2025\/09\/D_940143-MLA92700422553_092025-F-768x886.jpg",768,886,true],"large":["https:\/\/rms-enlinea.com.ar\/wp-content\/uploads\/2025\/09\/D_940143-MLA92700422553_092025-F-887x1024.jpg",887,1024,true],"1536x1536":["https:\/\/rms-enlinea.com.ar\/wp-content\/uploads\/2025\/09\/D_940143-MLA92700422553_092025-F.jpg",1040,1200,false],"2048x2048":["https:\/\/rms-enlinea.com.ar\/wp-content\/uploads\/2025\/09\/D_940143-MLA92700422553_092025-F.jpg",1040,1200,false],"woocommerce_thumbnail":["https:\/\/rms-enlinea.com.ar\/wp-content\/uploads\/2025\/09\/D_940143-MLA92700422553_092025-F-450x450.jpg",450,450,true],"woocommerce_single":["https:\/\/rms-enlinea.com.ar\/wp-content\/uploads\/2025\/09\/D_940143-MLA92700422553_092025-F-600x692.jpg",600,692,true],"woocommerce_gallery_thumbnail":["https:\/\/rms-enlinea.com.ar\/wp-content\/uploads\/2025\/09\/D_940143-MLA92700422553_092025-F-100x100.jpg",100,100,true]},"uagb_author_info":{"display_name":"nelson","author_link":"https:\/\/rms-enlinea.com.ar\/tienda\/author\/"},"uagb_comment_info":0,"uagb_excerpt":"Dimensi\u00f3n del ventilador: 120 x 120 x 25 mm.Voltaje iniciado: 5V.Corriente nominal: 0,19 A y 0,32 A (un ventilador).Voltaje nominal: 12 V y 5 V.Entrada de potencia: 2,28 W y 1,6 W (un ventilador).Presi\u00f3n de aire m\u00e1xima: 2,95 mm H2O.Flujo de aire m\u00e1ximo: 68 pies c\u00fabicos por minuto.Ruido: 28,5 dB-A.","_links":{"self":[{"href":"https:\/\/rms-enlinea.com.ar\/tienda\/wp-json\/wp\/v2\/product\/56302","targetHints":{"allow":["GET"]}}],"collection":[{"href":"https:\/\/rms-enlinea.com.ar\/tienda\/wp-json\/wp\/v2\/product"}],"about":[{"href":"https:\/\/rms-enlinea.com.ar\/tienda\/wp-json\/wp\/v2\/types\/product"}],"replies":[{"embeddable":true,"href":"https:\/\/rms-enlinea.com.ar\/tienda\/wp-json\/wp\/v2\/comments?post=56302"}],"wp:featuredmedia":[{"embeddable":true,"href":"https:\/\/rms-enlinea.com.ar\/tienda\/wp-json\/wp\/v2\/media\/56303"}],"wp:attachment":[{"href":"https:\/\/rms-enlinea.com.ar\/tienda\/wp-json\/wp\/v2\/media?parent=56302"}],"wp:term":[{"taxonomy":"product_brand","embeddable":true,"href":"https:\/\/rms-enlinea.com.ar\/tienda\/wp-json\/wp\/v2\/product_brand?post=56302"},{"taxonomy":"product_cat","embeddable":true,"href":"https:\/\/rms-enlinea.com.ar\/tienda\/wp-json\/wp\/v2\/product_cat?post=56302"},{"taxonomy":"product_tag","embeddable":true,"href":"https:\/\/rms-enlinea.com.ar\/tienda\/wp-json\/wp\/v2\/product_tag?post=56302"}],"curies":[{"name":"wp","href":"https:\/\/api.w.org\/{rel}","templated":true}]}}